{"id":3197,"date":"2018-12-06T15:09:31","date_gmt":"2018-12-06T14:09:31","guid":{"rendered":"http:\/\/www.enviroscop.fr\/actu\/?page_id=3197"},"modified":"2026-03-26T11:55:24","modified_gmt":"2026-03-26T10:55:24","slug":"recrutement-2","status":"publish","type":"page","link":"https:\/\/www.enviroscop.fr\/actu\/recrutement-2\/","title":{"rendered":"Recrutement"},"content":{"rendered":"<div style=\"width: 750px;\" class=\"wp-video\"><video class=\"wp-video-shortcode\" id=\"video-3197-1\" width=\"750\" height=\"422\" loop autoplay preload=\"auto\" controls=\"controls\"><source type=\"video\/mp4\" src=\"https:\/\/www.enviroscop.fr\/actu\/wp-content\/uploads\/2022\/06\/Recrutement-2022.mp4?_=1\" \/><a href=\"https:\/\/www.enviroscop.fr\/actu\/wp-content\/uploads\/2022\/06\/Recrutement-2022.mp4\">https:\/\/www.enviroscop.fr\/actu\/wp-content\/uploads\/2022\/06\/Recrutement-2022.mp4<\/a><\/video><\/div>\n<h1><\/h1>\n<h4>Vous avez r\u00e9pondu \u00ab\u00a0OUI\u00a0\u00bb \u00e0 ces quatre questions ?<\/h4>\n<h4>Votre candidature part bien pour les \u00ab\u00a0softskills\u00a0\u00bb voyons maintenant votre profil&#8230;<\/h4>\n<p>&nbsp;<\/p>\n<p>L&rsquo;Environnement, ce n&rsquo;est pas une sp\u00e9cialit\u00e9, mais des sp\u00e9cialit\u00e9s, alors, si vous \u00eates \u00ab\u00a0ing\u00e9nieur environnement\u00a0\u00bb avec un \u00ab\u00a0\u0153il diff\u00e9rent\u00a0\u00bb (paysage, nature, acoustique, p\u00e9dologie, hydrologie&#8230;) ou g\u00e9n\u00e9raliste, vous \u00eates sur le bon chemin !<\/p>\n<p>Notre projet d&rsquo;entreprise n&rsquo;est pas de grossir outre mesure, mais si vous \u00eates pr\u00eat.e \u00e0 partager votre savoir-faire, en rejoignant notre \u00e9quipe, vous aurez l\u2019opportunit\u00e9 de le d\u00e9velopper au travers de missions vari\u00e9es qui nous permettront de monter coop\u00e9rativement en comp\u00e9tence.<\/p>\n<p>En int\u00e9grant notre soci\u00e9t\u00e9 vous entrerez dans une\u00a0<strong>\u00e9quipe soud\u00e9e et solidaire<\/strong>\u00a0qui vous \u00e9paulera dans vos d\u00e9buts et tout au long de votre parcours.<\/p>\n<p>Si vous \u00eates motiv\u00e9.e, pr\u00eat.e \u00e0 nous rejoindre, que l&rsquo;esprit \u00ab\u00a0soci\u00e9taire\u00a0\u00bb est d\u00e9j\u00e0 en vous, n&rsquo;h\u00e9sitez pas \u00e0 nous envoyer votre lettre de motivation et CV \u00e0 : recrutement(chez)enviroscop.fr (remplacez\u00a0 (chez) par @).<\/p>\n<p>\u00e0 bient\u00f4t !<\/p>\n","protected":false},"excerpt":{"rendered":"<p>Vous avez r\u00e9pondu \u00ab\u00a0OUI\u00a0\u00bb \u00e0 ces quatre questions ? Votre candidature part bien pour les \u00ab\u00a0softskills\u00a0\u00bb voyons maintenant votre profil&#8230; &nbsp; L&rsquo;Environnement, ce n&rsquo;est pas une sp\u00e9cialit\u00e9, mais des sp\u00e9cialit\u00e9s, alors, si vous \u00eates \u00ab\u00a0ing\u00e9nieur environnement\u00a0\u00bb avec un \u00ab\u00a0\u0153il diff\u00e9rent\u00a0\u00bb (paysage, nature, acoustique, p\u00e9dologie, hydrologie&#8230;) ou g\u00e9n\u00e9raliste, vous \u00eates sur le bon chemin ! Notre &hellip; <\/p>\n<p><a class=\"more-link btn\" href=\"https:\/\/www.enviroscop.fr\/actu\/recrutement-2\/\">Lire la suite<\/a><\/p>\n","protected":false},"author":1,"featured_media":0,"parent":0,"menu_order":0,"comment_status":"closed","ping_status":"closed","template":"","meta":{"jetpack_post_was_ever_published":false,"footnotes":""},"class_list":["post-3197","page","type-page","status-publish","hentry","nodate","item-wrap"],"jetpack_shortlink":"https:\/\/wp.me\/P3rXAp-Pz","jetpack_likes_enabled":true,"jetpack-related-posts":[{"id":5104,"url":"https:\/\/www.enviroscop.fr\/actu\/mail-disclaimer\/","url_meta":{"origin":3197,"position":0},"title":"Mail Disclaimer","author":"Enviroscop","date":"9 janvier 2023","format":false,"excerpt":"Toute information contenue dans cette lettre est confidentielle et est destin\u00e9e \u00e0 un usage individuel sp\u00e9cifique et est prot\u00e9g\u00e9e par la loi. Si vous n'\u00eates pas le destinataire pr\u00e9vu, vous devez supprimer ce message et \u00eates inform\u00e9 que toute divulgation, copie ou distribution de ce message est strictement interdite. Veuillez\u2026","rel":"","context":"Article similaire","block_context":{"text":"Article similaire","link":""},"img":{"alt_text":"E-mail - Ic\u00f4nes les communications gratuites","src":"https:\/\/i0.wp.com\/cdn-icons-png.flaticon.com\/512\/4245\/4245366.png?resize=350%2C200&ssl=1","width":350,"height":200},"classes":[]},{"id":570,"url":"https:\/\/www.enviroscop.fr\/actu\/nos-metiers\/nos-prestations\/integration-environnementale\/","url_meta":{"origin":3197,"position":1},"title":"Int\u00e9gration environnementale","author":"Enviroscop","date":"29 mars 2013","format":false,"excerpt":"Dans les projets d'am\u00e9nagement, le respect de l'environnement ne doit pas \u00eatre consid\u00e9r\u00e9 comme une contrainte, mais comme un atout. Notre bureau d'\u00e9tudes et de conseils en environnement vous apporte un angle de vue compl\u00e9mentaire au sein de votre \u00e9quipe projet et vous propose\u00a0d'apporter des solutions pratiques aux probl\u00e8mes rencontr\u00e9s\u2026","rel":"","context":"Article similaire","block_context":{"text":"Article similaire","link":""},"img":{"alt_text":"","src":"https:\/\/i0.wp.com\/www.enviroscop.fr\/mediapool\/57\/575115\/resources\/big_27853080_0_275-147.png?resize=350%2C200","width":350,"height":200},"classes":[]},{"id":620,"url":"https:\/\/www.enviroscop.fr\/actu\/qui-sommes-nous\/notre-ethique\/nos-engagements\/","url_meta":{"origin":3197,"position":2},"title":"Nos engagements","author":"Enviroscop","date":"29 mars 2013","format":false,"excerpt":"Partenariat Disponibles et r\u00e9actifs,\u00a0 nous nous investissons dans vos projets comme s\u2019il s\u2019agissait des n\u00f4tres. En tant que\u00a0SCOP, tous nos salari\u00e9s ont int\u00e9r\u00eat \u00e0 la bonne r\u00e9ussite de l\u2019entreprise (actionnariat, participation) et des missions qui leurs sont confi\u00e9es. D\u00e9tenue \u00e0 100% par ses salari\u00e9s, Enviroscop est ind\u00e9pendante des grands groupes.\u2026","rel":"","context":"Article similaire","block_context":{"text":"Article similaire","link":""},"img":{"alt_text":"","src":"","width":0,"height":0},"classes":[]},{"id":418,"url":"https:\/\/www.enviroscop.fr\/actu\/site\/","url_meta":{"origin":3197,"position":3},"title":"Accueil","author":"Enviroscop","date":"28 f\u00e9vrier 2013","format":false,"excerpt":"Bienvenue sur le site d'Enviroscop. Que vous soyez : collectivit\u00e9, industriel, administration, bureaux d'\u00e9tudes, nous sommes \u00e0 votre \u00e9coute pour vous accompagner durablement dans votre projet. Fond\u00e9 en 2007, Enviroscop est un bureau d'\u00e9tudes, expertises et conseils dont les consultants-coop\u00e9rateurs-cr\u00e9ateurs capitalisent pr\u00e8s de 30 ans d'exp\u00e9rience dans : l\u2019assistance \u00e0\u2026","rel":"","context":"Article similaire","block_context":{"text":"Article similaire","link":""},"img":{"alt_text":"","src":"","width":0,"height":0},"classes":[]},{"id":623,"url":"https:\/\/www.enviroscop.fr\/actu\/qui-sommes-nous\/notre-ethique\/durable\/","url_meta":{"origin":3197,"position":4},"title":"Durable ?","author":"Enviroscop","date":"29 mars 2013","format":false,"excerpt":"Non contents de travailler dans l'environnement, nous essayons autant que faire se peut de limiter nos impacts sur l'environnement : - nos d\u00e9placements sont limit\u00e9s (d'o\u00f9 l'int\u00e9r\u00eat de centrer notre\u00a0territoire d'\u00e9tude de pr\u00e9dilection sur le quart nord-ouest du territoire m\u00e9tropolitain), nous pratiquons le t\u00e9l\u00e9travail partiel, consommons de l'\u00e9nergie d'origine renouvelable\u2026","rel":"","context":"Article similaire","block_context":{"text":"Article similaire","link":""},"img":{"alt_text":"","src":"https:\/\/i0.wp.com\/www.enviroscop.fr\/actu\/wp-content\/uploads\/2013\/03\/Enercoop-N_1-300x191.png?resize=350%2C200","width":350,"height":200},"classes":[]},{"id":625,"url":"https:\/\/www.enviroscop.fr\/actu\/qui-sommes-nous\/notre-ethique\/scop\/","url_meta":{"origin":3197,"position":5},"title":"enviroSCOP ?","author":"Enviroscop","date":"29 mars 2013","format":false,"excerpt":"Les SCOP (Soci\u00e9t\u00e9 COop\u00e9rative et Participative) sont des soci\u00e9t\u00e9s commerciales : elles rel\u00e8vent de la loi sur les soci\u00e9t\u00e9s ; elles choisissent d\u2019\u00eatre une soci\u00e9t\u00e9 \u00e0 responsabilit\u00e9 limit\u00e9e (SARL, ce qui est le cas d'Enviroscop) ou une soci\u00e9t\u00e9 anonyme (SA). A cette base juridique viennent se greffer la loi sur\u2026","rel":"","context":"Article similaire","block_context":{"text":"Article similaire","link":""},"img":{"alt_text":"Logo SCOP","src":"https:\/\/i0.wp.com\/www.enviroscop.fr\/actu\/wp-content\/uploads\/2019\/07\/LOGOHEADER-2018-300x70.png?resize=350%2C200","width":350,"height":200},"classes":[]}],"jetpack_sharing_enabled":true,"_links":{"self":[{"href":"https:\/\/www.enviroscop.fr\/actu\/wp-json\/wp\/v2\/pages\/3197","targetHints":{"allow":["GET"]}}],"collection":[{"href":"https:\/\/www.enviroscop.fr\/actu\/wp-json\/wp\/v2\/pages"}],"about":[{"href":"https:\/\/www.enviroscop.fr\/actu\/wp-json\/wp\/v2\/types\/page"}],"author":[{"embeddable":true,"href":"https:\/\/www.enviroscop.fr\/actu\/wp-json\/wp\/v2\/users\/1"}],"replies":[{"embeddable":true,"href":"https:\/\/www.enviroscop.fr\/actu\/wp-json\/wp\/v2\/comments?post=3197"}],"version-history":[{"count":14,"href":"https:\/\/www.enviroscop.fr\/actu\/wp-json\/wp\/v2\/pages\/3197\/revisions"}],"predecessor-version":[{"id":5692,"href":"https:\/\/www.enviroscop.fr\/actu\/wp-json\/wp\/v2\/pages\/3197\/revisions\/5692"}],"wp:attachment":[{"href":"https:\/\/www.enviroscop.fr\/actu\/wp-json\/wp\/v2\/media?parent=3197"}],"curies":[{"name":"wp","href":"https:\/\/api.w.org\/{rel}","templated":true}]}}