{"id":547,"date":"2013-03-29T14:37:04","date_gmt":"2013-03-29T13:37:04","guid":{"rendered":"http:\/\/www.enviroscop.fr\/actu\/?page_id=547"},"modified":"2026-03-26T13:36:13","modified_gmt":"2026-03-26T12:36:13","slug":"nos-territoires","status":"publish","type":"page","link":"https:\/\/www.enviroscop.fr\/actu\/nos-metiers\/nos-territoires\/","title":{"rendered":"Nos territoires d&rsquo;intervention"},"content":{"rendered":"<p><img data-recalc-dims=\"1\" loading=\"lazy\" decoding=\"async\" data-attachment-id=\"5704\" data-permalink=\"https:\/\/www.enviroscop.fr\/actu\/nos-metiers\/nos-territoires\/carte\/\" data-orig-file=\"https:\/\/i0.wp.com\/www.enviroscop.fr\/actu\/wp-content\/uploads\/2026\/03\/carte.png?fit=1024%2C1024&amp;ssl=1\" data-orig-size=\"1024,1024\" data-comments-opened=\"1\" data-image-meta=\"{&quot;aperture&quot;:&quot;0&quot;,&quot;credit&quot;:&quot;&quot;,&quot;camera&quot;:&quot;&quot;,&quot;caption&quot;:&quot;&quot;,&quot;created_timestamp&quot;:&quot;0&quot;,&quot;copyright&quot;:&quot;&quot;,&quot;focal_length&quot;:&quot;0&quot;,&quot;iso&quot;:&quot;0&quot;,&quot;shutter_speed&quot;:&quot;0&quot;,&quot;title&quot;:&quot;&quot;,&quot;orientation&quot;:&quot;0&quot;}\" data-image-title=\"carte\" data-image-description=\"\" data-image-caption=\"\" data-large-file=\"https:\/\/i0.wp.com\/www.enviroscop.fr\/actu\/wp-content\/uploads\/2026\/03\/carte.png?fit=750%2C750&amp;ssl=1\" class=\"wp-image-5704 alignright\" src=\"https:\/\/i0.wp.com\/www.enviroscop.fr\/actu\/wp-content\/uploads\/2026\/03\/carte.png?resize=212%2C212&#038;ssl=1\" alt=\"\" width=\"212\" height=\"212\" srcset=\"https:\/\/i0.wp.com\/www.enviroscop.fr\/actu\/wp-content\/uploads\/2026\/03\/carte.png?w=1024&amp;ssl=1 1024w, https:\/\/i0.wp.com\/www.enviroscop.fr\/actu\/wp-content\/uploads\/2026\/03\/carte.png?resize=300%2C300&amp;ssl=1 300w, https:\/\/i0.wp.com\/www.enviroscop.fr\/actu\/wp-content\/uploads\/2026\/03\/carte.png?resize=150%2C150&amp;ssl=1 150w, https:\/\/i0.wp.com\/www.enviroscop.fr\/actu\/wp-content\/uploads\/2026\/03\/carte.png?resize=768%2C768&amp;ssl=1 768w, https:\/\/i0.wp.com\/www.enviroscop.fr\/actu\/wp-content\/uploads\/2026\/03\/carte.png?resize=75%2C75&amp;ssl=1 75w, https:\/\/i0.wp.com\/www.enviroscop.fr\/actu\/wp-content\/uploads\/2026\/03\/carte.png?resize=750%2C750&amp;ssl=1 750w\" sizes=\"auto, (max-width: 212px) 100vw, 212px\" \/><\/p>\n<p>Nos agences nous permettent d&rsquo;intervenir sur tout le territoire m\u00e9tropolitain, avec une pr\u00e9dilection pour le grand quart nord-ouest de la France :<\/p>\n<ul>\n<li>du r\u00e9gional, intercommunal au local,<\/li>\n<li>de la d\u00e9marche de planification au projet op\u00e9rationnel.<\/li>\n<\/ul>\n","protected":false},"excerpt":{"rendered":"<p>Nos agences nous permettent d&rsquo;intervenir sur tout le territoire m\u00e9tropolitain, avec une pr\u00e9dilection pour le grand quart nord-ouest de la France : du r\u00e9gional, intercommunal au local, de la d\u00e9marche de planification au projet op\u00e9rationnel.<\/p>\n","protected":false},"author":1,"featured_media":0,"parent":543,"menu_order":0,"comment_status":"closed","ping_status":"closed","template":"template-onecolumn.php","meta":{"jetpack_post_was_ever_published":false,"footnotes":""},"class_list":["post-547","page","type-page","status-publish","hentry","nodate","item-wrap"],"jetpack_shortlink":"https:\/\/wp.me\/P3rXAp-8P","jetpack_likes_enabled":true,"jetpack-related-posts":[{"id":623,"url":"https:\/\/www.enviroscop.fr\/actu\/qui-sommes-nous\/notre-ethique\/durable\/","url_meta":{"origin":547,"position":0},"title":"Durable ?","author":"Enviroscop","date":"29 mars 2013","format":false,"excerpt":"Non contents de travailler dans l'environnement, nous essayons autant que faire se peut de limiter nos impacts sur l'environnement : - nos d\u00e9placements sont limit\u00e9s (d'o\u00f9 l'int\u00e9r\u00eat de centrer notre\u00a0territoire d'\u00e9tude de pr\u00e9dilection sur le quart nord-ouest du territoire m\u00e9tropolitain), nous pratiquons le t\u00e9l\u00e9travail partiel, consommons de l'\u00e9nergie d'origine renouvelable\u2026","rel":"","context":"Article similaire","block_context":{"text":"Article similaire","link":""},"img":{"alt_text":"","src":"https:\/\/i0.wp.com\/www.enviroscop.fr\/actu\/wp-content\/uploads\/2013\/03\/Enercoop-N_1-300x191.png?resize=350%2C200","width":350,"height":200},"classes":[]},{"id":620,"url":"https:\/\/www.enviroscop.fr\/actu\/qui-sommes-nous\/notre-ethique\/nos-engagements\/","url_meta":{"origin":547,"position":1},"title":"Nos engagements","author":"Enviroscop","date":"29 mars 2013","format":false,"excerpt":"Partenariat Disponibles et r\u00e9actifs,\u00a0 nous nous investissons dans vos projets comme s\u2019il s\u2019agissait des n\u00f4tres. En tant que\u00a0SCOP, tous nos salari\u00e9s ont int\u00e9r\u00eat \u00e0 la bonne r\u00e9ussite de l\u2019entreprise (actionnariat, participation) et des missions qui leurs sont confi\u00e9es. D\u00e9tenue \u00e0 100% par ses salari\u00e9s, Enviroscop est ind\u00e9pendante des grands groupes.\u2026","rel":"","context":"Article similaire","block_context":{"text":"Article similaire","link":""},"img":{"alt_text":"","src":"","width":0,"height":0},"classes":[]},{"id":570,"url":"https:\/\/www.enviroscop.fr\/actu\/nos-metiers\/nos-prestations\/integration-environnementale\/","url_meta":{"origin":547,"position":2},"title":"Int\u00e9gration environnementale","author":"Enviroscop","date":"29 mars 2013","format":false,"excerpt":"Dans les projets d'am\u00e9nagement, le respect de l'environnement ne doit pas \u00eatre consid\u00e9r\u00e9 comme une contrainte, mais comme un atout. Notre bureau d'\u00e9tudes et de conseils en environnement vous apporte un angle de vue compl\u00e9mentaire au sein de votre \u00e9quipe projet et vous propose\u00a0d'apporter des solutions pratiques aux probl\u00e8mes rencontr\u00e9s\u2026","rel":"","context":"Article similaire","block_context":{"text":"Article similaire","link":""},"img":{"alt_text":"","src":"https:\/\/i0.wp.com\/www.enviroscop.fr\/mediapool\/57\/575115\/resources\/big_27853080_0_275-147.png?resize=350%2C200","width":350,"height":200},"classes":[]},{"id":545,"url":"https:\/\/www.enviroscop.fr\/actu\/nos-metiers\/nos-thematiques\/","url_meta":{"origin":547,"position":3},"title":"Nos th\u00e9matiques","author":"Enviroscop","date":"29 mars 2013","format":false,"excerpt":"Nous abordons, notamment au travers de l\u2019\u00e9valuation environnementale, tous les champs de l\u2019environnement et du d\u00e9veloppement durable : Cadre de vie, paysage, patrimoines, urbanisme Biodiversit\u00e9, milieux naturels, trames verte et bleue Ressources naturelles : granulats et roches massives, eau, air, gestion \u00e9conome des sols, \u00e9nergies renouvelables Eau & sols :\u2026","rel":"","context":"Article similaire","block_context":{"text":"Article similaire","link":""},"img":{"alt_text":"","src":"https:\/\/i0.wp.com\/www.enviroscop.fr\/mediapool\/57\/575115\/resources\/27879576.png?resize=350%2C200","width":350,"height":200},"classes":[]},{"id":625,"url":"https:\/\/www.enviroscop.fr\/actu\/qui-sommes-nous\/notre-ethique\/scop\/","url_meta":{"origin":547,"position":4},"title":"enviroSCOP ?","author":"Enviroscop","date":"29 mars 2013","format":false,"excerpt":"Les SCOP (Soci\u00e9t\u00e9 COop\u00e9rative et Participative) sont des soci\u00e9t\u00e9s commerciales : elles rel\u00e8vent de la loi sur les soci\u00e9t\u00e9s ; elles choisissent d\u2019\u00eatre une soci\u00e9t\u00e9 \u00e0 responsabilit\u00e9 limit\u00e9e (SARL, ce qui est le cas d'Enviroscop) ou une soci\u00e9t\u00e9 anonyme (SA). A cette base juridique viennent se greffer la loi sur\u2026","rel":"","context":"Article similaire","block_context":{"text":"Article similaire","link":""},"img":{"alt_text":"Logo SCOP","src":"https:\/\/i0.wp.com\/www.enviroscop.fr\/actu\/wp-content\/uploads\/2019\/07\/LOGOHEADER-2018-300x70.png?resize=350%2C200","width":350,"height":200},"classes":[]},{"id":580,"url":"https:\/\/www.enviroscop.fr\/actu\/nos-metiers\/nos-prestations\/concertation\/","url_meta":{"origin":547,"position":5},"title":"Concertation","author":"Enviroscop","date":"29 mars 2013","format":false,"excerpt":"L'objectif de la concertation environnementale n'est\u00a0pas d'apporter un b\u00e9n\u00e9fice \u00e0 une personne en particulier, le porteur de projet. Il s'agit de faire \u00e9voluer et d'enrichir le projet pour accompagner son acceptation locale. Diff\u00e9rents \"outils\" sont disponibles et ma\u00eetris\u00e9s par notre bureau d'\u00e9tudes : Facilitation, concertation, recherche du consensus Animations de\u2026","rel":"","context":"Article similaire","block_context":{"text":"Article similaire","link":""},"img":{"alt_text":"","src":"https:\/\/i0.wp.com\/www.enviroscop.fr\/mediapool\/57\/575115\/resources\/big_27853293_0_275-150.png?resize=350%2C200","width":350,"height":200},"classes":[]}],"jetpack_sharing_enabled":true,"_links":{"self":[{"href":"https:\/\/www.enviroscop.fr\/actu\/wp-json\/wp\/v2\/pages\/547","targetHints":{"allow":["GET"]}}],"collection":[{"href":"https:\/\/www.enviroscop.fr\/actu\/wp-json\/wp\/v2\/pages"}],"about":[{"href":"https:\/\/www.enviroscop.fr\/actu\/wp-json\/wp\/v2\/types\/page"}],"author":[{"embeddable":true,"href":"https:\/\/www.enviroscop.fr\/actu\/wp-json\/wp\/v2\/users\/1"}],"replies":[{"embeddable":true,"href":"https:\/\/www.enviroscop.fr\/actu\/wp-json\/wp\/v2\/comments?post=547"}],"version-history":[{"count":6,"href":"https:\/\/www.enviroscop.fr\/actu\/wp-json\/wp\/v2\/pages\/547\/revisions"}],"predecessor-version":[{"id":5706,"href":"https:\/\/www.enviroscop.fr\/actu\/wp-json\/wp\/v2\/pages\/547\/revisions\/5706"}],"up":[{"embeddable":true,"href":"https:\/\/www.enviroscop.fr\/actu\/wp-json\/wp\/v2\/pages\/543"}],"wp:attachment":[{"href":"https:\/\/www.enviroscop.fr\/actu\/wp-json\/wp\/v2\/media?parent=547"}],"curies":[{"name":"wp","href":"https:\/\/api.w.org\/{rel}","templated":true}]}}