{"id":555,"date":"2013-03-29T14:41:57","date_gmt":"2013-03-29T13:41:57","guid":{"rendered":"http:\/\/www.enviroscop.fr\/actu\/?page_id=555"},"modified":"2022-06-21T15:00:55","modified_gmt":"2022-06-21T14:00:55","slug":"nos-prestations","status":"publish","type":"page","link":"https:\/\/www.enviroscop.fr\/actu\/nos-metiers\/nos-prestations\/","title":{"rendered":"Nos prestations"},"content":{"rendered":"<div><img data-recalc-dims=\"1\" loading=\"lazy\" decoding=\"async\" class=\"alignright\" style=\"border: 0px; margin: 0px;\" src=\"https:\/\/i0.wp.com\/www.enviroscop.fr\/mediapool\/57\/575115\/resources\/27852970.png?resize=256%2C450\" alt=\"\" width=\"256\" height=\"450\" \/>L&rsquo;ensemble de nos activit\u00e9s s&rsquo;articule autour de cinq grands domaines interactifs :<\/div>\n<div><\/div>\n<div>\n<ul>\n<li><span style=\"color: #55aa55;\"><a title=\"Evaluation environnementale\" href=\"https:\/\/www.enviroscop.fr\/actu\/?page_id=558\">\u00c9valuation\u00a0environnementale<\/a><\/span>\u00a0des projets, plans et programmes<\/li>\n<li><span style=\"color: #55aa55;\"><a title=\"Int\u00e9gration environnementale\" href=\"https:\/\/www.enviroscop.fr\/actu\/?page_id=570\">Int\u00e9gration environnementale<\/a><\/span><\/li>\n<li><a title=\"Perspectives et territoires\" href=\"https:\/\/www.enviroscop.fr\/actu\/?page_id=574\"><span style=\"color: #55aa55;\">Perspectives et territoire<\/span><span style=\"color: #55aa55;\">s<\/span><\/a><\/li>\n<li><span style=\"color: #55aa55;\"><a title=\"Bases de donn\u00e9es et cartographie g\u00e9or\u00e9f\u00e9renc\u00e9e des probl\u00e9matiques environnementales\" href=\"https:\/\/www.enviroscop.fr\/actu\/?page_id=577\">Bases de donn\u00e9es et Cartographie<\/a><\/span>\u00a0g\u00e9or\u00e9f\u00e9renc\u00e9e des probl\u00e9matiques environnementales<\/li>\n<li><a title=\"Concertation\" href=\"https:\/\/www.enviroscop.fr\/actu\/?page_id=580\"><span style=\"color: #55aa55;\">Concertation<\/span><\/a><\/li>\n<\/ul>\n<p>Nous assurons des formations (grand public, \u00e9lus, professionnels) sur ces diff\u00e9rents th\u00e8mes.<\/p>\n<\/div>\n","protected":false},"excerpt":{"rendered":"<p>L&rsquo;ensemble de nos activit\u00e9s s&rsquo;articule autour de cinq grands domaines interactifs : \u00c9valuation\u00a0environnementale\u00a0des projets, plans et programmes Int\u00e9gration environnementale Perspectives et territoires Bases de donn\u00e9es et Cartographie\u00a0g\u00e9or\u00e9f\u00e9renc\u00e9e des probl\u00e9matiques environnementales Concertation Nous assurons des formations (grand public, \u00e9lus, professionnels) sur ces diff\u00e9rents th\u00e8mes.<\/p>\n","protected":false},"author":1,"featured_media":0,"parent":543,"menu_order":0,"comment_status":"closed","ping_status":"closed","template":"template-onecolumn.php","meta":{"jetpack_post_was_ever_published":false,"footnotes":""},"class_list":["post-555","page","type-page","status-publish","hentry","nodate","item-wrap"],"jetpack_shortlink":"https:\/\/wp.me\/P3rXAp-8X","jetpack_likes_enabled":true,"jetpack-related-posts":[{"id":558,"url":"https:\/\/www.enviroscop.fr\/actu\/nos-metiers\/nos-prestations\/evaluation-environnementale\/","url_meta":{"origin":555,"position":0},"title":"Evaluation environnementale","author":"Enviroscop","date":"29 mars 2013","format":false,"excerpt":"V\u00e9ritable c\u0153ur de notre m\u00e9tier, nous vous accompagnons dans cette d\u00e9marche continue et it\u00e9rative. Elle vous permettra d\u2019analyser les effets sur l\u2019environnement d\u2019un projet, plan ou programme et de pr\u00e9venir ses cons\u00e9quences dommageables sur l\u2019environnement. Nous travaillons sur divers types d'\u00e9valuation, \u00e0 savoir : Etude d\u2019impacts \/ d'incidence : \u00e9olien,\u2026","rel":"","context":"Article similaire","block_context":{"text":"Article similaire","link":""},"img":{"alt_text":"","src":"https:\/\/i0.wp.com\/www.enviroscop.fr\/mediapool\/57\/575115\/resources\/big_27853044_0_275-150.png?resize=350%2C200","width":350,"height":200},"classes":[]},{"id":570,"url":"https:\/\/www.enviroscop.fr\/actu\/nos-metiers\/nos-prestations\/integration-environnementale\/","url_meta":{"origin":555,"position":1},"title":"Int\u00e9gration environnementale","author":"Enviroscop","date":"29 mars 2013","format":false,"excerpt":"Dans les projets d'am\u00e9nagement, le respect de l'environnement ne doit pas \u00eatre consid\u00e9r\u00e9 comme une contrainte, mais comme un atout. Notre bureau d'\u00e9tudes et de conseils en environnement vous apporte un angle de vue compl\u00e9mentaire au sein de votre \u00e9quipe projet et vous propose\u00a0d'apporter des solutions pratiques aux probl\u00e8mes rencontr\u00e9s\u2026","rel":"","context":"Article similaire","block_context":{"text":"Article similaire","link":""},"img":{"alt_text":"","src":"https:\/\/i0.wp.com\/www.enviroscop.fr\/mediapool\/57\/575115\/resources\/big_27853080_0_275-147.png?resize=350%2C200","width":350,"height":200},"classes":[]},{"id":770,"url":"https:\/\/www.enviroscop.fr\/actu\/qui-sommes-nous\/lequipe\/","url_meta":{"origin":555,"position":2},"title":"L&rsquo;\u00e9quipe","author":"Enviroscop","date":"29 mars 2013","format":false,"excerpt":"Nos neuf profils compl\u00e9mentaires permettent \u00e0 Enviroscop d'\u00eatre au c\u0153ur des attentes des industriels, des pr\u00e9occupations des administrations et des besoins des collectivit\u00e9s. Nathalie BILLER Ing\u00e9nieure environnement et g\u00e9omatique, dipl\u00f4m\u00e9e en Gestion et Protection de la Nature (1996), Am\u00e9nagement Environnement (1998), et SIG-gestion de l\u2019espace (1999), Form\u00e9e \u00e0 la conduite\u2026","rel":"","context":"Article similaire","block_context":{"text":"Article similaire","link":""},"img":{"alt_text":"","src":"https:\/\/i0.wp.com\/www.enviroscop.fr\/actu\/wp-content\/uploads\/2019\/07\/recadrage1000-4.jpg?resize=350%2C200&ssl=1","width":350,"height":200,"srcset":"https:\/\/i0.wp.com\/www.enviroscop.fr\/actu\/wp-content\/uploads\/2019\/07\/recadrage1000-4.jpg?resize=350%2C200&ssl=1 1x, https:\/\/i0.wp.com\/www.enviroscop.fr\/actu\/wp-content\/uploads\/2019\/07\/recadrage1000-4.jpg?resize=525%2C300&ssl=1 1.5x, https:\/\/i0.wp.com\/www.enviroscop.fr\/actu\/wp-content\/uploads\/2019\/07\/recadrage1000-4.jpg?resize=700%2C400&ssl=1 2x"},"classes":[]},{"id":545,"url":"https:\/\/www.enviroscop.fr\/actu\/nos-metiers\/nos-thematiques\/","url_meta":{"origin":555,"position":3},"title":"Nos th\u00e9matiques","author":"Enviroscop","date":"29 mars 2013","format":false,"excerpt":"Nous abordons, notamment au travers de l\u2019\u00e9valuation environnementale, tous les champs de l\u2019environnement et du d\u00e9veloppement durable : Cadre de vie, paysage, patrimoines, urbanisme Biodiversit\u00e9, milieux naturels, trames verte et bleue Ressources naturelles : granulats et roches massives, eau, air, gestion \u00e9conome des sols, \u00e9nergies renouvelables Eau & sols :\u2026","rel":"","context":"Article similaire","block_context":{"text":"Article similaire","link":""},"img":{"alt_text":"","src":"https:\/\/i0.wp.com\/www.enviroscop.fr\/mediapool\/57\/575115\/resources\/27879576.png?resize=350%2C200","width":350,"height":200},"classes":[]},{"id":580,"url":"https:\/\/www.enviroscop.fr\/actu\/nos-metiers\/nos-prestations\/concertation\/","url_meta":{"origin":555,"position":4},"title":"Concertation","author":"Enviroscop","date":"29 mars 2013","format":false,"excerpt":"L'objectif de la concertation environnementale n'est\u00a0pas d'apporter un b\u00e9n\u00e9fice \u00e0 une personne en particulier, le porteur de projet. Il s'agit de faire \u00e9voluer et d'enrichir le projet pour accompagner son acceptation locale. Diff\u00e9rents \"outils\" sont disponibles et ma\u00eetris\u00e9s par notre bureau d'\u00e9tudes : Facilitation, concertation, recherche du consensus Animations de\u2026","rel":"","context":"Article similaire","block_context":{"text":"Article similaire","link":""},"img":{"alt_text":"","src":"https:\/\/i0.wp.com\/www.enviroscop.fr\/mediapool\/57\/575115\/resources\/big_27853293_0_275-150.png?resize=350%2C200","width":350,"height":200},"classes":[]},{"id":418,"url":"https:\/\/www.enviroscop.fr\/actu\/site\/","url_meta":{"origin":555,"position":5},"title":"Accueil","author":"Enviroscop","date":"28 f\u00e9vrier 2013","format":false,"excerpt":"Bienvenue sur le site d'Enviroscop. Que vous soyez : collectivit\u00e9, industriel, administration, bureaux d'\u00e9tudes, nous sommes \u00e0 votre \u00e9coute pour vous accompagner durablement dans votre projet. Fond\u00e9 en 2007, Enviroscop est un bureau d'\u00e9tudes, expertises et conseils dont les consultants-coop\u00e9rateurs-cr\u00e9ateurs capitalisent pr\u00e8s de 30 ans d'exp\u00e9rience dans : l\u2019assistance \u00e0\u2026","rel":"","context":"Article similaire","block_context":{"text":"Article similaire","link":""},"img":{"alt_text":"","src":"","width":0,"height":0},"classes":[]}],"jetpack_sharing_enabled":true,"_links":{"self":[{"href":"https:\/\/www.enviroscop.fr\/actu\/wp-json\/wp\/v2\/pages\/555","targetHints":{"allow":["GET"]}}],"collection":[{"href":"https:\/\/www.enviroscop.fr\/actu\/wp-json\/wp\/v2\/pages"}],"about":[{"href":"https:\/\/www.enviroscop.fr\/actu\/wp-json\/wp\/v2\/types\/page"}],"author":[{"embeddable":true,"href":"https:\/\/www.enviroscop.fr\/actu\/wp-json\/wp\/v2\/users\/1"}],"replies":[{"embeddable":true,"href":"https:\/\/www.enviroscop.fr\/actu\/wp-json\/wp\/v2\/comments?post=555"}],"version-history":[{"count":3,"href":"https:\/\/www.enviroscop.fr\/actu\/wp-json\/wp\/v2\/pages\/555\/revisions"}],"predecessor-version":[{"id":4840,"href":"https:\/\/www.enviroscop.fr\/actu\/wp-json\/wp\/v2\/pages\/555\/revisions\/4840"}],"up":[{"embeddable":true,"href":"https:\/\/www.enviroscop.fr\/actu\/wp-json\/wp\/v2\/pages\/543"}],"wp:attachment":[{"href":"https:\/\/www.enviroscop.fr\/actu\/wp-json\/wp\/v2\/media?parent=555"}],"curies":[{"name":"wp","href":"https:\/\/api.w.org\/{rel}","templated":true}]}}