{"id":558,"date":"2013-03-29T14:45:25","date_gmt":"2013-03-29T13:45:25","guid":{"rendered":"http:\/\/www.enviroscop.fr\/actu\/?page_id=558"},"modified":"2020-09-25T12:58:35","modified_gmt":"2020-09-25T11:58:35","slug":"evaluation-environnementale","status":"publish","type":"page","link":"https:\/\/www.enviroscop.fr\/actu\/nos-metiers\/nos-prestations\/evaluation-environnementale\/","title":{"rendered":"Evaluation environnementale"},"content":{"rendered":"<div style=\"width: 275px\" class=\"wp-caption alignright\"><a style=\"color: #ffffff; cursor: pointer; font-size: 11px; line-height: normal; text-align: -webkit-right; background-color: #f3f3f3;\" href=\"https:\/\/www.enviroscop.fr\/actu\/nos-references\/\" target=\"_blank\" rel=\"noopener noreferrer\"><img data-recalc-dims=\"1\" loading=\"lazy\" decoding=\"async\" id=\"27853044\" style=\"margin: 0px; border: 0px;\" src=\"https:\/\/i0.wp.com\/www.enviroscop.fr\/mediapool\/57\/575115\/resources\/big_27853044_0_275-150.png?resize=275%2C150\" alt=\"\" width=\"275\" height=\"150\" name=\"image_27853044\" border=\"0\" hspace=\"0\" vspace=\"0\" \/><\/a><p class=\"wp-caption-text\">(Cliquez sur l&rsquo;image pour voir nos r\u00e9f\u00e9rences les plus r\u00e9centes)<\/p><\/div>\n<p>V\u00e9ritable c\u0153ur de notre m\u00e9tier, nous vous accompagnons dans cette d\u00e9marche continue et it\u00e9rative. Elle vous permettra d\u2019analyser les effets sur l\u2019environnement d\u2019un projet, plan ou programme et de pr\u00e9venir ses cons\u00e9quences dommageables sur l\u2019environnement.<\/p>\n<p>Nous travaillons sur divers types d&rsquo;\u00e9valuation, \u00e0 savoir :<\/p>\n<ul>\n<li>Etude d\u2019impacts \/ d&rsquo;incidence : \u00e9olien, photovolta\u00efque, carri\u00e8res, Natura 2000, ZAC, infrastructures&#8230;<\/li>\n<li>Etude de dangers, notice hygi\u00e8ne et s\u00e9curit\u00e9<\/li>\n<li>Profil environnemental et diagnostic transversal de territoire : \u00e9tat pression r\u00e9ponse enjeux<\/li>\n<li>Profil climat, diagnostic \u00e9olien et \u00e9nergies renouvelables<\/li>\n<li>Etude paysag\u00e8re, lecture sensible du paysage \u00e9cologique<\/li>\n<\/ul>\n<p style=\"text-align: right;\">\n","protected":false},"excerpt":{"rendered":"<p>V\u00e9ritable c\u0153ur de notre m\u00e9tier, nous vous accompagnons dans cette d\u00e9marche continue et it\u00e9rative. Elle vous permettra d\u2019analyser les effets sur l\u2019environnement d\u2019un projet, plan ou programme et de pr\u00e9venir ses cons\u00e9quences dommageables sur l\u2019environnement. Nous travaillons sur divers types d&rsquo;\u00e9valuation, \u00e0 savoir : Etude d\u2019impacts \/ d&rsquo;incidence : \u00e9olien, photovolta\u00efque, carri\u00e8res, Natura 2000, ZAC, &hellip; <\/p>\n<p><a class=\"more-link btn\" href=\"https:\/\/www.enviroscop.fr\/actu\/nos-metiers\/nos-prestations\/evaluation-environnementale\/\">Lire la suite<\/a><\/p>\n","protected":false},"author":1,"featured_media":0,"parent":555,"menu_order":0,"comment_status":"closed","ping_status":"closed","template":"template-onecolumn.php","meta":{"jetpack_post_was_ever_published":false,"footnotes":""},"class_list":["post-558","page","type-page","status-publish","hentry","nodate","item-wrap"],"jetpack_shortlink":"https:\/\/wp.me\/P3rXAp-90","jetpack_likes_enabled":true,"jetpack-related-posts":[{"id":770,"url":"https:\/\/www.enviroscop.fr\/actu\/qui-sommes-nous\/lequipe\/","url_meta":{"origin":558,"position":0},"title":"L&rsquo;\u00e9quipe","author":"Enviroscop","date":"29 mars 2013","format":false,"excerpt":"Nos neuf profils compl\u00e9mentaires permettent \u00e0 Enviroscop d'\u00eatre au c\u0153ur des attentes des industriels, des pr\u00e9occupations des administrations et des besoins des collectivit\u00e9s. Nathalie BILLER Ing\u00e9nieure environnement et g\u00e9omatique, dipl\u00f4m\u00e9e en Gestion et Protection de la Nature (1996), Am\u00e9nagement Environnement (1998), et SIG-gestion de l\u2019espace (1999), Form\u00e9e \u00e0 la conduite\u2026","rel":"","context":"Article similaire","block_context":{"text":"Article similaire","link":""},"img":{"alt_text":"","src":"https:\/\/i0.wp.com\/www.enviroscop.fr\/actu\/wp-content\/uploads\/2019\/07\/recadrage1000-4.jpg?resize=350%2C200&ssl=1","width":350,"height":200,"srcset":"https:\/\/i0.wp.com\/www.enviroscop.fr\/actu\/wp-content\/uploads\/2019\/07\/recadrage1000-4.jpg?resize=350%2C200&ssl=1 1x, https:\/\/i0.wp.com\/www.enviroscop.fr\/actu\/wp-content\/uploads\/2019\/07\/recadrage1000-4.jpg?resize=525%2C300&ssl=1 1.5x, https:\/\/i0.wp.com\/www.enviroscop.fr\/actu\/wp-content\/uploads\/2019\/07\/recadrage1000-4.jpg?resize=700%2C400&ssl=1 2x"},"classes":[]},{"id":623,"url":"https:\/\/www.enviroscop.fr\/actu\/qui-sommes-nous\/notre-ethique\/durable\/","url_meta":{"origin":558,"position":1},"title":"Durable ?","author":"Enviroscop","date":"29 mars 2013","format":false,"excerpt":"Non contents de travailler dans l'environnement, nous essayons autant que faire se peut de limiter nos impacts sur l'environnement : - nos d\u00e9placements sont limit\u00e9s (d'o\u00f9 l'int\u00e9r\u00eat de centrer notre\u00a0territoire d'\u00e9tude de pr\u00e9dilection sur le quart nord-ouest du territoire m\u00e9tropolitain), nous pratiquons le t\u00e9l\u00e9travail partiel, consommons de l'\u00e9nergie d'origine renouvelable\u2026","rel":"","context":"Article similaire","block_context":{"text":"Article similaire","link":""},"img":{"alt_text":"","src":"https:\/\/i0.wp.com\/www.enviroscop.fr\/actu\/wp-content\/uploads\/2013\/03\/Enercoop-N_1-300x191.png?resize=350%2C200","width":350,"height":200},"classes":[]},{"id":3197,"url":"https:\/\/www.enviroscop.fr\/actu\/recrutement-2\/","url_meta":{"origin":558,"position":2},"title":"Recrutement","author":"Enviroscop","date":"6 d\u00e9cembre 2018","format":false,"excerpt":"Vous avez r\u00e9pondu \"OUI\" \u00e0 ces quatre questions ? Votre candidature part bien pour les \"softskills\" voyons maintenant votre profil... \u00a0 L'Environnement, ce n'est pas une sp\u00e9cialit\u00e9, mais des sp\u00e9cialit\u00e9s, alors, si vous \u00eates \"ing\u00e9nieur environnement\" avec un \"\u0153il diff\u00e9rent\" (paysage, nature, acoustique, p\u00e9dologie, hydrologie...) ou g\u00e9n\u00e9raliste, vous \u00eates sur\u2026","rel":"","context":"Article similaire","block_context":{"text":"Article similaire","link":""},"img":{"alt_text":"","src":"","width":0,"height":0},"classes":[]},{"id":582,"url":"https:\/\/www.enviroscop.fr\/actu\/nos-references\/","url_meta":{"origin":558,"position":3},"title":"Nos r\u00e9f\u00e9rences","author":"Enviroscop","date":"29 mars 2013","format":false,"excerpt":"Depuis 2007, nos r\u00e9f\u00e9rences sont tr\u00e8s nombreuses (plus de 800 dossiers r\u00e9alis\u00e9s), et nos clients tr\u00e8s diversifi\u00e9s. Parmi ceux qui nous on fait confiance : \u00a0 Nos dossiers en 2025 : 2025-1554 RWE \u00a0Etude compensation agricole\u00a0 2025-1557 RWE \u00a0DAE Photovolta\u00efque\u00a0 2025-1560 TSE \u00a0DAE Photovolta\u00efque\u00a0 2025-1561 G\u00e9n\u00e9rale du solaire \u00a0DAE Photovolta\u00efque\u00a0\u2026","rel":"","context":"Article similaire","block_context":{"text":"Article similaire","link":""},"img":{"alt_text":"","src":"https:\/\/i0.wp.com\/www.enviroscop.fr\/actu\/wp-content\/uploads\/2020\/02\/logo2-scaled.jpg?resize=350%2C200&ssl=1","width":350,"height":200,"srcset":"https:\/\/i0.wp.com\/www.enviroscop.fr\/actu\/wp-content\/uploads\/2020\/02\/logo2-scaled.jpg?resize=350%2C200&ssl=1 1x, https:\/\/i0.wp.com\/www.enviroscop.fr\/actu\/wp-content\/uploads\/2020\/02\/logo2-scaled.jpg?resize=525%2C300&ssl=1 1.5x, https:\/\/i0.wp.com\/www.enviroscop.fr\/actu\/wp-content\/uploads\/2020\/02\/logo2-scaled.jpg?resize=700%2C400&ssl=1 2x, https:\/\/i0.wp.com\/www.enviroscop.fr\/actu\/wp-content\/uploads\/2020\/02\/logo2-scaled.jpg?resize=1050%2C600&ssl=1 3x, https:\/\/i0.wp.com\/www.enviroscop.fr\/actu\/wp-content\/uploads\/2020\/02\/logo2-scaled.jpg?resize=1400%2C800&ssl=1 4x"},"classes":[]},{"id":618,"url":"https:\/\/www.enviroscop.fr\/actu\/qui-sommes-nous\/notre-ethique\/","url_meta":{"origin":558,"position":4},"title":"Notre \u00e9thique","author":"Enviroscop","date":"29 mars 2013","format":false,"excerpt":"Notre engagement \u00e9thique se concr\u00e9tise dans notre travail quotidien. Nous sommes convaincus qu'il est indispensable de mettre en coh\u00e9rence nos paroles et nos actes. Pour ce faire : - nos statuts sont ceux d'une\u00a0SCoP, (Soci\u00e9t\u00e9 Coop\u00e9rative et Participative) - nous prenons des\u00a0engagements\u00a0aupr\u00e8s de nos clients, - nous avons d\u00e9velopp\u00e9 notre\u2026","rel":"","context":"Article similaire","block_context":{"text":"Article similaire","link":""},"img":{"alt_text":"","src":"https:\/\/i0.wp.com\/www.enviroscop.fr\/actu\/wp-content\/uploads\/2013\/03\/Enercoop-N_1-300x191.png?resize=350%2C200","width":350,"height":200},"classes":[]},{"id":577,"url":"https:\/\/www.enviroscop.fr\/actu\/nos-metiers\/nos-prestations\/bases-de-donnees-et-cartographie-georeferencee-des-problematiques-environnementales\/","url_meta":{"origin":558,"position":5},"title":"Bases de donn\u00e9es et cartographie g\u00e9or\u00e9f\u00e9renc\u00e9e des probl\u00e9matiques environnementales","author":"Enviroscop","date":"29 mars 2013","format":false,"excerpt":"SIG et bases de donn\u00e9es g\u00e9ographiques sont de plus en plus fr\u00e9quemment utilis\u00e9s pour traiter de probl\u00e9matiques environnementales. Notre exp\u00e9rience en la mati\u00e8re vous permet d'acc\u00e9der \u00e0 ces outils : Cartographie des enjeux du d\u00e9veloppement durable (SIG \/infographie) Gestion de bases de donn\u00e9es M\u00e9thodologies pour l'int\u00e9gration de l'environnement (fonctions \u00e9cologiques,\u2026","rel":"","context":"Article similaire","block_context":{"text":"Article similaire","link":""},"img":{"alt_text":"SIG","src":"https:\/\/i0.wp.com\/www.enviroscop.fr\/actu\/wp-content\/uploads\/2013\/03\/SIG-300x163.png?resize=350%2C200","width":350,"height":200},"classes":[]}],"jetpack_sharing_enabled":true,"_links":{"self":[{"href":"https:\/\/www.enviroscop.fr\/actu\/wp-json\/wp\/v2\/pages\/558","targetHints":{"allow":["GET"]}}],"collection":[{"href":"https:\/\/www.enviroscop.fr\/actu\/wp-json\/wp\/v2\/pages"}],"about":[{"href":"https:\/\/www.enviroscop.fr\/actu\/wp-json\/wp\/v2\/types\/page"}],"author":[{"embeddable":true,"href":"https:\/\/www.enviroscop.fr\/actu\/wp-json\/wp\/v2\/users\/1"}],"replies":[{"embeddable":true,"href":"https:\/\/www.enviroscop.fr\/actu\/wp-json\/wp\/v2\/comments?post=558"}],"version-history":[{"count":3,"href":"https:\/\/www.enviroscop.fr\/actu\/wp-json\/wp\/v2\/pages\/558\/revisions"}],"predecessor-version":[{"id":3858,"href":"https:\/\/www.enviroscop.fr\/actu\/wp-json\/wp\/v2\/pages\/558\/revisions\/3858"}],"up":[{"embeddable":true,"href":"https:\/\/www.enviroscop.fr\/actu\/wp-json\/wp\/v2\/pages\/555"}],"wp:attachment":[{"href":"https:\/\/www.enviroscop.fr\/actu\/wp-json\/wp\/v2\/media?parent=558"}],"curies":[{"name":"wp","href":"https:\/\/api.w.org\/{rel}","templated":true}]}}