{"id":570,"date":"2013-03-29T15:18:49","date_gmt":"2013-03-29T14:18:49","guid":{"rendered":"http:\/\/www.enviroscop.fr\/actu\/?page_id=570"},"modified":"2022-06-21T14:45:28","modified_gmt":"2022-06-21T13:45:28","slug":"integration-environnementale","status":"publish","type":"page","link":"https:\/\/www.enviroscop.fr\/actu\/nos-metiers\/nos-prestations\/integration-environnementale\/","title":{"rendered":"Int\u00e9gration environnementale"},"content":{"rendered":"<div align=\"left\">\n<div style=\"width: 275px\" class=\"wp-caption alignright\"><a href=\"https:\/\/www.enviroscop.fr\/actu\/nos-references\/\" target=\"_blank\" rel=\"noopener noreferrer\"><img data-recalc-dims=\"1\" loading=\"lazy\" decoding=\"async\" id=\"27853080\" style=\"margin: 0px; border: 0px;\" src=\"https:\/\/i0.wp.com\/www.enviroscop.fr\/mediapool\/57\/575115\/resources\/big_27853080_0_275-147.png?resize=275%2C147\" alt=\"\" width=\"275\" height=\"147\" name=\"image_27853080\" border=\"0\" hspace=\"0\" vspace=\"0\" \/><\/a><p class=\"wp-caption-text\">Cliquez sur l&rsquo;image pour voir nos derni\u00e8res r\u00e9f\u00e9rences<\/p><\/div>\n<p>Dans les projets d&rsquo;am\u00e9nagement, le respect de l&rsquo;environnement ne doit pas \u00eatre consid\u00e9r\u00e9 comme une contrainte, mais comme un atout.<\/p>\n<p>Notre bureau d&rsquo;\u00e9tudes et de conseils en environnement vous apporte un angle de vue compl\u00e9mentaire au sein de votre \u00e9quipe projet et vous propose\u00a0d&rsquo;apporter des solutions pratiques aux probl\u00e8mes rencontr\u00e9s dans vos :<\/p>\n<ul>\n<li>Sch\u00e9ma, charte, plan climat, ZDE, PCET&#8230;<\/li>\n<li>SCoT, PLU, \u00e9coquartier, AEU, permis de construire (b\u00e2ti d&rsquo;envergure, lotissement, ZAC&#8230;)<\/li>\n<li>Dossiers d\u2019autorisation d\u2019exploiter ICPE (carri\u00e8re, \u00e9olien, photovolta\u00efque&#8230;), d\u2019enqu\u00eate publique, de gestion de l&rsquo;eau, de DUP, de d\u00e9frichement&#8230;<\/li>\n<\/ul>\n<\/div>\n<p>&nbsp;<\/p>\n","protected":false},"excerpt":{"rendered":"<p>Dans les projets d&rsquo;am\u00e9nagement, le respect de l&rsquo;environnement ne doit pas \u00eatre consid\u00e9r\u00e9 comme une contrainte, mais comme un atout. Notre bureau d&rsquo;\u00e9tudes et de conseils en environnement vous apporte un angle de vue compl\u00e9mentaire au sein de votre \u00e9quipe projet et vous propose\u00a0d&rsquo;apporter des solutions pratiques aux probl\u00e8mes rencontr\u00e9s dans vos : Sch\u00e9ma, charte, &hellip; <\/p>\n<p><a class=\"more-link btn\" href=\"https:\/\/www.enviroscop.fr\/actu\/nos-metiers\/nos-prestations\/integration-environnementale\/\">Lire la suite<\/a><\/p>\n","protected":false},"author":1,"featured_media":0,"parent":555,"menu_order":0,"comment_status":"closed","ping_status":"closed","template":"template-onecolumn.php","meta":{"jetpack_post_was_ever_published":false,"footnotes":""},"class_list":["post-570","page","type-page","status-publish","hentry","nodate","item-wrap"],"jetpack_shortlink":"https:\/\/wp.me\/P3rXAp-9c","jetpack_likes_enabled":true,"jetpack-related-posts":[{"id":620,"url":"https:\/\/www.enviroscop.fr\/actu\/qui-sommes-nous\/notre-ethique\/nos-engagements\/","url_meta":{"origin":570,"position":0},"title":"Nos engagements","author":"Enviroscop","date":"29 mars 2013","format":false,"excerpt":"Partenariat Disponibles et r\u00e9actifs,\u00a0 nous nous investissons dans vos projets comme s\u2019il s\u2019agissait des n\u00f4tres. En tant que\u00a0SCOP, tous nos salari\u00e9s ont int\u00e9r\u00eat \u00e0 la bonne r\u00e9ussite de l\u2019entreprise (actionnariat, participation) et des missions qui leurs sont confi\u00e9es. D\u00e9tenue \u00e0 100% par ses salari\u00e9s, Enviroscop est ind\u00e9pendante des grands groupes.\u2026","rel":"","context":"Article similaire","block_context":{"text":"Article similaire","link":""},"img":{"alt_text":"","src":"","width":0,"height":0},"classes":[]},{"id":5104,"url":"https:\/\/www.enviroscop.fr\/actu\/mail-disclaimer\/","url_meta":{"origin":570,"position":1},"title":"Mail Disclaimer","author":"Enviroscop","date":"9 janvier 2023","format":false,"excerpt":"Toute information contenue dans cette lettre est confidentielle et est destin\u00e9e \u00e0 un usage individuel sp\u00e9cifique et est prot\u00e9g\u00e9e par la loi. Si vous n'\u00eates pas le destinataire pr\u00e9vu, vous devez supprimer ce message et \u00eates inform\u00e9 que toute divulgation, copie ou distribution de ce message est strictement interdite. Veuillez\u2026","rel":"","context":"Article similaire","block_context":{"text":"Article similaire","link":""},"img":{"alt_text":"E-mail - Ic\u00f4nes les communications gratuites","src":"https:\/\/i0.wp.com\/cdn-icons-png.flaticon.com\/512\/4245\/4245366.png?resize=350%2C200&ssl=1","width":350,"height":200},"classes":[]},{"id":3197,"url":"https:\/\/www.enviroscop.fr\/actu\/recrutement-2\/","url_meta":{"origin":570,"position":2},"title":"Recrutement","author":"Enviroscop","date":"6 d\u00e9cembre 2018","format":false,"excerpt":"Vous avez r\u00e9pondu \"OUI\" \u00e0 ces quatre questions ? Votre candidature part bien pour les \"softskills\" voyons maintenant votre profil... \u00a0 L'Environnement, ce n'est pas une sp\u00e9cialit\u00e9, mais des sp\u00e9cialit\u00e9s, alors, si vous \u00eates \"ing\u00e9nieur environnement\" avec un \"\u0153il diff\u00e9rent\" (paysage, nature, acoustique, p\u00e9dologie, hydrologie...) ou g\u00e9n\u00e9raliste, vous \u00eates sur\u2026","rel":"","context":"Article similaire","block_context":{"text":"Article similaire","link":""},"img":{"alt_text":"","src":"","width":0,"height":0},"classes":[]},{"id":418,"url":"https:\/\/www.enviroscop.fr\/actu\/site\/","url_meta":{"origin":570,"position":3},"title":"Accueil","author":"Enviroscop","date":"28 f\u00e9vrier 2013","format":false,"excerpt":"Bienvenue sur le site d'Enviroscop. Que vous soyez : collectivit\u00e9, industriel, administration, bureaux d'\u00e9tudes, nous sommes \u00e0 votre \u00e9coute pour vous accompagner durablement dans votre projet. Fond\u00e9 en 2007, Enviroscop est un bureau d'\u00e9tudes, expertises et conseils dont les consultants-coop\u00e9rateurs-cr\u00e9ateurs capitalisent pr\u00e8s de 30 ans d'exp\u00e9rience dans : l\u2019assistance \u00e0\u2026","rel":"","context":"Article similaire","block_context":{"text":"Article similaire","link":""},"img":{"alt_text":"","src":"","width":0,"height":0},"classes":[]},{"id":625,"url":"https:\/\/www.enviroscop.fr\/actu\/qui-sommes-nous\/notre-ethique\/scop\/","url_meta":{"origin":570,"position":4},"title":"enviroSCOP ?","author":"Enviroscop","date":"29 mars 2013","format":false,"excerpt":"Les SCOP (Soci\u00e9t\u00e9 COop\u00e9rative et Participative) sont des soci\u00e9t\u00e9s commerciales : elles rel\u00e8vent de la loi sur les soci\u00e9t\u00e9s ; elles choisissent d\u2019\u00eatre une soci\u00e9t\u00e9 \u00e0 responsabilit\u00e9 limit\u00e9e (SARL, ce qui est le cas d'Enviroscop) ou une soci\u00e9t\u00e9 anonyme (SA). A cette base juridique viennent se greffer la loi sur\u2026","rel":"","context":"Article similaire","block_context":{"text":"Article similaire","link":""},"img":{"alt_text":"Logo SCOP","src":"https:\/\/i0.wp.com\/www.enviroscop.fr\/actu\/wp-content\/uploads\/2019\/07\/LOGOHEADER-2018-300x70.png?resize=350%2C200","width":350,"height":200},"classes":[]},{"id":558,"url":"https:\/\/www.enviroscop.fr\/actu\/nos-metiers\/nos-prestations\/evaluation-environnementale\/","url_meta":{"origin":570,"position":5},"title":"Evaluation environnementale","author":"Enviroscop","date":"29 mars 2013","format":false,"excerpt":"V\u00e9ritable c\u0153ur de notre m\u00e9tier, nous vous accompagnons dans cette d\u00e9marche continue et it\u00e9rative. Elle vous permettra d\u2019analyser les effets sur l\u2019environnement d\u2019un projet, plan ou programme et de pr\u00e9venir ses cons\u00e9quences dommageables sur l\u2019environnement. Nous travaillons sur divers types d'\u00e9valuation, \u00e0 savoir : Etude d\u2019impacts \/ d'incidence : \u00e9olien,\u2026","rel":"","context":"Article similaire","block_context":{"text":"Article similaire","link":""},"img":{"alt_text":"","src":"https:\/\/i0.wp.com\/www.enviroscop.fr\/mediapool\/57\/575115\/resources\/big_27853044_0_275-150.png?resize=350%2C200","width":350,"height":200},"classes":[]}],"jetpack_sharing_enabled":true,"_links":{"self":[{"href":"https:\/\/www.enviroscop.fr\/actu\/wp-json\/wp\/v2\/pages\/570","targetHints":{"allow":["GET"]}}],"collection":[{"href":"https:\/\/www.enviroscop.fr\/actu\/wp-json\/wp\/v2\/pages"}],"about":[{"href":"https:\/\/www.enviroscop.fr\/actu\/wp-json\/wp\/v2\/types\/page"}],"author":[{"embeddable":true,"href":"https:\/\/www.enviroscop.fr\/actu\/wp-json\/wp\/v2\/users\/1"}],"replies":[{"embeddable":true,"href":"https:\/\/www.enviroscop.fr\/actu\/wp-json\/wp\/v2\/comments?post=570"}],"version-history":[{"count":3,"href":"https:\/\/www.enviroscop.fr\/actu\/wp-json\/wp\/v2\/pages\/570\/revisions"}],"predecessor-version":[{"id":4834,"href":"https:\/\/www.enviroscop.fr\/actu\/wp-json\/wp\/v2\/pages\/570\/revisions\/4834"}],"up":[{"embeddable":true,"href":"https:\/\/www.enviroscop.fr\/actu\/wp-json\/wp\/v2\/pages\/555"}],"wp:attachment":[{"href":"https:\/\/www.enviroscop.fr\/actu\/wp-json\/wp\/v2\/media?parent=570"}],"curies":[{"name":"wp","href":"https:\/\/api.w.org\/{rel}","templated":true}]}}