{"id":574,"date":"2013-03-29T15:22:14","date_gmt":"2013-03-29T14:22:14","guid":{"rendered":"http:\/\/www.enviroscop.fr\/actu\/?page_id=574"},"modified":"2020-09-25T13:01:30","modified_gmt":"2020-09-25T12:01:30","slug":"perspectives-et-territoires","status":"publish","type":"page","link":"https:\/\/www.enviroscop.fr\/actu\/nos-metiers\/nos-prestations\/perspectives-et-territoires\/","title":{"rendered":"Perspectives et territoires"},"content":{"rendered":"<div style=\"width: 275px\" class=\"wp-caption alignright\"><a href=\"https:\/\/www.enviroscop.fr\/actu\/nos-references\/\" target=\"_blank\" rel=\"noopener noreferrer\"><img data-recalc-dims=\"1\" loading=\"lazy\" decoding=\"async\" id=\"27853460\" style=\"margin: 0px; border: 0px;\" src=\"https:\/\/i0.wp.com\/www.enviroscop.fr\/mediapool\/57\/575115\/resources\/big_27853460_0_275-150.png?resize=275%2C150\" alt=\"\" width=\"275\" height=\"150\" name=\"image_27853460\" border=\"0\" hspace=\"0\" vspace=\"0\" \/><\/a><p class=\"wp-caption-text\">Cliquez sur l&rsquo;image pour voir nos derni\u00e8res r\u00e9f\u00e9rences<\/p><\/div>\n<p>Faire progresser vertueusement les territoires pour int\u00e9grer une optique de d\u00e9veloppement durable est une d\u00e9marche qui n\u00e9cessite p\u00e9dagogie et connaissance de ses propres atouts et faiblesses.<\/p>\n<p>Pour ce faire, nous vous accompagnons dans vos :<\/p>\n<ul>\n<li>D\u00e9marche de projet : Diagnostic \/ Enjeux partag\u00e9s \/ Objectifs \/ Plan d\u2019actions \/ Suivi<\/li>\n<li>Dispositifs de suivi, indicateurs et \u00e9valuation<\/li>\n<li>Phases de concertation, besoins de formations&#8230;<\/li>\n<\/ul>\n<p>&nbsp;<\/p>\n","protected":false},"excerpt":{"rendered":"<p>Faire progresser vertueusement les territoires pour int\u00e9grer une optique de d\u00e9veloppement durable est une d\u00e9marche qui n\u00e9cessite p\u00e9dagogie et connaissance de ses propres atouts et faiblesses. Pour ce faire, nous vous accompagnons dans vos : D\u00e9marche de projet : Diagnostic \/ Enjeux partag\u00e9s \/ Objectifs \/ Plan d\u2019actions \/ Suivi Dispositifs de suivi, indicateurs et &hellip; <\/p>\n<p><a class=\"more-link btn\" href=\"https:\/\/www.enviroscop.fr\/actu\/nos-metiers\/nos-prestations\/perspectives-et-territoires\/\">Lire la suite<\/a><\/p>\n","protected":false},"author":1,"featured_media":0,"parent":555,"menu_order":0,"comment_status":"closed","ping_status":"closed","template":"template-onecolumn.php","meta":{"jetpack_post_was_ever_published":false,"footnotes":""},"class_list":["post-574","page","type-page","status-publish","hentry","nodate","item-wrap"],"jetpack_shortlink":"https:\/\/wp.me\/P3rXAp-9g","jetpack_likes_enabled":true,"jetpack-related-posts":[{"id":547,"url":"https:\/\/www.enviroscop.fr\/actu\/nos-metiers\/nos-territoires\/","url_meta":{"origin":574,"position":0},"title":"Nos territoires d&rsquo;intervention","author":"Enviroscop","date":"29 mars 2013","format":false,"excerpt":"Nos agences nous permettent d'intervenir sur tout le territoire m\u00e9tropolitain, avec une pr\u00e9dilection pour le grand quart nord-ouest de la France : du r\u00e9gional, intercommunal au local, de la d\u00e9marche de planification au projet op\u00e9rationnel.","rel":"","context":"Article similaire","block_context":{"text":"Article similaire","link":""},"img":{"alt_text":"","src":"https:\/\/i0.wp.com\/www.enviroscop.fr\/actu\/wp-content\/uploads\/2026\/03\/carte.png?resize=350%2C200&ssl=1","width":350,"height":200,"srcset":"https:\/\/i0.wp.com\/www.enviroscop.fr\/actu\/wp-content\/uploads\/2026\/03\/carte.png?resize=350%2C200&ssl=1 1x, https:\/\/i0.wp.com\/www.enviroscop.fr\/actu\/wp-content\/uploads\/2026\/03\/carte.png?resize=525%2C300&ssl=1 1.5x, https:\/\/i0.wp.com\/www.enviroscop.fr\/actu\/wp-content\/uploads\/2026\/03\/carte.png?resize=700%2C400&ssl=1 2x"},"classes":[]},{"id":620,"url":"https:\/\/www.enviroscop.fr\/actu\/qui-sommes-nous\/notre-ethique\/nos-engagements\/","url_meta":{"origin":574,"position":1},"title":"Nos engagements","author":"Enviroscop","date":"29 mars 2013","format":false,"excerpt":"Partenariat Disponibles et r\u00e9actifs,\u00a0 nous nous investissons dans vos projets comme s\u2019il s\u2019agissait des n\u00f4tres. En tant que\u00a0SCOP, tous nos salari\u00e9s ont int\u00e9r\u00eat \u00e0 la bonne r\u00e9ussite de l\u2019entreprise (actionnariat, participation) et des missions qui leurs sont confi\u00e9es. D\u00e9tenue \u00e0 100% par ses salari\u00e9s, Enviroscop est ind\u00e9pendante des grands groupes.\u2026","rel":"","context":"Article similaire","block_context":{"text":"Article similaire","link":""},"img":{"alt_text":"","src":"","width":0,"height":0},"classes":[]},{"id":558,"url":"https:\/\/www.enviroscop.fr\/actu\/nos-metiers\/nos-prestations\/evaluation-environnementale\/","url_meta":{"origin":574,"position":2},"title":"Evaluation environnementale","author":"Enviroscop","date":"29 mars 2013","format":false,"excerpt":"V\u00e9ritable c\u0153ur de notre m\u00e9tier, nous vous accompagnons dans cette d\u00e9marche continue et it\u00e9rative. Elle vous permettra d\u2019analyser les effets sur l\u2019environnement d\u2019un projet, plan ou programme et de pr\u00e9venir ses cons\u00e9quences dommageables sur l\u2019environnement. Nous travaillons sur divers types d'\u00e9valuation, \u00e0 savoir : Etude d\u2019impacts \/ d'incidence : \u00e9olien,\u2026","rel":"","context":"Article similaire","block_context":{"text":"Article similaire","link":""},"img":{"alt_text":"","src":"https:\/\/i0.wp.com\/www.enviroscop.fr\/mediapool\/57\/575115\/resources\/big_27853044_0_275-150.png?resize=350%2C200","width":350,"height":200},"classes":[]},{"id":625,"url":"https:\/\/www.enviroscop.fr\/actu\/qui-sommes-nous\/notre-ethique\/scop\/","url_meta":{"origin":574,"position":3},"title":"enviroSCOP ?","author":"Enviroscop","date":"29 mars 2013","format":false,"excerpt":"Les SCOP (Soci\u00e9t\u00e9 COop\u00e9rative et Participative) sont des soci\u00e9t\u00e9s commerciales : elles rel\u00e8vent de la loi sur les soci\u00e9t\u00e9s ; elles choisissent d\u2019\u00eatre une soci\u00e9t\u00e9 \u00e0 responsabilit\u00e9 limit\u00e9e (SARL, ce qui est le cas d'Enviroscop) ou une soci\u00e9t\u00e9 anonyme (SA). A cette base juridique viennent se greffer la loi sur\u2026","rel":"","context":"Article similaire","block_context":{"text":"Article similaire","link":""},"img":{"alt_text":"Logo SCOP","src":"https:\/\/i0.wp.com\/www.enviroscop.fr\/actu\/wp-content\/uploads\/2019\/07\/LOGOHEADER-2018-300x70.png?resize=350%2C200","width":350,"height":200},"classes":[]},{"id":580,"url":"https:\/\/www.enviroscop.fr\/actu\/nos-metiers\/nos-prestations\/concertation\/","url_meta":{"origin":574,"position":4},"title":"Concertation","author":"Enviroscop","date":"29 mars 2013","format":false,"excerpt":"L'objectif de la concertation environnementale n'est\u00a0pas d'apporter un b\u00e9n\u00e9fice \u00e0 une personne en particulier, le porteur de projet. Il s'agit de faire \u00e9voluer et d'enrichir le projet pour accompagner son acceptation locale. Diff\u00e9rents \"outils\" sont disponibles et ma\u00eetris\u00e9s par notre bureau d'\u00e9tudes : Facilitation, concertation, recherche du consensus Animations de\u2026","rel":"","context":"Article similaire","block_context":{"text":"Article similaire","link":""},"img":{"alt_text":"","src":"https:\/\/i0.wp.com\/www.enviroscop.fr\/mediapool\/57\/575115\/resources\/big_27853293_0_275-150.png?resize=350%2C200","width":350,"height":200},"classes":[]},{"id":770,"url":"https:\/\/www.enviroscop.fr\/actu\/qui-sommes-nous\/lequipe\/","url_meta":{"origin":574,"position":5},"title":"L&rsquo;\u00e9quipe","author":"Enviroscop","date":"29 mars 2013","format":false,"excerpt":"Nos neuf profils compl\u00e9mentaires permettent \u00e0 Enviroscop d'\u00eatre au c\u0153ur des attentes des industriels, des pr\u00e9occupations des administrations et des besoins des collectivit\u00e9s. Nathalie BILLER Ing\u00e9nieure environnement et g\u00e9omatique, dipl\u00f4m\u00e9e en Gestion et Protection de la Nature (1996), Am\u00e9nagement Environnement (1998), et SIG-gestion de l\u2019espace (1999), Form\u00e9e \u00e0 la conduite\u2026","rel":"","context":"Article similaire","block_context":{"text":"Article similaire","link":""},"img":{"alt_text":"","src":"https:\/\/i0.wp.com\/www.enviroscop.fr\/actu\/wp-content\/uploads\/2019\/07\/recadrage1000-4.jpg?resize=350%2C200&ssl=1","width":350,"height":200,"srcset":"https:\/\/i0.wp.com\/www.enviroscop.fr\/actu\/wp-content\/uploads\/2019\/07\/recadrage1000-4.jpg?resize=350%2C200&ssl=1 1x, https:\/\/i0.wp.com\/www.enviroscop.fr\/actu\/wp-content\/uploads\/2019\/07\/recadrage1000-4.jpg?resize=525%2C300&ssl=1 1.5x, https:\/\/i0.wp.com\/www.enviroscop.fr\/actu\/wp-content\/uploads\/2019\/07\/recadrage1000-4.jpg?resize=700%2C400&ssl=1 2x"},"classes":[]}],"jetpack_sharing_enabled":true,"_links":{"self":[{"href":"https:\/\/www.enviroscop.fr\/actu\/wp-json\/wp\/v2\/pages\/574","targetHints":{"allow":["GET"]}}],"collection":[{"href":"https:\/\/www.enviroscop.fr\/actu\/wp-json\/wp\/v2\/pages"}],"about":[{"href":"https:\/\/www.enviroscop.fr\/actu\/wp-json\/wp\/v2\/types\/page"}],"author":[{"embeddable":true,"href":"https:\/\/www.enviroscop.fr\/actu\/wp-json\/wp\/v2\/users\/1"}],"replies":[{"embeddable":true,"href":"https:\/\/www.enviroscop.fr\/actu\/wp-json\/wp\/v2\/comments?post=574"}],"version-history":[{"count":2,"href":"https:\/\/www.enviroscop.fr\/actu\/wp-json\/wp\/v2\/pages\/574\/revisions"}],"predecessor-version":[{"id":3860,"href":"https:\/\/www.enviroscop.fr\/actu\/wp-json\/wp\/v2\/pages\/574\/revisions\/3860"}],"up":[{"embeddable":true,"href":"https:\/\/www.enviroscop.fr\/actu\/wp-json\/wp\/v2\/pages\/555"}],"wp:attachment":[{"href":"https:\/\/www.enviroscop.fr\/actu\/wp-json\/wp\/v2\/media?parent=574"}],"curies":[{"name":"wp","href":"https:\/\/api.w.org\/{rel}","templated":true}]}}