{"id":577,"date":"2013-03-29T15:24:32","date_gmt":"2013-03-29T14:24:32","guid":{"rendered":"http:\/\/www.enviroscop.fr\/actu\/?page_id=577"},"modified":"2020-09-25T12:54:59","modified_gmt":"2020-09-25T11:54:59","slug":"bases-de-donnees-et-cartographie-georeferencee-des-problematiques-environnementales","status":"publish","type":"page","link":"https:\/\/www.enviroscop.fr\/actu\/nos-metiers\/nos-prestations\/bases-de-donnees-et-cartographie-georeferencee-des-problematiques-environnementales\/","title":{"rendered":"Bases de donn\u00e9es et cartographie g\u00e9or\u00e9f\u00e9renc\u00e9e des probl\u00e9matiques environnementales"},"content":{"rendered":"<div id=\"attachment_787\" style=\"width: 300px\" class=\"wp-caption alignright\"><a href=\"https:\/\/www.enviroscop.fr\/actu\/nos-references\/\" target=\"_blank\" rel=\"noopener noreferrer\"><img data-recalc-dims=\"1\" loading=\"lazy\" decoding=\"async\" aria-describedby=\"caption-attachment-787\" data-attachment-id=\"787\" data-permalink=\"https:\/\/www.enviroscop.fr\/actu\/nos-metiers\/nos-prestations\/bases-de-donnees-et-cartographie-georeferencee-des-problematiques-environnementales\/sig\/\" data-orig-file=\"https:\/\/i0.wp.com\/www.enviroscop.fr\/actu\/wp-content\/uploads\/2013\/03\/SIG.png?fit=575%2C314&amp;ssl=1\" data-orig-size=\"575,314\" data-comments-opened=\"1\" data-image-meta=\"{&quot;aperture&quot;:&quot;0&quot;,&quot;credit&quot;:&quot;&quot;,&quot;camera&quot;:&quot;&quot;,&quot;caption&quot;:&quot;&quot;,&quot;created_timestamp&quot;:&quot;0&quot;,&quot;copyright&quot;:&quot;&quot;,&quot;focal_length&quot;:&quot;0&quot;,&quot;iso&quot;:&quot;0&quot;,&quot;shutter_speed&quot;:&quot;0&quot;,&quot;title&quot;:&quot;&quot;}\" data-image-title=\"SIG\" data-image-description=\"\" data-image-caption=\"\" data-large-file=\"https:\/\/i0.wp.com\/www.enviroscop.fr\/actu\/wp-content\/uploads\/2013\/03\/SIG.png?fit=575%2C314&amp;ssl=1\" class=\"wp-image-787 size-medium\" style=\"border: 0px; margin-top: 0px; margin-bottom: 0px; margin-left: 0px;\" src=\"https:\/\/i0.wp.com\/www.enviroscop.fr\/actu\/wp-content\/uploads\/2013\/03\/SIG.png?resize=300%2C163&#038;ssl=1\" alt=\"SIG\" width=\"300\" height=\"163\" srcset=\"https:\/\/i0.wp.com\/www.enviroscop.fr\/actu\/wp-content\/uploads\/2013\/03\/SIG.png?resize=300%2C163&amp;ssl=1 300w, https:\/\/i0.wp.com\/www.enviroscop.fr\/actu\/wp-content\/uploads\/2013\/03\/SIG.png?w=575&amp;ssl=1 575w\" sizes=\"auto, (max-width: 300px) 100vw, 300px\" \/><\/a><p id=\"caption-attachment-787\" class=\"wp-caption-text\">(Cliquez sur l&rsquo;image pour voir nos r\u00e9f\u00e9rences les plus r\u00e9centes)<\/p><\/div>\n<p>SIG et bases de donn\u00e9es g\u00e9ographiques sont de plus en plus fr\u00e9quemment utilis\u00e9s pour traiter de probl\u00e9matiques environnementales. Notre exp\u00e9rience en la mati\u00e8re vous permet d&rsquo;acc\u00e9der \u00e0 ces outils :<\/p>\n<ul>\n<li>Cartographie des enjeux du d\u00e9veloppement durable (SIG \/infographie)<\/li>\n<li>Gestion de bases de donn\u00e9es<\/li>\n<li>M\u00e9thodologies pour l&rsquo;int\u00e9gration de l&rsquo;environnement (fonctions \u00e9cologiques, TVB, \u00e9nergies, indicateurs, mesures compensatoires)<\/li>\n<li>Volet paysager<\/li>\n<\/ul>\n<p style=\"text-align: right;\">\n","protected":false},"excerpt":{"rendered":"<p>SIG et bases de donn\u00e9es g\u00e9ographiques sont de plus en plus fr\u00e9quemment utilis\u00e9s pour traiter de probl\u00e9matiques environnementales. Notre exp\u00e9rience en la mati\u00e8re vous permet d&rsquo;acc\u00e9der \u00e0 ces outils : Cartographie des enjeux du d\u00e9veloppement durable (SIG \/infographie) Gestion de bases de donn\u00e9es M\u00e9thodologies pour l&rsquo;int\u00e9gration de l&rsquo;environnement (fonctions \u00e9cologiques, TVB, \u00e9nergies, indicateurs, mesures compensatoires) &hellip; <\/p>\n<p><a class=\"more-link btn\" href=\"https:\/\/www.enviroscop.fr\/actu\/nos-metiers\/nos-prestations\/bases-de-donnees-et-cartographie-georeferencee-des-problematiques-environnementales\/\">Lire la suite<\/a><\/p>\n","protected":false},"author":1,"featured_media":0,"parent":555,"menu_order":0,"comment_status":"closed","ping_status":"closed","template":"template-onecolumn.php","meta":{"jetpack_post_was_ever_published":false,"footnotes":""},"class_list":["post-577","page","type-page","status-publish","hentry","nodate","item-wrap"],"jetpack_shortlink":"https:\/\/wp.me\/P3rXAp-9j","jetpack_likes_enabled":true,"jetpack-related-posts":[{"id":555,"url":"https:\/\/www.enviroscop.fr\/actu\/nos-metiers\/nos-prestations\/","url_meta":{"origin":577,"position":0},"title":"Nos prestations","author":"Enviroscop","date":"29 mars 2013","format":false,"excerpt":"L'ensemble de nos activit\u00e9s s'articule autour de cinq grands domaines interactifs : \u00c9valuation\u00a0environnementale\u00a0des projets, plans et programmes Int\u00e9gration environnementale Perspectives et territoires Bases de donn\u00e9es et Cartographie\u00a0g\u00e9or\u00e9f\u00e9renc\u00e9e des probl\u00e9matiques environnementales Concertation Nous assurons des formations (grand public, \u00e9lus, professionnels) sur ces diff\u00e9rents th\u00e8mes.","rel":"","context":"Article similaire","block_context":{"text":"Article similaire","link":""},"img":{"alt_text":"","src":"https:\/\/i0.wp.com\/www.enviroscop.fr\/mediapool\/57\/575115\/resources\/27852970.png?resize=350%2C200","width":350,"height":200},"classes":[]},{"id":418,"url":"https:\/\/www.enviroscop.fr\/actu\/site\/","url_meta":{"origin":577,"position":1},"title":"Accueil","author":"Enviroscop","date":"28 f\u00e9vrier 2013","format":false,"excerpt":"Bienvenue sur le site d'Enviroscop. Que vous soyez : collectivit\u00e9, industriel, administration, bureaux d'\u00e9tudes, nous sommes \u00e0 votre \u00e9coute pour vous accompagner durablement dans votre projet. Fond\u00e9 en 2007, Enviroscop est un bureau d'\u00e9tudes, expertises et conseils dont les consultants-coop\u00e9rateurs-cr\u00e9ateurs capitalisent pr\u00e8s de 30 ans d'exp\u00e9rience dans : l\u2019assistance \u00e0\u2026","rel":"","context":"Article similaire","block_context":{"text":"Article similaire","link":""},"img":{"alt_text":"","src":"","width":0,"height":0},"classes":[]},{"id":770,"url":"https:\/\/www.enviroscop.fr\/actu\/qui-sommes-nous\/lequipe\/","url_meta":{"origin":577,"position":2},"title":"L&rsquo;\u00e9quipe","author":"Enviroscop","date":"29 mars 2013","format":false,"excerpt":"Nos neuf profils compl\u00e9mentaires permettent \u00e0 Enviroscop d'\u00eatre au c\u0153ur des attentes des industriels, des pr\u00e9occupations des administrations et des besoins des collectivit\u00e9s. Nathalie BILLER Ing\u00e9nieure environnement et g\u00e9omatique, dipl\u00f4m\u00e9e en Gestion et Protection de la Nature (1996), Am\u00e9nagement Environnement (1998), et SIG-gestion de l\u2019espace (1999), Form\u00e9e \u00e0 la conduite\u2026","rel":"","context":"Article similaire","block_context":{"text":"Article similaire","link":""},"img":{"alt_text":"","src":"https:\/\/i0.wp.com\/www.enviroscop.fr\/actu\/wp-content\/uploads\/2019\/07\/recadrage1000-4.jpg?resize=350%2C200&ssl=1","width":350,"height":200,"srcset":"https:\/\/i0.wp.com\/www.enviroscop.fr\/actu\/wp-content\/uploads\/2019\/07\/recadrage1000-4.jpg?resize=350%2C200&ssl=1 1x, https:\/\/i0.wp.com\/www.enviroscop.fr\/actu\/wp-content\/uploads\/2019\/07\/recadrage1000-4.jpg?resize=525%2C300&ssl=1 1.5x, https:\/\/i0.wp.com\/www.enviroscop.fr\/actu\/wp-content\/uploads\/2019\/07\/recadrage1000-4.jpg?resize=700%2C400&ssl=1 2x"},"classes":[]},{"id":535,"url":"https:\/\/www.enviroscop.fr\/actu\/telechargement\/conditions-generales\/","url_meta":{"origin":577,"position":3},"title":"Conditions g\u00e9n\u00e9rales","author":"Enviroscop","date":"29 mars 2013","format":false,"excerpt":"www.enviroscop.fr et actu.enviroscop.com sont deux sites \u00e9dit\u00e9s par Enviroscop : D\u00e9nomination sociale : Enviroscop RCS : ROUEN 498 711 290 SIRET 498 711 290 00045 Date d\u2019immatriculation : 26 juin 2007 Forme juridique : SCOP ARL Capital : variable Num\u00e9ro de TVA intra-communautaire : FR62498711290 Adresse du si\u00e8ge : 27\u2026","rel":"","context":"Article similaire","block_context":{"text":"Article similaire","link":""},"img":{"alt_text":"","src":"","width":0,"height":0},"classes":[]},{"id":5104,"url":"https:\/\/www.enviroscop.fr\/actu\/mail-disclaimer\/","url_meta":{"origin":577,"position":4},"title":"Mail Disclaimer","author":"Enviroscop","date":"9 janvier 2023","format":false,"excerpt":"Toute information contenue dans cette lettre est confidentielle et est destin\u00e9e \u00e0 un usage individuel sp\u00e9cifique et est prot\u00e9g\u00e9e par la loi. Si vous n'\u00eates pas le destinataire pr\u00e9vu, vous devez supprimer ce message et \u00eates inform\u00e9 que toute divulgation, copie ou distribution de ce message est strictement interdite. Veuillez\u2026","rel":"","context":"Article similaire","block_context":{"text":"Article similaire","link":""},"img":{"alt_text":"E-mail - Ic\u00f4nes les communications gratuites","src":"https:\/\/i0.wp.com\/cdn-icons-png.flaticon.com\/512\/4245\/4245366.png?resize=350%2C200&ssl=1","width":350,"height":200},"classes":[]},{"id":608,"url":"https:\/\/www.enviroscop.fr\/actu\/qui-sommes-nous\/nos-moyens\/","url_meta":{"origin":577,"position":5},"title":"Nos moyens","author":"Enviroscop","date":"29 mars 2013","format":false,"excerpt":"Une proc\u00e9dure interne de gestion des fichiers est mise en place, assurant un classement s\u00fbr et rapide des diff\u00e9rents \u00e9l\u00e9ments de projet. Notre bureau d\u2019\u00e9tudes b\u00e9n\u00e9ficie de mat\u00e9riel r\u00e9cent permettant la gestion de donn\u00e9es aux formats communs\u00a0: 10 Ordinateurs portables : Environnement Windows\u00ae 11, avec suite office 365\u00ae QGis 3.44\u00ae\u2026","rel":"","context":"Article similaire","block_context":{"text":"Article similaire","link":""},"img":{"alt_text":"","src":"","width":0,"height":0},"classes":[]}],"jetpack_sharing_enabled":true,"_links":{"self":[{"href":"https:\/\/www.enviroscop.fr\/actu\/wp-json\/wp\/v2\/pages\/577","targetHints":{"allow":["GET"]}}],"collection":[{"href":"https:\/\/www.enviroscop.fr\/actu\/wp-json\/wp\/v2\/pages"}],"about":[{"href":"https:\/\/www.enviroscop.fr\/actu\/wp-json\/wp\/v2\/types\/page"}],"author":[{"embeddable":true,"href":"https:\/\/www.enviroscop.fr\/actu\/wp-json\/wp\/v2\/users\/1"}],"replies":[{"embeddable":true,"href":"https:\/\/www.enviroscop.fr\/actu\/wp-json\/wp\/v2\/comments?post=577"}],"version-history":[{"count":2,"href":"https:\/\/www.enviroscop.fr\/actu\/wp-json\/wp\/v2\/pages\/577\/revisions"}],"predecessor-version":[{"id":3855,"href":"https:\/\/www.enviroscop.fr\/actu\/wp-json\/wp\/v2\/pages\/577\/revisions\/3855"}],"up":[{"embeddable":true,"href":"https:\/\/www.enviroscop.fr\/actu\/wp-json\/wp\/v2\/pages\/555"}],"wp:attachment":[{"href":"https:\/\/www.enviroscop.fr\/actu\/wp-json\/wp\/v2\/media?parent=577"}],"curies":[{"name":"wp","href":"https:\/\/api.w.org\/{rel}","templated":true}]}}