{"id":580,"date":"2013-03-29T15:26:16","date_gmt":"2013-03-29T14:26:16","guid":{"rendered":"http:\/\/www.enviroscop.fr\/actu\/?page_id=580"},"modified":"2020-09-25T12:54:04","modified_gmt":"2020-09-25T11:54:04","slug":"concertation","status":"publish","type":"page","link":"https:\/\/www.enviroscop.fr\/actu\/nos-metiers\/nos-prestations\/concertation\/","title":{"rendered":"Concertation"},"content":{"rendered":"<div style=\"width: 275px\" class=\"wp-caption alignright\"><a href=\"https:\/\/www.enviroscop.fr\/actu\/nos-references\/\" target=\"_blank\" rel=\"noopener noreferrer\"><img data-recalc-dims=\"1\" loading=\"lazy\" decoding=\"async\" id=\"27853293\" style=\"margin: 0px; border: 0px;\" src=\"https:\/\/i0.wp.com\/www.enviroscop.fr\/mediapool\/57\/575115\/resources\/big_27853293_0_275-150.png?resize=275%2C150\" alt=\"\" width=\"275\" height=\"150\" name=\"image_27853293\" border=\"0\" hspace=\"0\" vspace=\"0\" \/><\/a><p class=\"wp-caption-text\">(Cliquez sur l&rsquo;image pour voir nos r\u00e9f\u00e9rences les plus r\u00e9centes)<\/p><\/div>\n<p>L&rsquo;objectif de la concertation environnementale n&rsquo;est\u00a0pas d&rsquo;apporter un b\u00e9n\u00e9fice \u00e0 une personne en particulier, le porteur de projet. Il s&rsquo;agit de faire \u00e9voluer et d&rsquo;enrichir le projet pour accompagner son acceptation locale.<\/p>\n<div align=\"left\">\n<p>Diff\u00e9rents \u00ab\u00a0outils\u00a0\u00bb sont disponibles et ma\u00eetris\u00e9s par notre bureau d&rsquo;\u00e9tudes :<\/p>\n<ul>\n<li>Facilitation, concertation, recherche du consensus<\/li>\n<li>Animations de r\u00e9union publique, pr\u00e9sentation, exposition, visite sur site&#8230;<\/li>\n<li>Ateliers participatifs<\/li>\n<li>Articles de presse, plaquette, panneaux, affiches, blog&#8230;<\/li>\n<\/ul>\n<p style=\"text-align: right;\">\n<\/div>\n","protected":false},"excerpt":{"rendered":"<p>L&rsquo;objectif de la concertation environnementale n&rsquo;est\u00a0pas d&rsquo;apporter un b\u00e9n\u00e9fice \u00e0 une personne en particulier, le porteur de projet. Il s&rsquo;agit de faire \u00e9voluer et d&rsquo;enrichir le projet pour accompagner son acceptation locale. Diff\u00e9rents \u00ab\u00a0outils\u00a0\u00bb sont disponibles et ma\u00eetris\u00e9s par notre bureau d&rsquo;\u00e9tudes : Facilitation, concertation, recherche du consensus Animations de r\u00e9union publique, pr\u00e9sentation, exposition, visite &hellip; <\/p>\n<p><a class=\"more-link btn\" href=\"https:\/\/www.enviroscop.fr\/actu\/nos-metiers\/nos-prestations\/concertation\/\">Lire la suite<\/a><\/p>\n","protected":false},"author":1,"featured_media":0,"parent":555,"menu_order":0,"comment_status":"closed","ping_status":"closed","template":"template-onecolumn.php","meta":{"jetpack_post_was_ever_published":false,"footnotes":""},"class_list":["post-580","page","type-page","status-publish","hentry","nodate","item-wrap"],"jetpack_shortlink":"https:\/\/wp.me\/P3rXAp-9m","jetpack_likes_enabled":true,"jetpack-related-posts":[{"id":418,"url":"https:\/\/www.enviroscop.fr\/actu\/site\/","url_meta":{"origin":580,"position":0},"title":"Accueil","author":"Enviroscop","date":"28 f\u00e9vrier 2013","format":false,"excerpt":"Bienvenue sur le site d'Enviroscop. Que vous soyez : collectivit\u00e9, industriel, administration, bureaux d'\u00e9tudes, nous sommes \u00e0 votre \u00e9coute pour vous accompagner durablement dans votre projet. Fond\u00e9 en 2007, Enviroscop est un bureau d'\u00e9tudes, expertises et conseils dont les consultants-coop\u00e9rateurs-cr\u00e9ateurs capitalisent pr\u00e8s de 30 ans d'exp\u00e9rience dans : l\u2019assistance \u00e0\u2026","rel":"","context":"Article similaire","block_context":{"text":"Article similaire","link":""},"img":{"alt_text":"","src":"","width":0,"height":0},"classes":[]},{"id":574,"url":"https:\/\/www.enviroscop.fr\/actu\/nos-metiers\/nos-prestations\/perspectives-et-territoires\/","url_meta":{"origin":580,"position":1},"title":"Perspectives et territoires","author":"Enviroscop","date":"29 mars 2013","format":false,"excerpt":"Faire progresser vertueusement les territoires pour int\u00e9grer une optique de d\u00e9veloppement durable est une d\u00e9marche qui n\u00e9cessite p\u00e9dagogie et connaissance de ses propres atouts et faiblesses. Pour ce faire, nous vous accompagnons dans vos : D\u00e9marche de projet : Diagnostic \/ Enjeux partag\u00e9s \/ Objectifs \/ Plan d\u2019actions \/ Suivi\u2026","rel":"","context":"Article similaire","block_context":{"text":"Article similaire","link":""},"img":{"alt_text":"","src":"https:\/\/i0.wp.com\/www.enviroscop.fr\/mediapool\/57\/575115\/resources\/big_27853460_0_275-150.png?resize=350%2C200","width":350,"height":200},"classes":[]},{"id":555,"url":"https:\/\/www.enviroscop.fr\/actu\/nos-metiers\/nos-prestations\/","url_meta":{"origin":580,"position":2},"title":"Nos prestations","author":"Enviroscop","date":"29 mars 2013","format":false,"excerpt":"L'ensemble de nos activit\u00e9s s'articule autour de cinq grands domaines interactifs : \u00c9valuation\u00a0environnementale\u00a0des projets, plans et programmes Int\u00e9gration environnementale Perspectives et territoires Bases de donn\u00e9es et Cartographie\u00a0g\u00e9or\u00e9f\u00e9renc\u00e9e des probl\u00e9matiques environnementales Concertation Nous assurons des formations (grand public, \u00e9lus, professionnels) sur ces diff\u00e9rents th\u00e8mes.","rel":"","context":"Article similaire","block_context":{"text":"Article similaire","link":""},"img":{"alt_text":"","src":"https:\/\/i0.wp.com\/www.enviroscop.fr\/mediapool\/57\/575115\/resources\/27852970.png?resize=350%2C200","width":350,"height":200},"classes":[]},{"id":770,"url":"https:\/\/www.enviroscop.fr\/actu\/qui-sommes-nous\/lequipe\/","url_meta":{"origin":580,"position":3},"title":"L&rsquo;\u00e9quipe","author":"Enviroscop","date":"29 mars 2013","format":false,"excerpt":"Nos neuf profils compl\u00e9mentaires permettent \u00e0 Enviroscop d'\u00eatre au c\u0153ur des attentes des industriels, des pr\u00e9occupations des administrations et des besoins des collectivit\u00e9s. Nathalie BILLER Ing\u00e9nieure environnement et g\u00e9omatique, dipl\u00f4m\u00e9e en Gestion et Protection de la Nature (1996), Am\u00e9nagement Environnement (1998), et SIG-gestion de l\u2019espace (1999), Form\u00e9e \u00e0 la conduite\u2026","rel":"","context":"Article similaire","block_context":{"text":"Article similaire","link":""},"img":{"alt_text":"","src":"https:\/\/i0.wp.com\/www.enviroscop.fr\/actu\/wp-content\/uploads\/2019\/07\/recadrage1000-4.jpg?resize=350%2C200&ssl=1","width":350,"height":200,"srcset":"https:\/\/i0.wp.com\/www.enviroscop.fr\/actu\/wp-content\/uploads\/2019\/07\/recadrage1000-4.jpg?resize=350%2C200&ssl=1 1x, https:\/\/i0.wp.com\/www.enviroscop.fr\/actu\/wp-content\/uploads\/2019\/07\/recadrage1000-4.jpg?resize=525%2C300&ssl=1 1.5x, https:\/\/i0.wp.com\/www.enviroscop.fr\/actu\/wp-content\/uploads\/2019\/07\/recadrage1000-4.jpg?resize=700%2C400&ssl=1 2x"},"classes":[]},{"id":545,"url":"https:\/\/www.enviroscop.fr\/actu\/nos-metiers\/nos-thematiques\/","url_meta":{"origin":580,"position":4},"title":"Nos th\u00e9matiques","author":"Enviroscop","date":"29 mars 2013","format":false,"excerpt":"Nous abordons, notamment au travers de l\u2019\u00e9valuation environnementale, tous les champs de l\u2019environnement et du d\u00e9veloppement durable : Cadre de vie, paysage, patrimoines, urbanisme Biodiversit\u00e9, milieux naturels, trames verte et bleue Ressources naturelles : granulats et roches massives, eau, air, gestion \u00e9conome des sols, \u00e9nergies renouvelables Eau & sols :\u2026","rel":"","context":"Article similaire","block_context":{"text":"Article similaire","link":""},"img":{"alt_text":"","src":"https:\/\/i0.wp.com\/www.enviroscop.fr\/mediapool\/57\/575115\/resources\/27879576.png?resize=350%2C200","width":350,"height":200},"classes":[]},{"id":620,"url":"https:\/\/www.enviroscop.fr\/actu\/qui-sommes-nous\/notre-ethique\/nos-engagements\/","url_meta":{"origin":580,"position":5},"title":"Nos engagements","author":"Enviroscop","date":"29 mars 2013","format":false,"excerpt":"Partenariat Disponibles et r\u00e9actifs,\u00a0 nous nous investissons dans vos projets comme s\u2019il s\u2019agissait des n\u00f4tres. En tant que\u00a0SCOP, tous nos salari\u00e9s ont int\u00e9r\u00eat \u00e0 la bonne r\u00e9ussite de l\u2019entreprise (actionnariat, participation) et des missions qui leurs sont confi\u00e9es. D\u00e9tenue \u00e0 100% par ses salari\u00e9s, Enviroscop est ind\u00e9pendante des grands groupes.\u2026","rel":"","context":"Article similaire","block_context":{"text":"Article similaire","link":""},"img":{"alt_text":"","src":"","width":0,"height":0},"classes":[]}],"jetpack_sharing_enabled":true,"_links":{"self":[{"href":"https:\/\/www.enviroscop.fr\/actu\/wp-json\/wp\/v2\/pages\/580","targetHints":{"allow":["GET"]}}],"collection":[{"href":"https:\/\/www.enviroscop.fr\/actu\/wp-json\/wp\/v2\/pages"}],"about":[{"href":"https:\/\/www.enviroscop.fr\/actu\/wp-json\/wp\/v2\/types\/page"}],"author":[{"embeddable":true,"href":"https:\/\/www.enviroscop.fr\/actu\/wp-json\/wp\/v2\/users\/1"}],"replies":[{"embeddable":true,"href":"https:\/\/www.enviroscop.fr\/actu\/wp-json\/wp\/v2\/comments?post=580"}],"version-history":[{"count":2,"href":"https:\/\/www.enviroscop.fr\/actu\/wp-json\/wp\/v2\/pages\/580\/revisions"}],"predecessor-version":[{"id":3854,"href":"https:\/\/www.enviroscop.fr\/actu\/wp-json\/wp\/v2\/pages\/580\/revisions\/3854"}],"up":[{"embeddable":true,"href":"https:\/\/www.enviroscop.fr\/actu\/wp-json\/wp\/v2\/pages\/555"}],"wp:attachment":[{"href":"https:\/\/www.enviroscop.fr\/actu\/wp-json\/wp\/v2\/media?parent=580"}],"curies":[{"name":"wp","href":"https:\/\/api.w.org\/{rel}","templated":true}]}}