{"id":582,"date":"2013-03-29T15:27:18","date_gmt":"2013-03-29T14:27:18","guid":{"rendered":"http:\/\/www.enviroscop.fr\/actu\/?page_id=582"},"modified":"2026-03-26T14:16:15","modified_gmt":"2026-03-26T13:16:15","slug":"nos-references","status":"publish","type":"page","link":"https:\/\/www.enviroscop.fr\/actu\/nos-references\/","title":{"rendered":"Nos r\u00e9f\u00e9rences"},"content":{"rendered":"<p>Depuis 2007, nos r\u00e9f\u00e9rences sont tr\u00e8s nombreuses (plus de 800 dossiers r\u00e9alis\u00e9s), et nos clients tr\u00e8s diversifi\u00e9s. Parmi ceux qui nous on fait confiance :<\/p>\r\n\r\n<div class=\"wp-block-image\">\r\n<figure class=\"aligncenter size-large\"><img loading=\"lazy\" decoding=\"async\" width=\"2560\" height=\"2552\" data-attachment-id=\"3634\" data-permalink=\"https:\/\/www.enviroscop.fr\/actu\/nos-references\/logo2\/\" data-orig-file=\"https:\/\/i0.wp.com\/www.enviroscop.fr\/actu\/wp-content\/uploads\/2020\/02\/logo2-scaled.jpg?fit=2560%2C2552&amp;ssl=1\" data-orig-size=\"2560,2552\" data-comments-opened=\"1\" data-image-meta=\"{&quot;aperture&quot;:&quot;0&quot;,&quot;credit&quot;:&quot;Philippe SAUVAJON&quot;,&quot;camera&quot;:&quot;&quot;,&quot;caption&quot;:&quot;&quot;,&quot;created_timestamp&quot;:&quot;1582895772&quot;,&quot;copyright&quot;:&quot;&quot;,&quot;focal_length&quot;:&quot;0&quot;,&quot;iso&quot;:&quot;0&quot;,&quot;shutter_speed&quot;:&quot;0&quot;,&quot;title&quot;:&quot;&quot;,&quot;orientation&quot;:&quot;0&quot;}\" data-image-title=\"logo2\" data-image-description=\"\" data-image-caption=\"\" data-large-file=\"https:\/\/i0.wp.com\/www.enviroscop.fr\/actu\/wp-content\/uploads\/2020\/02\/logo2-scaled.jpg?fit=750%2C748&amp;ssl=1\" class=\"wp-image-3634\" src=\"https:\/\/i1.wp.com\/www.enviroscop.fr\/actu\/wp-content\/uploads\/2020\/02\/logo2-scaled.jpg?fit=750%2C748\" alt=\"\" srcset=\"https:\/\/i0.wp.com\/www.enviroscop.fr\/actu\/wp-content\/uploads\/2020\/02\/logo2-scaled.jpg?w=2560&amp;ssl=1 2560w, https:\/\/i0.wp.com\/www.enviroscop.fr\/actu\/wp-content\/uploads\/2020\/02\/logo2-scaled.jpg?resize=300%2C300&amp;ssl=1 300w, https:\/\/i0.wp.com\/www.enviroscop.fr\/actu\/wp-content\/uploads\/2020\/02\/logo2-scaled.jpg?resize=1024%2C1021&amp;ssl=1 1024w, https:\/\/i0.wp.com\/www.enviroscop.fr\/actu\/wp-content\/uploads\/2020\/02\/logo2-scaled.jpg?resize=150%2C150&amp;ssl=1 150w, https:\/\/i0.wp.com\/www.enviroscop.fr\/actu\/wp-content\/uploads\/2020\/02\/logo2-scaled.jpg?resize=768%2C766&amp;ssl=1 768w, https:\/\/i0.wp.com\/www.enviroscop.fr\/actu\/wp-content\/uploads\/2020\/02\/logo2-scaled.jpg?resize=1536%2C1531&amp;ssl=1 1536w, https:\/\/i0.wp.com\/www.enviroscop.fr\/actu\/wp-content\/uploads\/2020\/02\/logo2-scaled.jpg?resize=2048%2C2042&amp;ssl=1 2048w, https:\/\/i0.wp.com\/www.enviroscop.fr\/actu\/wp-content\/uploads\/2020\/02\/logo2-scaled.jpg?w=2250&amp;ssl=1 2250w\" sizes=\"auto, (max-width: 750px) 100vw, 750px\" \/><\/figure>\r\n<\/div>\r\n\r\n\r\n\r\n<p>&nbsp;<\/p>\r\n<p>Nos dossiers en 2025 :<\/p>\r\n<table width=\"654\">\r\n<tbody>\r\n<tr>\r\n<td width=\"98\">2025-1554<\/td>\r\n<td width=\"270\">RWE<\/td>\r\n<td width=\"286\">\u00a0Etude compensation agricole\u00a0<\/td>\r\n<\/tr>\r\n<tr>\r\n<td>2025-1557<\/td>\r\n<td>RWE<\/td>\r\n<td>\u00a0DAE Photovolta\u00efque\u00a0<\/td>\r\n<\/tr>\r\n<tr>\r\n<td>2025-1560<\/td>\r\n<td>TSE<\/td>\r\n<td>\u00a0DAE Photovolta\u00efque\u00a0<\/td>\r\n<\/tr>\r\n<tr>\r\n<td>2025-1561<\/td>\r\n<td>G\u00e9n\u00e9rale du solaire<\/td>\r\n<td>\u00a0DAE Photovolta\u00efque\u00a0<\/td>\r\n<\/tr>\r\n<tr>\r\n<td>2025-1562<\/td>\r\n<td>ENOVA<\/td>\r\n<td>\u00a0DAE Photovolta\u00efque\u00a0<\/td>\r\n<\/tr>\r\n<tr>\r\n<td>2025-1565<\/td>\r\n<td>Urville<\/td>\r\n<td>\u00a0Dossier Loi sur l&rsquo;eau\u00a0<\/td>\r\n<\/tr>\r\n<tr>\r\n<td>2025-1566<\/td>\r\n<td>SDAEP 22<\/td>\r\n<td>\u00a0Dossier Loi sur l&rsquo;eau\u00a0<\/td>\r\n<\/tr>\r\n<tr>\r\n<td>2025-1567<\/td>\r\n<td>H2air<\/td>\r\n<td>\u00a0Etude paysag\u00e8re\u00a0<\/td>\r\n<\/tr>\r\n<tr>\r\n<td>2025-1568<\/td>\r\n<td>Valorem<\/td>\r\n<td>\u00a0Etude paysag\u00e8re\u00a0<\/td>\r\n<\/tr>\r\n<tr>\r\n<td>2025-1569<\/td>\r\n<td>Valorem<\/td>\r\n<td>\u00a0Etude paysag\u00e8re\u00a0<\/td>\r\n<\/tr>\r\n<tr>\r\n<td>2025-1570<\/td>\r\n<td>Agence Schneider<\/td>\r\n<td>\u00a0Dossier Loi sur l&rsquo;eau\u00a0<\/td>\r\n<\/tr>\r\n<tr>\r\n<td>2025-1571<\/td>\r\n<td>RWE<\/td>\r\n<td>\u00a0Etude paysag\u00e8re\u00a0<\/td>\r\n<\/tr>\r\n<tr>\r\n<td>2025-1579<\/td>\r\n<td>Engie Bioz<\/td>\r\n<td>\u00a0Etude \u00e9pandage\u00a0<\/td>\r\n<\/tr>\r\n<tr>\r\n<td>2025-1583<\/td>\r\n<td>ENGIE<\/td>\r\n<td>\u00a0Etude paysag\u00e8re\u00a0<\/td>\r\n<\/tr>\r\n<tr>\r\n<td>2025-1584<\/td>\r\n<td>JPEE<\/td>\r\n<td>\u00a0Etude paysag\u00e8re\u00a0<\/td>\r\n<\/tr>\r\n<tr>\r\n<td>2025-1585<\/td>\r\n<td>BORALEX<\/td>\r\n<td>\u00a0Etude paysag\u00e8re\u00a0<\/td>\r\n<\/tr>\r\n<tr>\r\n<td>2025-15852<\/td>\r\n<td>BORALEX<\/td>\r\n<td>\u00a0DAE Photovolta\u00efque\u00a0<\/td>\r\n<\/tr>\r\n<tr>\r\n<td>2025-1592<\/td>\r\n<td>ITP InterPipe<\/td>\r\n<td>\u00a0Dossier Loi sur l&rsquo;eau\u00a0<\/td>\r\n<\/tr>\r\n<tr>\r\n<td>2025-1596<\/td>\r\n<td>NEOEN<\/td>\r\n<td>\u00a0DAE Photovolta\u00efque\u00a0<\/td>\r\n<\/tr>\r\n<tr>\r\n<td>2025-1598<\/td>\r\n<td>Boscher Volailles<\/td>\r\n<td><a href=\"C2025-1598\">\u00a0Dossier Loi sur l&rsquo;eau\u00a0<\/a><\/td>\r\n<\/tr>\r\n<tr>\r\n<td>2025-1601<\/td>\r\n<td>VALOREM<\/td>\r\n<td>\u00a0Etude hydro\u00a0<\/td>\r\n<\/tr>\r\n<tr>\r\n<td>2025-1602<\/td>\r\n<td>ENGIE GREEN<\/td>\r\n<td><a href=\"C2025-1602\">\u00a0Etude hydro\u00a0<\/a><\/td>\r\n<\/tr>\r\n<tr>\r\n<td>2025-1603<\/td>\r\n<td>WATTS GREEN<\/td>\r\n<td><a href=\"C2025-1603\">\u00a0DAE Eolien\u00a0<\/a><\/td>\r\n<\/tr>\r\n<tr>\r\n<td>2025-1604<\/td>\r\n<td>GENERALE DU SOLAIRE<\/td>\r\n<td>\u00a0Photomontages\u00a0<\/td>\r\n<\/tr>\r\n<tr>\r\n<td>2025-1605<\/td>\r\n<td>Commune de Brandivy<\/td>\r\n<td>\u00a0Etude zone humide\u00a0<\/td>\r\n<\/tr>\r\n<tr>\r\n<td>2025-1607<\/td>\r\n<td>H2air<\/td>\r\n<td>\u00a0DAE Eolien\u00a0<\/td>\r\n<\/tr>\r\n<tr>\r\n<td>2025-1609<\/td>\r\n<td>JPEE<\/td>\r\n<td>\u00a0DAE Eolien\u00a0<\/td>\r\n<\/tr>\r\n<tr>\r\n<td>2025-1611<\/td>\r\n<td>VALOREM<\/td>\r\n<td>\u00a0DAE Photovolta\u00efque\u00a0<\/td>\r\n<\/tr>\r\n<tr>\r\n<td>2025-1612<\/td>\r\n<td>AMSOM HABITAT<\/td>\r\n<td>\u00a0Port\u00e9 \u00e0 connaissance\u00a0<\/td>\r\n<\/tr>\r\n<tr>\r\n<td>2025-1614<\/td>\r\n<td>Engie Bioz<\/td>\r\n<td>\u00a0Etude \u00e9pandage\u00a0<\/td>\r\n<\/tr>\r\n<tr>\r\n<td>2025-1615<\/td>\r\n<td>METROPOLE ROUEN NORMANDIE<\/td>\r\n<td>\u00a0Concertation\u00a0<\/td>\r\n<\/tr>\r\n<tr>\r\n<td>2025-1616<\/td>\r\n<td>EDF power solutions<\/td>\r\n<td>\u00a0DAE Photovolta\u00efque\u00a0<\/td>\r\n<\/tr>\r\n<tr>\r\n<td>2025-1619<\/td>\r\n<td>KALLISTA<\/td>\r\n<td>\u00a0DAE Photovolta\u00efque\u00a0<\/td>\r\n<\/tr>\r\n<tr>\r\n<td>2025-1621<\/td>\r\n<td>GENERALE DU SOLAIRE<\/td>\r\n<td>\u00a0DAE Photovolta\u00efque\u00a0<\/td>\r\n<\/tr>\r\n<tr>\r\n<td>2025-1622<\/td>\r\n<td>EDF Renouvelables<\/td>\r\n<td>\u00a0Dossier d\u00e9frichement\u00a0<\/td>\r\n<\/tr>\r\n<tr>\r\n<td>2025-1623<\/td>\r\n<td>Niu Ingenierie<\/td>\r\n<td>\u00a0Dossier Loi sur l&rsquo;eau\u00a0<\/td>\r\n<\/tr>\r\n<tr>\r\n<td>2025-1624<\/td>\r\n<td>Engie Bioz<\/td>\r\n<td>\u00a0Etude \u00e9pandage\u00a0<\/td>\r\n<\/tr>\r\n<tr>\r\n<td>2025-1625<\/td>\r\n<td>Engie Green<\/td>\r\n<td>\u00a0Photomontages\u00a0<\/td>\r\n<\/tr>\r\n<tr>\r\n<td>2025-1626<\/td>\r\n<td>H2air<\/td>\r\n<td>\u00a0DAE Eolien\u00a0<\/td>\r\n<\/tr>\r\n<tr>\r\n<td>2025-1629<\/td>\r\n<td>TSE<\/td>\r\n<td>\u00a0Dossier Loi sur l&rsquo;eau\u00a0<\/td>\r\n<\/tr>\r\n<tr>\r\n<td>2025-1630<\/td>\r\n<td>TSE<\/td>\r\n<td>\u00a0Dossier Loi sur l&rsquo;eau\u00a0<\/td>\r\n<\/tr>\r\n<tr>\r\n<td>2025-1634<\/td>\r\n<td>2LM<\/td>\r\n<td>\u00a0Etude zone humide\u00a0<\/td>\r\n<\/tr>\r\n<tr>\r\n<td>2025-1637<\/td>\r\n<td>Commune de Leg\u00e9<\/td>\r\n<td>\u00a0EIE kpark\u00a0<\/td>\r\n<\/tr>\r\n<tr>\r\n<td>2025-1638<\/td>\r\n<td>ORANO<\/td>\r\n<td>\u00a0Dossier Loi sur l&rsquo;eau\u00a0<\/td>\r\n<\/tr>\r\n<tr>\r\n<td>2025-1639<\/td>\r\n<td>NEOEN<\/td>\r\n<td>\u00a0Photomontages\u00a0<\/td>\r\n<\/tr>\r\n<tr>\r\n<td>2025-1641<\/td>\r\n<td>Hylas Ing\u00e9nierie<\/td>\r\n<td>\u00a0Etude zone humide\u00a0<\/td>\r\n<\/tr>\r\n<tr>\r\n<td>2025-1642<\/td>\r\n<td>Hylas Ing\u00e9nierie<\/td>\r\n<td>\u00a0Etude zone humide\u00a0<\/td>\r\n<\/tr>\r\n<tr>\r\n<td>2025-1643<\/td>\r\n<td>Engie BIOZ<\/td>\r\n<td>\u00a0Etude \u00e9pandage\u00a0<\/td>\r\n<\/tr>\r\n<tr>\r\n<td>2025-1644<\/td>\r\n<td>Oceam Ingenierie<\/td>\r\n<td>\u00a0PAC\u00a0<\/td>\r\n<\/tr>\r\n<tr>\r\n<td>2025-1646<\/td>\r\n<td>H2air<\/td>\r\n<td>\u00a0Etude hydro\u00a0<\/td>\r\n<\/tr>\r\n<tr>\r\n<td>2025-1651<\/td>\r\n<td>Engie Bioz<\/td>\r\n<td>\u00a0Etude \u00e9pandage\u00a0<\/td>\r\n<\/tr>\r\n<tr>\r\n<td>2025-1652<\/td>\r\n<td>Engie Bioz<\/td>\r\n<td>\u00a0Etude \u00e9pandage\u00a0<\/td>\r\n<\/tr>\r\n<tr>\r\n<td>2025-1653<\/td>\r\n<td>\u00a0Engie Bioz<\/td>\r\n<td>\u00a0Etude \u00e9pandage\u00a0<\/td>\r\n<\/tr>\r\n<tr>\r\n<td>2025-1654<\/td>\r\n<td>\u00a0Engie Bioz<\/td>\r\n<td>\u00a0Etude \u00e9pandage\u00a0<\/td>\r\n<\/tr>\r\n<tr>\r\n<td>2025-1655<\/td>\r\n<td>Engie Bioz<\/td>\r\n<td>\u00a0Etude \u00e9pandage\u00a0<\/td>\r\n<\/tr>\r\n<tr>\r\n<td>2025-1656<\/td>\r\n<td>\u00a0Engie Bioz<\/td>\r\n<td>\u00a0Etude \u00e9pandage\u00a0<\/td>\r\n<\/tr>\r\n<tr>\r\n<td>2025-1657<\/td>\r\n<td>Engie Bioz<\/td>\r\n<td>\u00a0Etude \u00e9pandage\u00a0<\/td>\r\n<\/tr>\r\n<tr>\r\n<td>2025-1658<\/td>\r\n<td>Engie BiOZ<\/td>\r\n<td>\u00a0Etude \u00e9pandage\u00a0<\/td>\r\n<\/tr>\r\n<tr>\r\n<td>2025-1659<\/td>\r\n<td>Engie BiOZ<\/td>\r\n<td>\u00a0Etude \u00e9pandage\u00a0<\/td>\r\n<\/tr>\r\n<tr>\r\n<td>2025-1660<\/td>\r\n<td>Engie BiOZ<\/td>\r\n<td>\u00a0Etude \u00e9pandage\u00a0<\/td>\r\n<\/tr>\r\n<tr>\r\n<td>2025-1661<\/td>\r\n<td>Engie BiOZ<\/td>\r\n<td>\u00a0Etude \u00e9pandage\u00a0<\/td>\r\n<\/tr>\r\n<tr>\r\n<td>2025-1662<\/td>\r\n<td>Engie BiOZ<\/td>\r\n<td>\u00a0Etude \u00e9pandage\u00a0<\/td>\r\n<\/tr>\r\n<tr>\r\n<td>2025-1663<\/td>\r\n<td>Engie BiOZ<\/td>\r\n<td>\u00a0Etude \u00e9pandage\u00a0<\/td>\r\n<\/tr>\r\n<tr>\r\n<td>2025-1664<\/td>\r\n<td>Engie BiOZ<\/td>\r\n<td>\u00a0Etude \u00e9pandage\u00a0<\/td>\r\n<\/tr>\r\n<tr>\r\n<td>2025-1665<\/td>\r\n<td>Engie BiOZ<\/td>\r\n<td>\u00a0Etude \u00e9pandage\u00a0<\/td>\r\n<\/tr>\r\n<tr>\r\n<td>2025-1666<\/td>\r\n<td>LENEO<\/td>\r\n<td>\u00a0Etude compensation agricole\u00a0<\/td>\r\n<\/tr>\r\n<tr>\r\n<td>2025-1668<\/td>\r\n<td>Morbihan Habitat<\/td>\r\n<td>\u00a0Dossier Loi sur l&rsquo;eau\u00a0<\/td>\r\n<\/tr>\r\n<tr>\r\n<td>2025-1674<\/td>\r\n<td>LENEO<\/td>\r\n<td>\u00a0Etude compensation agricole\u00a0<\/td>\r\n<\/tr>\r\n<tr>\r\n<td>2025-1675<\/td>\r\n<td>Oceam Ingenierie<\/td>\r\n<td>\u00a0Port\u00e9 \u00e0 connaissance\u00a0<\/td>\r\n<\/tr>\r\n<tr>\r\n<td>2025-1676<\/td>\r\n<td>Oceam Ingenierie<\/td>\r\n<td>\u00a0Port\u00e9 \u00e0 connaissance\u00a0<\/td>\r\n<\/tr>\r\n<tr>\r\n<td>2025-1677<\/td>\r\n<td>SARL MADOFILO<\/td>\r\n<td>\u00a0Dossier Loi sur l&rsquo;eau\u00a0<\/td>\r\n<\/tr>\r\n<tr>\r\n<td>2025-1678<\/td>\r\n<td>H2air<\/td>\r\n<td>\u00a0Etude hydro\u00a0<\/td>\r\n<\/tr>\r\n<tr>\r\n<td>2025-1679<\/td>\r\n<td>RWE<\/td>\r\n<td>\u00a0DAE Eolien\u00a0<\/td>\r\n<\/tr>\r\n<tr>\r\n<td>2025-1680<\/td>\r\n<td>RWE<\/td>\r\n<td>\u00a0Etude paysag\u00e8re\u00a0<\/td>\r\n<\/tr>\r\n<tr>\r\n<td>2025-1681<\/td>\r\n<td>RWE<\/td>\r\n<td>\u00a0DAE Eolien\u00a0<\/td>\r\n<\/tr>\r\n<tr>\r\n<td>2025-1682<\/td>\r\n<td>RWE<\/td>\r\n<td>\u00a0Etude paysag\u00e8re\u00a0<\/td>\r\n<\/tr>\r\n<tr>\r\n<td>2025-1683<\/td>\r\n<td>H2air<\/td>\r\n<td>\u00a0Etude paysag\u00e8re\u00a0<\/td>\r\n<\/tr>\r\n<\/tbody>\r\n<\/table>\r\n<p>&nbsp;<\/p>\r\n<p>&nbsp;<\/p>\r\n<figure class=\"wp-block-table is-style-stripes\"><\/figure>\r\n","protected":false},"excerpt":{"rendered":"<p>Depuis 2007, nos r\u00e9f\u00e9rences sont tr\u00e8s nombreuses (plus de 800 dossiers r\u00e9alis\u00e9s), et nos clients tr\u00e8s diversifi\u00e9s. Parmi ceux qui nous on fait confiance : &nbsp; Nos dossiers en 2025 : 2025-1554 RWE \u00a0Etude compensation agricole\u00a0 2025-1557 RWE \u00a0DAE Photovolta\u00efque\u00a0 2025-1560 TSE \u00a0DAE Photovolta\u00efque\u00a0 2025-1561 G\u00e9n\u00e9rale du solaire \u00a0DAE Photovolta\u00efque\u00a0 2025-1562 ENOVA \u00a0DAE Photovolta\u00efque\u00a0 2025-1565 &hellip; <\/p>\n<p><a class=\"more-link btn\" href=\"https:\/\/www.enviroscop.fr\/actu\/nos-references\/\">Lire la suite<\/a><\/p>\n","protected":false},"author":1,"featured_media":0,"parent":0,"menu_order":11,"comment_status":"closed","ping_status":"closed","template":"template-twocolumnsleft.php","meta":{"jetpack_post_was_ever_published":false,"footnotes":""},"class_list":["post-582","page","type-page","status-publish","hentry","nodate","item-wrap"],"jetpack_shortlink":"https:\/\/wp.me\/P3rXAp-9o","jetpack_likes_enabled":true,"jetpack-related-posts":[{"id":570,"url":"https:\/\/www.enviroscop.fr\/actu\/nos-metiers\/nos-prestations\/integration-environnementale\/","url_meta":{"origin":582,"position":0},"title":"Int\u00e9gration environnementale","author":"Enviroscop","date":"29 mars 2013","format":false,"excerpt":"Dans les projets d'am\u00e9nagement, le respect de l'environnement ne doit pas \u00eatre consid\u00e9r\u00e9 comme une contrainte, mais comme un atout. Notre bureau d'\u00e9tudes et de conseils en environnement vous apporte un angle de vue compl\u00e9mentaire au sein de votre \u00e9quipe projet et vous propose\u00a0d'apporter des solutions pratiques aux probl\u00e8mes rencontr\u00e9s\u2026","rel":"","context":"Article similaire","block_context":{"text":"Article similaire","link":""},"img":{"alt_text":"","src":"https:\/\/i0.wp.com\/www.enviroscop.fr\/mediapool\/57\/575115\/resources\/big_27853080_0_275-147.png?resize=350%2C200","width":350,"height":200},"classes":[]},{"id":618,"url":"https:\/\/www.enviroscop.fr\/actu\/qui-sommes-nous\/notre-ethique\/","url_meta":{"origin":582,"position":1},"title":"Notre \u00e9thique","author":"Enviroscop","date":"29 mars 2013","format":false,"excerpt":"Notre engagement \u00e9thique se concr\u00e9tise dans notre travail quotidien. Nous sommes convaincus qu'il est indispensable de mettre en coh\u00e9rence nos paroles et nos actes. Pour ce faire : - nos statuts sont ceux d'une\u00a0SCoP, (Soci\u00e9t\u00e9 Coop\u00e9rative et Participative) - nous prenons des\u00a0engagements\u00a0aupr\u00e8s de nos clients, - nous avons d\u00e9velopp\u00e9 notre\u2026","rel":"","context":"Article similaire","block_context":{"text":"Article similaire","link":""},"img":{"alt_text":"","src":"https:\/\/i0.wp.com\/www.enviroscop.fr\/actu\/wp-content\/uploads\/2013\/03\/Enercoop-N_1-300x191.png?resize=350%2C200","width":350,"height":200},"classes":[]},{"id":558,"url":"https:\/\/www.enviroscop.fr\/actu\/nos-metiers\/nos-prestations\/evaluation-environnementale\/","url_meta":{"origin":582,"position":2},"title":"Evaluation environnementale","author":"Enviroscop","date":"29 mars 2013","format":false,"excerpt":"V\u00e9ritable c\u0153ur de notre m\u00e9tier, nous vous accompagnons dans cette d\u00e9marche continue et it\u00e9rative. Elle vous permettra d\u2019analyser les effets sur l\u2019environnement d\u2019un projet, plan ou programme et de pr\u00e9venir ses cons\u00e9quences dommageables sur l\u2019environnement. Nous travaillons sur divers types d'\u00e9valuation, \u00e0 savoir : Etude d\u2019impacts \/ d'incidence : \u00e9olien,\u2026","rel":"","context":"Article similaire","block_context":{"text":"Article similaire","link":""},"img":{"alt_text":"","src":"https:\/\/i0.wp.com\/www.enviroscop.fr\/mediapool\/57\/575115\/resources\/big_27853044_0_275-150.png?resize=350%2C200","width":350,"height":200},"classes":[]},{"id":5463,"url":"https:\/\/www.enviroscop.fr\/actu\/presentation-detaillee-alliancedescoop\/","url_meta":{"origin":582,"position":3},"title":"Pr\u00e9sentation d\u00e9taill\u00e9e #AllianceDesCoop","author":"Enviroscop","date":"17 juin 2024","format":false,"excerpt":"Bas\u00e9e \u00e0 Montville, en Seine-Maritime, mais active sur le grand quart nord-ouest de la France, ce bureau d'\u00e9tudes, de conseils et d'expertises en environnement et d\u00e9veloppement durable, vous accompagne dans la cr\u00e9ation, l'int\u00e9gration environnementale et l'\u00e9valuation de vos projets ! Bien que son c\u0153ur de m\u00e9tier soit l'\u00e9valuation environnementale de\u2026","rel":"","context":"Article similaire","block_context":{"text":"Article similaire","link":""},"img":{"alt_text":"","src":"https:\/\/i0.wp.com\/www.enviroscop.fr\/actu\/wp-content\/uploads\/2024\/06\/1717137222676.jpeg?resize=350%2C200&ssl=1","width":350,"height":200,"srcset":"https:\/\/i0.wp.com\/www.enviroscop.fr\/actu\/wp-content\/uploads\/2024\/06\/1717137222676.jpeg?resize=350%2C200&ssl=1 1x, https:\/\/i0.wp.com\/www.enviroscop.fr\/actu\/wp-content\/uploads\/2024\/06\/1717137222676.jpeg?resize=525%2C300&ssl=1 1.5x, https:\/\/i0.wp.com\/www.enviroscop.fr\/actu\/wp-content\/uploads\/2024\/06\/1717137222676.jpeg?resize=700%2C400&ssl=1 2x"},"classes":[]},{"id":770,"url":"https:\/\/www.enviroscop.fr\/actu\/qui-sommes-nous\/lequipe\/","url_meta":{"origin":582,"position":4},"title":"L&rsquo;\u00e9quipe","author":"Enviroscop","date":"29 mars 2013","format":false,"excerpt":"Nos neuf profils compl\u00e9mentaires permettent \u00e0 Enviroscop d'\u00eatre au c\u0153ur des attentes des industriels, des pr\u00e9occupations des administrations et des besoins des collectivit\u00e9s. Nathalie BILLER Ing\u00e9nieure environnement et g\u00e9omatique, dipl\u00f4m\u00e9e en Gestion et Protection de la Nature (1996), Am\u00e9nagement Environnement (1998), et SIG-gestion de l\u2019espace (1999), Form\u00e9e \u00e0 la conduite\u2026","rel":"","context":"Article similaire","block_context":{"text":"Article similaire","link":""},"img":{"alt_text":"","src":"https:\/\/i0.wp.com\/www.enviroscop.fr\/actu\/wp-content\/uploads\/2019\/07\/recadrage1000-4.jpg?resize=350%2C200&ssl=1","width":350,"height":200,"srcset":"https:\/\/i0.wp.com\/www.enviroscop.fr\/actu\/wp-content\/uploads\/2019\/07\/recadrage1000-4.jpg?resize=350%2C200&ssl=1 1x, https:\/\/i0.wp.com\/www.enviroscop.fr\/actu\/wp-content\/uploads\/2019\/07\/recadrage1000-4.jpg?resize=525%2C300&ssl=1 1.5x, https:\/\/i0.wp.com\/www.enviroscop.fr\/actu\/wp-content\/uploads\/2019\/07\/recadrage1000-4.jpg?resize=700%2C400&ssl=1 2x"},"classes":[]},{"id":574,"url":"https:\/\/www.enviroscop.fr\/actu\/nos-metiers\/nos-prestations\/perspectives-et-territoires\/","url_meta":{"origin":582,"position":5},"title":"Perspectives et territoires","author":"Enviroscop","date":"29 mars 2013","format":false,"excerpt":"Faire progresser vertueusement les territoires pour int\u00e9grer une optique de d\u00e9veloppement durable est une d\u00e9marche qui n\u00e9cessite p\u00e9dagogie et connaissance de ses propres atouts et faiblesses. Pour ce faire, nous vous accompagnons dans vos : D\u00e9marche de projet : Diagnostic \/ Enjeux partag\u00e9s \/ Objectifs \/ Plan d\u2019actions \/ Suivi\u2026","rel":"","context":"Article similaire","block_context":{"text":"Article similaire","link":""},"img":{"alt_text":"","src":"https:\/\/i0.wp.com\/www.enviroscop.fr\/mediapool\/57\/575115\/resources\/big_27853460_0_275-150.png?resize=350%2C200","width":350,"height":200},"classes":[]}],"jetpack_sharing_enabled":true,"_links":{"self":[{"href":"https:\/\/www.enviroscop.fr\/actu\/wp-json\/wp\/v2\/pages\/582","targetHints":{"allow":["GET"]}}],"collection":[{"href":"https:\/\/www.enviroscop.fr\/actu\/wp-json\/wp\/v2\/pages"}],"about":[{"href":"https:\/\/www.enviroscop.fr\/actu\/wp-json\/wp\/v2\/types\/page"}],"author":[{"embeddable":true,"href":"https:\/\/www.enviroscop.fr\/actu\/wp-json\/wp\/v2\/users\/1"}],"replies":[{"embeddable":true,"href":"https:\/\/www.enviroscop.fr\/actu\/wp-json\/wp\/v2\/comments?post=582"}],"version-history":[{"count":13,"href":"https:\/\/www.enviroscop.fr\/actu\/wp-json\/wp\/v2\/pages\/582\/revisions"}],"predecessor-version":[{"id":5718,"href":"https:\/\/www.enviroscop.fr\/actu\/wp-json\/wp\/v2\/pages\/582\/revisions\/5718"}],"wp:attachment":[{"href":"https:\/\/www.enviroscop.fr\/actu\/wp-json\/wp\/v2\/media?parent=582"}],"curies":[{"name":"wp","href":"https:\/\/api.w.org\/{rel}","templated":true}]}}