{"id":608,"date":"2013-03-29T15:39:10","date_gmt":"2013-03-29T14:39:10","guid":{"rendered":"http:\/\/www.enviroscop.fr\/actu\/?page_id=608"},"modified":"2026-03-20T11:34:40","modified_gmt":"2026-03-20T10:34:40","slug":"nos-moyens","status":"publish","type":"page","link":"https:\/\/www.enviroscop.fr\/actu\/qui-sommes-nous\/nos-moyens\/","title":{"rendered":"Nos moyens"},"content":{"rendered":"<p>Une proc\u00e9dure interne de gestion des fichiers est mise en place, assurant un classement s\u00fbr et rapide des diff\u00e9rents \u00e9l\u00e9ments de projet. Notre bureau d\u2019\u00e9tudes b\u00e9n\u00e9ficie de mat\u00e9riel r\u00e9cent permettant la gestion de donn\u00e9es aux formats communs\u00a0:<\/p>\n<table>\n<tbody>\n<tr>\n<td width=\"201\">10 Ordinateurs portables :<\/p>\n<ul>\n<li>Environnement Windows\u00ae 11, avec suite office 365\u00ae<\/li>\n<li>QGis 3.44\u00ae<\/li>\n<li>WindPro 4.2\u00ae, avec modules ZIV, Photomontages, Ombres port\u00e9es<\/li>\n<li>GEOSOURCE\u00ae<\/li>\n<li>Sketchup 2024\u00ae<\/li>\n<li>Suite Corel Draw X8\u00ae<\/li>\n<li>Kofax Power PDF Advanced\u00ae<\/li>\n<\/ul>\n<\/td>\n<td width=\"201\">P\u00e9riph\u00e9riques :<\/p>\n<ul>\n<li>Imprimantes, scanners, photo-copieuses<\/li>\n<li>Tablettes graphiques A5\/A4<\/li>\n<li>Projecteur vid\u00e9o et \u00e9cran pour pr\u00e9sentation publique<\/li>\n<li>Serveur FTP professionnel s\u00e9curis\u00e9 (chiffrage AES256)<\/li>\n<li>Serveur NAS 5 disques, 15 To<\/li>\n<li>Archives NAS 3 disques, 12 To<\/li>\n<\/ul>\n<\/td>\n<td width=\"201\">Mat\u00e9riel de terrain\u00a0:<\/p>\n<ul>\n<li>Appareils photographiques \u00ab\u00a0plein format\u00a0\u00bb Canon EOS6\u00ae, GPS int\u00e9gr\u00e9<\/li>\n<li>GPS, logiciel de rep\u00e9rage Antenna Pointer<\/li>\n<li>Tari\u00e8res edelman 70 mm<\/li>\n<li>Infiltrom\u00e8tre SDEC \u00e0 charge constante<\/li>\n<\/ul>\n<\/td>\n<\/tr>\n<\/tbody>\n<\/table>\n","protected":false},"excerpt":{"rendered":"<p>Une proc\u00e9dure interne de gestion des fichiers est mise en place, assurant un classement s\u00fbr et rapide des diff\u00e9rents \u00e9l\u00e9ments de projet. Notre bureau d\u2019\u00e9tudes b\u00e9n\u00e9ficie de mat\u00e9riel r\u00e9cent permettant la gestion de donn\u00e9es aux formats communs\u00a0: 10 Ordinateurs portables : Environnement Windows\u00ae 11, avec suite office 365\u00ae QGis 3.44\u00ae WindPro 4.2\u00ae, avec modules ZIV, &hellip; <\/p>\n<p><a class=\"more-link btn\" href=\"https:\/\/www.enviroscop.fr\/actu\/qui-sommes-nous\/nos-moyens\/\">Lire la suite<\/a><\/p>\n","protected":false},"author":1,"featured_media":0,"parent":610,"menu_order":19,"comment_status":"closed","ping_status":"closed","template":"template-onecolumn.php","meta":{"jetpack_post_was_ever_published":false,"footnotes":""},"class_list":["post-608","page","type-page","status-publish","hentry","nodate","item-wrap"],"jetpack_shortlink":"https:\/\/wp.me\/P3rXAp-9O","jetpack_likes_enabled":true,"jetpack-related-posts":[{"id":770,"url":"https:\/\/www.enviroscop.fr\/actu\/qui-sommes-nous\/lequipe\/","url_meta":{"origin":608,"position":0},"title":"L&rsquo;\u00e9quipe","author":"Enviroscop","date":"29 mars 2013","format":false,"excerpt":"Nos neuf profils compl\u00e9mentaires permettent \u00e0 Enviroscop d'\u00eatre au c\u0153ur des attentes des industriels, des pr\u00e9occupations des administrations et des besoins des collectivit\u00e9s. Nathalie BILLER Ing\u00e9nieure environnement et g\u00e9omatique, dipl\u00f4m\u00e9e en Gestion et Protection de la Nature (1996), Am\u00e9nagement Environnement (1998), et SIG-gestion de l\u2019espace (1999), Form\u00e9e \u00e0 la conduite\u2026","rel":"","context":"Article similaire","block_context":{"text":"Article similaire","link":""},"img":{"alt_text":"","src":"https:\/\/i0.wp.com\/www.enviroscop.fr\/actu\/wp-content\/uploads\/2019\/07\/recadrage1000-4.jpg?resize=350%2C200&ssl=1","width":350,"height":200,"srcset":"https:\/\/i0.wp.com\/www.enviroscop.fr\/actu\/wp-content\/uploads\/2019\/07\/recadrage1000-4.jpg?resize=350%2C200&ssl=1 1x, https:\/\/i0.wp.com\/www.enviroscop.fr\/actu\/wp-content\/uploads\/2019\/07\/recadrage1000-4.jpg?resize=525%2C300&ssl=1 1.5x, https:\/\/i0.wp.com\/www.enviroscop.fr\/actu\/wp-content\/uploads\/2019\/07\/recadrage1000-4.jpg?resize=700%2C400&ssl=1 2x"},"classes":[]},{"id":577,"url":"https:\/\/www.enviroscop.fr\/actu\/nos-metiers\/nos-prestations\/bases-de-donnees-et-cartographie-georeferencee-des-problematiques-environnementales\/","url_meta":{"origin":608,"position":1},"title":"Bases de donn\u00e9es et cartographie g\u00e9or\u00e9f\u00e9renc\u00e9e des probl\u00e9matiques environnementales","author":"Enviroscop","date":"29 mars 2013","format":false,"excerpt":"SIG et bases de donn\u00e9es g\u00e9ographiques sont de plus en plus fr\u00e9quemment utilis\u00e9s pour traiter de probl\u00e9matiques environnementales. Notre exp\u00e9rience en la mati\u00e8re vous permet d'acc\u00e9der \u00e0 ces outils : Cartographie des enjeux du d\u00e9veloppement durable (SIG \/infographie) Gestion de bases de donn\u00e9es M\u00e9thodologies pour l'int\u00e9gration de l'environnement (fonctions \u00e9cologiques,\u2026","rel":"","context":"Article similaire","block_context":{"text":"Article similaire","link":""},"img":{"alt_text":"SIG","src":"https:\/\/i0.wp.com\/www.enviroscop.fr\/actu\/wp-content\/uploads\/2013\/03\/SIG-300x163.png?resize=350%2C200","width":350,"height":200},"classes":[]},{"id":545,"url":"https:\/\/www.enviroscop.fr\/actu\/nos-metiers\/nos-thematiques\/","url_meta":{"origin":608,"position":2},"title":"Nos th\u00e9matiques","author":"Enviroscop","date":"29 mars 2013","format":false,"excerpt":"Nous abordons, notamment au travers de l\u2019\u00e9valuation environnementale, tous les champs de l\u2019environnement et du d\u00e9veloppement durable : Cadre de vie, paysage, patrimoines, urbanisme Biodiversit\u00e9, milieux naturels, trames verte et bleue Ressources naturelles : granulats et roches massives, eau, air, gestion \u00e9conome des sols, \u00e9nergies renouvelables Eau & sols :\u2026","rel":"","context":"Article similaire","block_context":{"text":"Article similaire","link":""},"img":{"alt_text":"","src":"https:\/\/i0.wp.com\/www.enviroscop.fr\/mediapool\/57\/575115\/resources\/27879576.png?resize=350%2C200","width":350,"height":200},"classes":[]},{"id":535,"url":"https:\/\/www.enviroscop.fr\/actu\/telechargement\/conditions-generales\/","url_meta":{"origin":608,"position":3},"title":"Conditions g\u00e9n\u00e9rales","author":"Enviroscop","date":"29 mars 2013","format":false,"excerpt":"www.enviroscop.fr et actu.enviroscop.com sont deux sites \u00e9dit\u00e9s par Enviroscop : D\u00e9nomination sociale : Enviroscop RCS : ROUEN 498 711 290 SIRET 498 711 290 00045 Date d\u2019immatriculation : 26 juin 2007 Forme juridique : SCOP ARL Capital : variable Num\u00e9ro de TVA intra-communautaire : FR62498711290 Adresse du si\u00e8ge : 27\u2026","rel":"","context":"Article similaire","block_context":{"text":"Article similaire","link":""},"img":{"alt_text":"","src":"","width":0,"height":0},"classes":[]},{"id":570,"url":"https:\/\/www.enviroscop.fr\/actu\/nos-metiers\/nos-prestations\/integration-environnementale\/","url_meta":{"origin":608,"position":4},"title":"Int\u00e9gration environnementale","author":"Enviroscop","date":"29 mars 2013","format":false,"excerpt":"Dans les projets d'am\u00e9nagement, le respect de l'environnement ne doit pas \u00eatre consid\u00e9r\u00e9 comme une contrainte, mais comme un atout. Notre bureau d'\u00e9tudes et de conseils en environnement vous apporte un angle de vue compl\u00e9mentaire au sein de votre \u00e9quipe projet et vous propose\u00a0d'apporter des solutions pratiques aux probl\u00e8mes rencontr\u00e9s\u2026","rel":"","context":"Article similaire","block_context":{"text":"Article similaire","link":""},"img":{"alt_text":"","src":"https:\/\/i0.wp.com\/www.enviroscop.fr\/mediapool\/57\/575115\/resources\/big_27853080_0_275-147.png?resize=350%2C200","width":350,"height":200},"classes":[]},{"id":620,"url":"https:\/\/www.enviroscop.fr\/actu\/qui-sommes-nous\/notre-ethique\/nos-engagements\/","url_meta":{"origin":608,"position":5},"title":"Nos engagements","author":"Enviroscop","date":"29 mars 2013","format":false,"excerpt":"Partenariat Disponibles et r\u00e9actifs,\u00a0 nous nous investissons dans vos projets comme s\u2019il s\u2019agissait des n\u00f4tres. En tant que\u00a0SCOP, tous nos salari\u00e9s ont int\u00e9r\u00eat \u00e0 la bonne r\u00e9ussite de l\u2019entreprise (actionnariat, participation) et des missions qui leurs sont confi\u00e9es. D\u00e9tenue \u00e0 100% par ses salari\u00e9s, Enviroscop est ind\u00e9pendante des grands groupes.\u2026","rel":"","context":"Article similaire","block_context":{"text":"Article similaire","link":""},"img":{"alt_text":"","src":"","width":0,"height":0},"classes":[]}],"jetpack_sharing_enabled":true,"_links":{"self":[{"href":"https:\/\/www.enviroscop.fr\/actu\/wp-json\/wp\/v2\/pages\/608","targetHints":{"allow":["GET"]}}],"collection":[{"href":"https:\/\/www.enviroscop.fr\/actu\/wp-json\/wp\/v2\/pages"}],"about":[{"href":"https:\/\/www.enviroscop.fr\/actu\/wp-json\/wp\/v2\/types\/page"}],"author":[{"embeddable":true,"href":"https:\/\/www.enviroscop.fr\/actu\/wp-json\/wp\/v2\/users\/1"}],"replies":[{"embeddable":true,"href":"https:\/\/www.enviroscop.fr\/actu\/wp-json\/wp\/v2\/comments?post=608"}],"version-history":[{"count":10,"href":"https:\/\/www.enviroscop.fr\/actu\/wp-json\/wp\/v2\/pages\/608\/revisions"}],"predecessor-version":[{"id":5687,"href":"https:\/\/www.enviroscop.fr\/actu\/wp-json\/wp\/v2\/pages\/608\/revisions\/5687"}],"up":[{"embeddable":true,"href":"https:\/\/www.enviroscop.fr\/actu\/wp-json\/wp\/v2\/pages\/610"}],"wp:attachment":[{"href":"https:\/\/www.enviroscop.fr\/actu\/wp-json\/wp\/v2\/media?parent=608"}],"curies":[{"name":"wp","href":"https:\/\/api.w.org\/{rel}","templated":true}]}}