{"id":618,"date":"2013-03-29T15:47:36","date_gmt":"2013-03-29T14:47:36","guid":{"rendered":"http:\/\/www.enviroscop.fr\/actu\/?page_id=618"},"modified":"2026-03-20T11:56:41","modified_gmt":"2026-03-20T10:56:41","slug":"notre-ethique","status":"publish","type":"page","link":"https:\/\/www.enviroscop.fr\/actu\/qui-sommes-nous\/notre-ethique\/","title":{"rendered":"Notre \u00e9thique"},"content":{"rendered":"<p>Notre engagement \u00e9thique se concr\u00e9tise dans notre travail quotidien. Nous sommes convaincus qu&rsquo;il est indispensable de mettre en coh\u00e9rence nos paroles et nos actes.<\/p>\n<p>Pour ce faire :<\/p>\n<p>&#8211; nos statuts sont ceux d&rsquo;une\u00a0<a href=\"https:\/\/www.enviroscop.fr\/actu\/qui-sommes-nous\/notre-ethique\/scop\/\">SCoP<\/a>, (Soci\u00e9t\u00e9 Coop\u00e9rative et Participative)<\/p>\n<p>&#8211; nous prenons des\u00a0<a href=\"https:\/\/www.enviroscop.fr\/actu\/qui-sommes-nous\/notre-ethique\/nos-engagements\">engagements<\/a>\u00a0aupr\u00e8s de nos clients,<\/p>\n<p>&#8211; nous avons d\u00e9velopp\u00e9 notre propre\u00a0<a href=\"http:\/\/www.enviroscop.fr\/nos-engagements.html\">code de d\u00e9ontologie<\/a>\u00a0(appuy\u00e9 sur celui de l&rsquo;<a href=\"http:\/\/afie.net\/\" target=\"_blank\" rel=\"noopener noreferrer\">AFIE<\/a>),<\/p>\n<p>&#8211; nous sommes signataires de la <a href=\"https:\/\/www.dropbox.com\/s\/fpn5i7oo1p897op\/CharteBE.jpg?dl=0\" target=\"_blank\" rel=\"noopener\">Charte d&rsquo;engagement des bureaux d&rsquo;\u00e9tudes<\/a> dans le domaine de l\u2019\u00e9valuation environnementale<\/p>\n<p>&#8211; nous essayons, autant que faire se peut, de<a href=\"https:\/\/www.enviroscop.fr\/actu\/qui-sommes-nous\/notre-ethique\/durable\/\">\u00a0limiter nos impacts<\/a> sur l&rsquo;environnement : moindre consommation de papier, consommation d&rsquo;\u00e9nergies renouvelables (soci\u00e9taire et client ENERCOOP Normandie), centrale photovolta\u00efque assurant l&rsquo;effacement de notre talon de consommation, ITE 2025 du si\u00e8ge social, compensation carbone des consommations non \u00e9vitables.<\/p>\n<p><img data-recalc-dims=\"1\" loading=\"lazy\" decoding=\"async\" data-attachment-id=\"2821\" data-permalink=\"https:\/\/www.enviroscop.fr\/actu\/qui-sommes-nous\/notre-ethique\/enercoop-n_1\/\" data-orig-file=\"https:\/\/i0.wp.com\/www.enviroscop.fr\/actu\/wp-content\/uploads\/2013\/03\/Enercoop-N_1.png?fit=1299%2C827&amp;ssl=1\" data-orig-size=\"1299,827\" data-comments-opened=\"1\" data-image-meta=\"{&quot;aperture&quot;:&quot;0&quot;,&quot;credit&quot;:&quot;&quot;,&quot;camera&quot;:&quot;&quot;,&quot;caption&quot;:&quot;&quot;,&quot;created_timestamp&quot;:&quot;0&quot;,&quot;copyright&quot;:&quot;&quot;,&quot;focal_length&quot;:&quot;0&quot;,&quot;iso&quot;:&quot;0&quot;,&quot;shutter_speed&quot;:&quot;0&quot;,&quot;title&quot;:&quot;&quot;,&quot;orientation&quot;:&quot;0&quot;}\" data-image-title=\"Enercoop N_1\" data-image-description=\"\" data-image-caption=\"\" data-large-file=\"https:\/\/i0.wp.com\/www.enviroscop.fr\/actu\/wp-content\/uploads\/2013\/03\/Enercoop-N_1.png?fit=750%2C478&amp;ssl=1\" class=\"alignleft size-medium wp-image-2821\" src=\"https:\/\/i0.wp.com\/www.enviroscop.fr\/actu\/wp-content\/uploads\/2013\/03\/Enercoop-N_1.png?resize=300%2C191&#038;ssl=1\" alt=\"\" width=\"300\" height=\"191\" srcset=\"https:\/\/i0.wp.com\/www.enviroscop.fr\/actu\/wp-content\/uploads\/2013\/03\/Enercoop-N_1.png?resize=300%2C191&amp;ssl=1 300w, https:\/\/i0.wp.com\/www.enviroscop.fr\/actu\/wp-content\/uploads\/2013\/03\/Enercoop-N_1.png?resize=768%2C489&amp;ssl=1 768w, https:\/\/i0.wp.com\/www.enviroscop.fr\/actu\/wp-content\/uploads\/2013\/03\/Enercoop-N_1.png?resize=1024%2C652&amp;ssl=1 1024w, https:\/\/i0.wp.com\/www.enviroscop.fr\/actu\/wp-content\/uploads\/2013\/03\/Enercoop-N_1.png?w=1299&amp;ssl=1 1299w\" sizes=\"auto, (max-width: 300px) 100vw, 300px\" \/><\/p>\n<p><a href=\"https:\/\/i0.wp.com\/www.enviroscop.fr\/actu\/wp-content\/uploads\/2013\/03\/ESS.jpg?ssl=1\"><img data-recalc-dims=\"1\" loading=\"lazy\" decoding=\"async\" data-attachment-id=\"2501\" data-permalink=\"https:\/\/www.enviroscop.fr\/actu\/qui-sommes-nous\/notre-ethique\/ess\/\" data-orig-file=\"https:\/\/i0.wp.com\/www.enviroscop.fr\/actu\/wp-content\/uploads\/2013\/03\/ESS.jpg?fit=661%2C567&amp;ssl=1\" data-orig-size=\"661,567\" data-comments-opened=\"1\" data-image-meta=\"{&quot;aperture&quot;:&quot;0&quot;,&quot;credit&quot;:&quot;Philippe SAUVAJON&quot;,&quot;camera&quot;:&quot;&quot;,&quot;caption&quot;:&quot;&quot;,&quot;created_timestamp&quot;:&quot;1445615769&quot;,&quot;copyright&quot;:&quot;&quot;,&quot;focal_length&quot;:&quot;0&quot;,&quot;iso&quot;:&quot;0&quot;,&quot;shutter_speed&quot;:&quot;0&quot;,&quot;title&quot;:&quot;&quot;,&quot;orientation&quot;:&quot;0&quot;}\" data-image-title=\"ESS\" data-image-description=\"\" data-image-caption=\"\" data-large-file=\"https:\/\/i0.wp.com\/www.enviroscop.fr\/actu\/wp-content\/uploads\/2013\/03\/ESS.jpg?fit=661%2C567&amp;ssl=1\" class=\"aligncenter wp-image-2501\" src=\"https:\/\/i0.wp.com\/www.enviroscop.fr\/actu\/wp-content\/uploads\/2013\/03\/ESS.jpg?resize=217%2C186&#038;ssl=1\" alt=\"ESS\" width=\"217\" height=\"186\" srcset=\"https:\/\/i0.wp.com\/www.enviroscop.fr\/actu\/wp-content\/uploads\/2013\/03\/ESS.jpg?w=661&amp;ssl=1 661w, https:\/\/i0.wp.com\/www.enviroscop.fr\/actu\/wp-content\/uploads\/2013\/03\/ESS.jpg?resize=300%2C257&amp;ssl=1 300w\" sizes=\"auto, (max-width: 217px) 100vw, 217px\" \/><\/a><\/p>\n","protected":false},"excerpt":{"rendered":"<p>Notre engagement \u00e9thique se concr\u00e9tise dans notre travail quotidien. Nous sommes convaincus qu&rsquo;il est indispensable de mettre en coh\u00e9rence nos paroles et nos actes. Pour ce faire : &#8211; nos statuts sont ceux d&rsquo;une\u00a0SCoP, (Soci\u00e9t\u00e9 Coop\u00e9rative et Participative) &#8211; nous prenons des\u00a0engagements\u00a0aupr\u00e8s de nos clients, &#8211; nous avons d\u00e9velopp\u00e9 notre propre\u00a0code de d\u00e9ontologie\u00a0(appuy\u00e9 sur celui &hellip; <\/p>\n<p><a class=\"more-link btn\" href=\"https:\/\/www.enviroscop.fr\/actu\/qui-sommes-nous\/notre-ethique\/\">Lire la suite<\/a><\/p>\n","protected":false},"author":1,"featured_media":0,"parent":610,"menu_order":20,"comment_status":"closed","ping_status":"closed","template":"template-onecolumn.php","meta":{"jetpack_post_was_ever_published":false,"footnotes":""},"class_list":["post-618","page","type-page","status-publish","hentry","nodate","item-wrap"],"jetpack_shortlink":"https:\/\/wp.me\/P3rXAp-9Y","jetpack_likes_enabled":true,"jetpack-related-posts":[{"id":623,"url":"https:\/\/www.enviroscop.fr\/actu\/qui-sommes-nous\/notre-ethique\/durable\/","url_meta":{"origin":618,"position":0},"title":"Durable ?","author":"Enviroscop","date":"29 mars 2013","format":false,"excerpt":"Non contents de travailler dans l'environnement, nous essayons autant que faire se peut de limiter nos impacts sur l'environnement : - nos d\u00e9placements sont limit\u00e9s (d'o\u00f9 l'int\u00e9r\u00eat de centrer notre\u00a0territoire d'\u00e9tude de pr\u00e9dilection sur le quart nord-ouest du territoire m\u00e9tropolitain), nous pratiquons le t\u00e9l\u00e9travail partiel, consommons de l'\u00e9nergie d'origine renouvelable\u2026","rel":"","context":"Article similaire","block_context":{"text":"Article similaire","link":""},"img":{"alt_text":"","src":"https:\/\/i0.wp.com\/www.enviroscop.fr\/actu\/wp-content\/uploads\/2013\/03\/Enercoop-N_1-300x191.png?resize=350%2C200","width":350,"height":200},"classes":[]},{"id":620,"url":"https:\/\/www.enviroscop.fr\/actu\/qui-sommes-nous\/notre-ethique\/nos-engagements\/","url_meta":{"origin":618,"position":1},"title":"Nos engagements","author":"Enviroscop","date":"29 mars 2013","format":false,"excerpt":"Partenariat Disponibles et r\u00e9actifs,\u00a0 nous nous investissons dans vos projets comme s\u2019il s\u2019agissait des n\u00f4tres. En tant que\u00a0SCOP, tous nos salari\u00e9s ont int\u00e9r\u00eat \u00e0 la bonne r\u00e9ussite de l\u2019entreprise (actionnariat, participation) et des missions qui leurs sont confi\u00e9es. D\u00e9tenue \u00e0 100% par ses salari\u00e9s, Enviroscop est ind\u00e9pendante des grands groupes.\u2026","rel":"","context":"Article similaire","block_context":{"text":"Article similaire","link":""},"img":{"alt_text":"","src":"","width":0,"height":0},"classes":[]},{"id":625,"url":"https:\/\/www.enviroscop.fr\/actu\/qui-sommes-nous\/notre-ethique\/scop\/","url_meta":{"origin":618,"position":2},"title":"enviroSCOP ?","author":"Enviroscop","date":"29 mars 2013","format":false,"excerpt":"Les SCOP (Soci\u00e9t\u00e9 COop\u00e9rative et Participative) sont des soci\u00e9t\u00e9s commerciales : elles rel\u00e8vent de la loi sur les soci\u00e9t\u00e9s ; elles choisissent d\u2019\u00eatre une soci\u00e9t\u00e9 \u00e0 responsabilit\u00e9 limit\u00e9e (SARL, ce qui est le cas d'Enviroscop) ou une soci\u00e9t\u00e9 anonyme (SA). A cette base juridique viennent se greffer la loi sur\u2026","rel":"","context":"Article similaire","block_context":{"text":"Article similaire","link":""},"img":{"alt_text":"Logo SCOP","src":"https:\/\/i0.wp.com\/www.enviroscop.fr\/actu\/wp-content\/uploads\/2019\/07\/LOGOHEADER-2018-300x70.png?resize=350%2C200","width":350,"height":200},"classes":[]},{"id":608,"url":"https:\/\/www.enviroscop.fr\/actu\/qui-sommes-nous\/nos-moyens\/","url_meta":{"origin":618,"position":3},"title":"Nos moyens","author":"Enviroscop","date":"29 mars 2013","format":false,"excerpt":"Une proc\u00e9dure interne de gestion des fichiers est mise en place, assurant un classement s\u00fbr et rapide des diff\u00e9rents \u00e9l\u00e9ments de projet. Notre bureau d\u2019\u00e9tudes b\u00e9n\u00e9ficie de mat\u00e9riel r\u00e9cent permettant la gestion de donn\u00e9es aux formats communs\u00a0: 10 Ordinateurs portables : Environnement Windows\u00ae 11, avec suite office 365\u00ae QGis 3.44\u00ae\u2026","rel":"","context":"Article similaire","block_context":{"text":"Article similaire","link":""},"img":{"alt_text":"","src":"","width":0,"height":0},"classes":[]},{"id":723,"url":"https:\/\/www.enviroscop.fr\/actu\/telechargement\/nos-documents\/","url_meta":{"origin":618,"position":4},"title":"Nos documents","author":"Enviroscop","date":"29 mars 2013","format":false,"excerpt":"Bienvenue sur la page de t\u00e9l\u00e9chargement, vous y trouverez nos documents de r\u00e9f\u00e9rence : CV de Nathalie\u00a0Biller CV d'Emilie Br\u00e9ant CV d'Elise Cassagnabere CV d'Yvonnick Holtzer CV de Blandine Letienne CV de Fanny Martinon CV de Thibaud Parmentier CV d'Etienne Peyras CV\u00a0de Philippe\u00a0Sauvajon Notre plaquette Certificat de compensation carbone (goodplanet.org)\u2026","rel":"","context":"Article similaire","block_context":{"text":"Article similaire","link":""},"img":{"alt_text":"","src":"","width":0,"height":0},"classes":[]},{"id":558,"url":"https:\/\/www.enviroscop.fr\/actu\/nos-metiers\/nos-prestations\/evaluation-environnementale\/","url_meta":{"origin":618,"position":5},"title":"Evaluation environnementale","author":"Enviroscop","date":"29 mars 2013","format":false,"excerpt":"V\u00e9ritable c\u0153ur de notre m\u00e9tier, nous vous accompagnons dans cette d\u00e9marche continue et it\u00e9rative. Elle vous permettra d\u2019analyser les effets sur l\u2019environnement d\u2019un projet, plan ou programme et de pr\u00e9venir ses cons\u00e9quences dommageables sur l\u2019environnement. Nous travaillons sur divers types d'\u00e9valuation, \u00e0 savoir : Etude d\u2019impacts \/ d'incidence : \u00e9olien,\u2026","rel":"","context":"Article similaire","block_context":{"text":"Article similaire","link":""},"img":{"alt_text":"","src":"https:\/\/i0.wp.com\/www.enviroscop.fr\/mediapool\/57\/575115\/resources\/big_27853044_0_275-150.png?resize=350%2C200","width":350,"height":200},"classes":[]}],"jetpack_sharing_enabled":true,"_links":{"self":[{"href":"https:\/\/www.enviroscop.fr\/actu\/wp-json\/wp\/v2\/pages\/618","targetHints":{"allow":["GET"]}}],"collection":[{"href":"https:\/\/www.enviroscop.fr\/actu\/wp-json\/wp\/v2\/pages"}],"about":[{"href":"https:\/\/www.enviroscop.fr\/actu\/wp-json\/wp\/v2\/types\/page"}],"author":[{"embeddable":true,"href":"https:\/\/www.enviroscop.fr\/actu\/wp-json\/wp\/v2\/users\/1"}],"replies":[{"embeddable":true,"href":"https:\/\/www.enviroscop.fr\/actu\/wp-json\/wp\/v2\/comments?post=618"}],"version-history":[{"count":4,"href":"https:\/\/www.enviroscop.fr\/actu\/wp-json\/wp\/v2\/pages\/618\/revisions"}],"predecessor-version":[{"id":5690,"href":"https:\/\/www.enviroscop.fr\/actu\/wp-json\/wp\/v2\/pages\/618\/revisions\/5690"}],"up":[{"embeddable":true,"href":"https:\/\/www.enviroscop.fr\/actu\/wp-json\/wp\/v2\/pages\/610"}],"wp:attachment":[{"href":"https:\/\/www.enviroscop.fr\/actu\/wp-json\/wp\/v2\/media?parent=618"}],"curies":[{"name":"wp","href":"https:\/\/api.w.org\/{rel}","templated":true}]}}