{"id":620,"date":"2013-03-29T15:49:37","date_gmt":"2013-03-29T14:49:37","guid":{"rendered":"http:\/\/www.enviroscop.fr\/actu\/?page_id=620"},"modified":"2023-02-13T08:36:48","modified_gmt":"2023-02-13T07:36:48","slug":"nos-engagements","status":"publish","type":"page","link":"https:\/\/www.enviroscop.fr\/actu\/qui-sommes-nous\/notre-ethique\/nos-engagements\/","title":{"rendered":"Nos engagements"},"content":{"rendered":"<h3>Partenariat<\/h3>\n<p>Disponibles et r\u00e9actifs,\u00a0 nous nous investissons dans vos projets comme s\u2019il s\u2019agissait des n\u00f4tres. En tant que\u00a0<a href=\"http:\/\/www.enviroscop.fr\/scop.html\">SCOP<\/a>, tous nos salari\u00e9s ont int\u00e9r\u00eat \u00e0 la bonne r\u00e9ussite de l\u2019entreprise (actionnariat, participation) et des missions qui leurs sont confi\u00e9es. D\u00e9tenue \u00e0 100% par ses salari\u00e9s, Enviroscop est ind\u00e9pendante des grands groupes.<\/p>\n<p>Int\u00e8gres dans nos \u00e9valuations pour garantir leur pertinence, nous respectons le Code de d\u00e9ontologie de l\u2019<a href=\"http:\/\/www.afie.net\/\" target=\"_blank\" rel=\"noopener\">Association Fran\u00e7aise Interprofessionnelle des \u00a0\u00c9cologues\u00a0<\/a>(AFIE).<\/p>\n<h3>Pragmatisme<\/h3>\n<p>Nous vous apportons des r\u00e9ponses r\u00e9alistes\u00a0 et op\u00e9rationnelles, bas\u00e9es sur un retour d\u2019exp\u00e9riences, adapt\u00e9es au contexte local, au jeu d\u2019acteurs et aux th\u00e9matiques en jeu. Les outils et m\u00e9thodes mis en \u0153uvre sont vari\u00e9s pour assurer la conduite de projet, l\u2019animation et la production de sch\u00e9mas, plans ou documents officiels.<\/p>\n<h3>Pertinence<\/h3>\n<p>Implant\u00e9s \u00e0 Rouen, nous intervenons sur tout le\u00a0<a href=\"http:\/\/www.enviroscop.fr\/nos-territoires.html\">territoire m\u00e9tropolitain<\/a>, mais principalement sur la moiti\u00e9 nord du territoire (Nord, Centre, grand Ouest et grand Est de la France) depuis plus de 20 ans. Aussi, nous ma\u00eetrisons les contextes de ces territoires et connaissons leurs acteurs.<\/p>\n<p>Nous pouvons vous proposer des solutions pertinentes, notamment par rapport au contexte local (adaptation au site), mais \u00e9galement cr\u00e9atives et innovantes.<\/p>\n<h3>Performance<\/h3>\n<p>Soucieux d\u2019assurer une qualit\u00e9 optimale \u00e0 leurs clients, nos collaborateurs sont form\u00e9s aux nouvelles techniques, aux outils et m\u00e9thodes pertinentes et assurent une veille juridique r\u00e9guli\u00e8re.<\/p>\n<p>Leurs exp\u00e9riences vous assurent \u00e9galement un accompagnement dans la r\u00e9ussite de vos projets.<\/p>\n<h3>Personnalisation<\/h3>\n<p>Enviroscop r\u00e9pond \u00e0 vos besoins de mani\u00e8re sp\u00e9cifique et adapt\u00e9e.<\/p>\n<p>La conduite de projet est men\u00e9e avec rigueur (formalisme, suivi&#8230;), mais reste souple \u00e0 une \u00e9volution de vos besoins durant le cheminement du projet.<\/p>\n<p>&nbsp;<\/p>\n","protected":false},"excerpt":{"rendered":"<p>Partenariat Disponibles et r\u00e9actifs,\u00a0 nous nous investissons dans vos projets comme s\u2019il s\u2019agissait des n\u00f4tres. En tant que\u00a0SCOP, tous nos salari\u00e9s ont int\u00e9r\u00eat \u00e0 la bonne r\u00e9ussite de l\u2019entreprise (actionnariat, participation) et des missions qui leurs sont confi\u00e9es. D\u00e9tenue \u00e0 100% par ses salari\u00e9s, Enviroscop est ind\u00e9pendante des grands groupes. Int\u00e8gres dans nos \u00e9valuations pour &hellip; <\/p>\n<p><a class=\"more-link btn\" href=\"https:\/\/www.enviroscop.fr\/actu\/qui-sommes-nous\/notre-ethique\/nos-engagements\/\">Lire la suite<\/a><\/p>\n","protected":false},"author":1,"featured_media":0,"parent":618,"menu_order":21,"comment_status":"closed","ping_status":"closed","template":"template-onecolumn.php","meta":{"jetpack_post_was_ever_published":false,"footnotes":""},"class_list":["post-620","page","type-page","status-publish","hentry","nodate","item-wrap"],"jetpack_shortlink":"https:\/\/wp.me\/P3rXAp-a0","jetpack_likes_enabled":true,"jetpack-related-posts":[{"id":625,"url":"https:\/\/www.enviroscop.fr\/actu\/qui-sommes-nous\/notre-ethique\/scop\/","url_meta":{"origin":620,"position":0},"title":"enviroSCOP ?","author":"Enviroscop","date":"29 mars 2013","format":false,"excerpt":"Les SCOP (Soci\u00e9t\u00e9 COop\u00e9rative et Participative) sont des soci\u00e9t\u00e9s commerciales : elles rel\u00e8vent de la loi sur les soci\u00e9t\u00e9s ; elles choisissent d\u2019\u00eatre une soci\u00e9t\u00e9 \u00e0 responsabilit\u00e9 limit\u00e9e (SARL, ce qui est le cas d'Enviroscop) ou une soci\u00e9t\u00e9 anonyme (SA). A cette base juridique viennent se greffer la loi sur\u2026","rel":"","context":"Article similaire","block_context":{"text":"Article similaire","link":""},"img":{"alt_text":"Logo SCOP","src":"https:\/\/i0.wp.com\/www.enviroscop.fr\/actu\/wp-content\/uploads\/2019\/07\/LOGOHEADER-2018-300x70.png?resize=350%2C200","width":350,"height":200},"classes":[]},{"id":618,"url":"https:\/\/www.enviroscop.fr\/actu\/qui-sommes-nous\/notre-ethique\/","url_meta":{"origin":620,"position":1},"title":"Notre \u00e9thique","author":"Enviroscop","date":"29 mars 2013","format":false,"excerpt":"Notre engagement \u00e9thique se concr\u00e9tise dans notre travail quotidien. Nous sommes convaincus qu'il est indispensable de mettre en coh\u00e9rence nos paroles et nos actes. Pour ce faire : - nos statuts sont ceux d'une\u00a0SCoP, (Soci\u00e9t\u00e9 Coop\u00e9rative et Participative) - nous prenons des\u00a0engagements\u00a0aupr\u00e8s de nos clients, - nous avons d\u00e9velopp\u00e9 notre\u2026","rel":"","context":"Article similaire","block_context":{"text":"Article similaire","link":""},"img":{"alt_text":"","src":"https:\/\/i0.wp.com\/www.enviroscop.fr\/actu\/wp-content\/uploads\/2013\/03\/Enercoop-N_1-300x191.png?resize=350%2C200","width":350,"height":200},"classes":[]},{"id":623,"url":"https:\/\/www.enviroscop.fr\/actu\/qui-sommes-nous\/notre-ethique\/durable\/","url_meta":{"origin":620,"position":2},"title":"Durable ?","author":"Enviroscop","date":"29 mars 2013","format":false,"excerpt":"Non contents de travailler dans l'environnement, nous essayons autant que faire se peut de limiter nos impacts sur l'environnement : - nos d\u00e9placements sont limit\u00e9s (d'o\u00f9 l'int\u00e9r\u00eat de centrer notre\u00a0territoire d'\u00e9tude de pr\u00e9dilection sur le quart nord-ouest du territoire m\u00e9tropolitain), nous pratiquons le t\u00e9l\u00e9travail partiel, consommons de l'\u00e9nergie d'origine renouvelable\u2026","rel":"","context":"Article similaire","block_context":{"text":"Article similaire","link":""},"img":{"alt_text":"","src":"https:\/\/i0.wp.com\/www.enviroscop.fr\/actu\/wp-content\/uploads\/2013\/03\/Enercoop-N_1-300x191.png?resize=350%2C200","width":350,"height":200},"classes":[]},{"id":770,"url":"https:\/\/www.enviroscop.fr\/actu\/qui-sommes-nous\/lequipe\/","url_meta":{"origin":620,"position":3},"title":"L&rsquo;\u00e9quipe","author":"Enviroscop","date":"29 mars 2013","format":false,"excerpt":"Nos neuf profils compl\u00e9mentaires permettent \u00e0 Enviroscop d'\u00eatre au c\u0153ur des attentes des industriels, des pr\u00e9occupations des administrations et des besoins des collectivit\u00e9s. Nathalie BILLER Ing\u00e9nieure environnement et g\u00e9omatique, dipl\u00f4m\u00e9e en Gestion et Protection de la Nature (1996), Am\u00e9nagement Environnement (1998), et SIG-gestion de l\u2019espace (1999), Form\u00e9e \u00e0 la conduite\u2026","rel":"","context":"Article similaire","block_context":{"text":"Article similaire","link":""},"img":{"alt_text":"","src":"https:\/\/i0.wp.com\/www.enviroscop.fr\/actu\/wp-content\/uploads\/2019\/07\/recadrage1000-4.jpg?resize=350%2C200&ssl=1","width":350,"height":200,"srcset":"https:\/\/i0.wp.com\/www.enviroscop.fr\/actu\/wp-content\/uploads\/2019\/07\/recadrage1000-4.jpg?resize=350%2C200&ssl=1 1x, https:\/\/i0.wp.com\/www.enviroscop.fr\/actu\/wp-content\/uploads\/2019\/07\/recadrage1000-4.jpg?resize=525%2C300&ssl=1 1.5x, https:\/\/i0.wp.com\/www.enviroscop.fr\/actu\/wp-content\/uploads\/2019\/07\/recadrage1000-4.jpg?resize=700%2C400&ssl=1 2x"},"classes":[]},{"id":535,"url":"https:\/\/www.enviroscop.fr\/actu\/telechargement\/conditions-generales\/","url_meta":{"origin":620,"position":4},"title":"Conditions g\u00e9n\u00e9rales","author":"Enviroscop","date":"29 mars 2013","format":false,"excerpt":"www.enviroscop.fr et actu.enviroscop.com sont deux sites \u00e9dit\u00e9s par Enviroscop : D\u00e9nomination sociale : Enviroscop RCS : ROUEN 498 711 290 SIRET 498 711 290 00045 Date d\u2019immatriculation : 26 juin 2007 Forme juridique : SCOP ARL Capital : variable Num\u00e9ro de TVA intra-communautaire : FR62498711290 Adresse du si\u00e8ge : 27\u2026","rel":"","context":"Article similaire","block_context":{"text":"Article similaire","link":""},"img":{"alt_text":"","src":"","width":0,"height":0},"classes":[]},{"id":545,"url":"https:\/\/www.enviroscop.fr\/actu\/nos-metiers\/nos-thematiques\/","url_meta":{"origin":620,"position":5},"title":"Nos th\u00e9matiques","author":"Enviroscop","date":"29 mars 2013","format":false,"excerpt":"Nous abordons, notamment au travers de l\u2019\u00e9valuation environnementale, tous les champs de l\u2019environnement et du d\u00e9veloppement durable : Cadre de vie, paysage, patrimoines, urbanisme Biodiversit\u00e9, milieux naturels, trames verte et bleue Ressources naturelles : granulats et roches massives, eau, air, gestion \u00e9conome des sols, \u00e9nergies renouvelables Eau & sols :\u2026","rel":"","context":"Article similaire","block_context":{"text":"Article similaire","link":""},"img":{"alt_text":"","src":"https:\/\/i0.wp.com\/www.enviroscop.fr\/mediapool\/57\/575115\/resources\/27879576.png?resize=350%2C200","width":350,"height":200},"classes":[]}],"jetpack_sharing_enabled":true,"_links":{"self":[{"href":"https:\/\/www.enviroscop.fr\/actu\/wp-json\/wp\/v2\/pages\/620","targetHints":{"allow":["GET"]}}],"collection":[{"href":"https:\/\/www.enviroscop.fr\/actu\/wp-json\/wp\/v2\/pages"}],"about":[{"href":"https:\/\/www.enviroscop.fr\/actu\/wp-json\/wp\/v2\/types\/page"}],"author":[{"embeddable":true,"href":"https:\/\/www.enviroscop.fr\/actu\/wp-json\/wp\/v2\/users\/1"}],"replies":[{"embeddable":true,"href":"https:\/\/www.enviroscop.fr\/actu\/wp-json\/wp\/v2\/comments?post=620"}],"version-history":[{"count":2,"href":"https:\/\/www.enviroscop.fr\/actu\/wp-json\/wp\/v2\/pages\/620\/revisions"}],"predecessor-version":[{"id":5164,"href":"https:\/\/www.enviroscop.fr\/actu\/wp-json\/wp\/v2\/pages\/620\/revisions\/5164"}],"up":[{"embeddable":true,"href":"https:\/\/www.enviroscop.fr\/actu\/wp-json\/wp\/v2\/pages\/618"}],"wp:attachment":[{"href":"https:\/\/www.enviroscop.fr\/actu\/wp-json\/wp\/v2\/media?parent=620"}],"curies":[{"name":"wp","href":"https:\/\/api.w.org\/{rel}","templated":true}]}}