{"id":623,"date":"2013-03-29T15:54:31","date_gmt":"2013-03-29T14:54:31","guid":{"rendered":"http:\/\/www.enviroscop.fr\/actu\/?page_id=623"},"modified":"2022-06-21T14:28:34","modified_gmt":"2022-06-21T13:28:34","slug":"durable","status":"publish","type":"page","link":"https:\/\/www.enviroscop.fr\/actu\/qui-sommes-nous\/notre-ethique\/durable\/","title":{"rendered":"Durable ?"},"content":{"rendered":"<div align=\"left\">\n<p>Non contents de travailler dans l&rsquo;environnement, nous essayons autant que faire se peut de limiter nos impacts sur l&rsquo;environnement :<\/p>\n<p>&#8211; nos d\u00e9placements sont limit\u00e9s (d&rsquo;o\u00f9 l&rsquo;int\u00e9r\u00eat de centrer notre\u00a0<a href=\"https:\/\/www.enviroscop.fr\/actu\/nos-metiers\/nos-territoires\/\">territoire d&rsquo;\u00e9tude<\/a> de pr\u00e9dilection sur le quart nord-ouest du territoire m\u00e9tropolitain), nous pratiquons le t\u00e9l\u00e9travail partiel, consommons de l&rsquo;\u00e9nergie d&rsquo;origine renouvelable (Enercoop) et nous compensons les d\u00e9placements indispensables au fonctionnement de notre activit\u00e9s, par le soutien d&rsquo;actions (<a href=\"http:\/\/www.goodplanet.org\/\" target=\"_rpexternal\" rel=\"noopener noreferrer\">goodplanet.org<\/a>),<\/p>\n<p style=\"text-align: center;\"><a href=\"https:\/\/souscription.enercoop.fr\/?gclid=Cj0KCQjwh8jrBRDQARIsAH7BsXdIy_uRoGFksMhYBnAKlU-CaoxU6vQJJ1xakTpMk1dhwi5Qgqo0zesaAj3_EALw_wcB\" target=\"_blank\" rel=\"noopener noreferrer\"><img data-recalc-dims=\"1\" loading=\"lazy\" decoding=\"async\" data-attachment-id=\"2821\" data-permalink=\"https:\/\/www.enviroscop.fr\/actu\/qui-sommes-nous\/notre-ethique\/enercoop-n_1\/\" data-orig-file=\"https:\/\/i0.wp.com\/www.enviroscop.fr\/actu\/wp-content\/uploads\/2013\/03\/Enercoop-N_1.png?fit=1299%2C827&amp;ssl=1\" data-orig-size=\"1299,827\" data-comments-opened=\"1\" data-image-meta=\"{&quot;aperture&quot;:&quot;0&quot;,&quot;credit&quot;:&quot;&quot;,&quot;camera&quot;:&quot;&quot;,&quot;caption&quot;:&quot;&quot;,&quot;created_timestamp&quot;:&quot;0&quot;,&quot;copyright&quot;:&quot;&quot;,&quot;focal_length&quot;:&quot;0&quot;,&quot;iso&quot;:&quot;0&quot;,&quot;shutter_speed&quot;:&quot;0&quot;,&quot;title&quot;:&quot;&quot;,&quot;orientation&quot;:&quot;0&quot;}\" data-image-title=\"Enercoop N_1\" data-image-description=\"\" data-image-caption=\"\" data-large-file=\"https:\/\/i0.wp.com\/www.enviroscop.fr\/actu\/wp-content\/uploads\/2013\/03\/Enercoop-N_1.png?fit=750%2C478&amp;ssl=1\" class=\" wp-image-2821 aligncenter\" src=\"https:\/\/i0.wp.com\/www.enviroscop.fr\/actu\/wp-content\/uploads\/2013\/03\/Enercoop-N_1.png?resize=218%2C139&#038;ssl=1\" alt=\"\" width=\"218\" height=\"139\" srcset=\"https:\/\/i0.wp.com\/www.enviroscop.fr\/actu\/wp-content\/uploads\/2013\/03\/Enercoop-N_1.png?resize=300%2C191&amp;ssl=1 300w, https:\/\/i0.wp.com\/www.enviroscop.fr\/actu\/wp-content\/uploads\/2013\/03\/Enercoop-N_1.png?resize=768%2C489&amp;ssl=1 768w, https:\/\/i0.wp.com\/www.enviroscop.fr\/actu\/wp-content\/uploads\/2013\/03\/Enercoop-N_1.png?resize=1024%2C652&amp;ssl=1 1024w, https:\/\/i0.wp.com\/www.enviroscop.fr\/actu\/wp-content\/uploads\/2013\/03\/Enercoop-N_1.png?w=1299&amp;ssl=1 1299w\" sizes=\"auto, (max-width: 218px) 100vw, 218px\" \/>(nous sommes soci\u00e9taires ENERCOOP)<\/a><\/p>\n<p style=\"text-align: center;\"><a href=\"https:\/\/www.goodplanet.org\/fr\/\" target=\"_blank\" rel=\"noopener noreferrer\"><img data-recalc-dims=\"1\" loading=\"lazy\" decoding=\"async\" id=\"27853923\" class=\"aligncenter\" style=\"margin-top: 0px; margin-bottom: 0px; border: 0px;\" src=\"https:\/\/i0.wp.com\/www.enviroscop.fr\/mediapool\/57\/575115\/resources\/big_27853923_0_200-44.png?resize=200%2C44\" alt=\"\" width=\"200\" height=\"44\" border=\"0\" hspace=\"0\" vspace=\"0\" \/><\/a><\/p>\n<div>&#8211; impliqu\u00e9s sur nos territoires, nous sommes :<\/div>\n<div>partenaires de l&rsquo;<a href=\"http:\/\/www.climats-energies.hautenormandie.fr\/PARTENAIRES\/MEMBRES-ASSOCIES\">Observatoire Climat Energies Haute-Normandie<\/a>,<\/div>\n<p style=\"text-align: center;\"><a href=\"http:\/\/www.orecan.fr\/\" target=\"_blank\" rel=\"noopener noreferrer\"><img data-recalc-dims=\"1\" decoding=\"async\" src=\"https:\/\/i0.wp.com\/www.orecan.fr\/wp-content\/themes\/OBNEC\/images\/logo-orecan.jpg?w=750\" \/><\/a><\/p>\n<p>Soci\u00e9taires de Cinergie<\/p>\n<p><a href=\"https:\/\/cinergie.fr\/\"><img data-recalc-dims=\"1\" loading=\"lazy\" decoding=\"async\" class=\"aligncenter\" src=\"https:\/\/i0.wp.com\/cinergie.fr\/wp-content\/uploads\/2020\/02\/cropped-Logo_SAS_CItoyens_Normands_de_l%C3%A9nERGIE_petit-1.png?resize=250%2C92&#038;ssl=1\" alt=\"SAS CItoyens Normands de l'enERGIE\" width=\"250\" height=\"92\" \/><\/a><\/p>\n<p>Soci\u00e9taires de Terre de liens<\/p>\n<p><a href=\"https:\/\/terredeliens.org\/normandie.html\"><img data-recalc-dims=\"1\" loading=\"lazy\" decoding=\"async\" class=\"aligncenter\" src=\"https:\/\/i0.wp.com\/terredeliens.org\/IMG\/siteon0.png?resize=144%2C151&#038;ssl=1\" alt=\"\" width=\"144\" height=\"151\" \/><\/a><\/p>\n<p>Adh\u00e9rent \u00e0 l&rsquo;ARPE<\/p>\n<p><a href=\"https:\/\/www.tela-botanica.org\/\" target=\"_blank\" rel=\"noopener\"><img data-recalc-dims=\"1\" loading=\"lazy\" decoding=\"async\" class=\"aligncenter\" src=\"https:\/\/i0.wp.com\/arpenormandie.org\/wp-content\/uploads\/2020\/01\/LOGO_ARPE_HD_Blanc-2-300x300.png?resize=221%2C221&#038;ssl=1\" alt=\"ARPE NORMANDIE\" width=\"221\" height=\"221\" \/>Adh\u00e9rent \u00e0 Tela Botanica<\/a><\/p>\n<p><img data-recalc-dims=\"1\" decoding=\"async\" class=\"aligncenter\" src=\"https:\/\/i0.wp.com\/mooc.tela-botanica.org\/pluginfile.php\/1\/theme_moockie\/moockiefooterimages\/0\/logo.png?w=750&#038;ssl=1\" alt=\"Logo Tela Botanica\" \/><\/p>\n<p>&nbsp;<\/p>\n<p>&#8211; notre site internet est g\u00e9r\u00e9 \u00e0 distance et notre provider (<a href=\"http:\/\/www.strato-hebergement.fr\/press\/2007\/2007_10_18.html\" target=\"_rpexternal\" rel=\"noopener noreferrer\">STRATO<\/a>) compense sa consommation \u00e9nerg\u00e9tique,<\/p>\n<p style=\"text-align: center;\"><a href=\"https:\/\/www.strato.fr\/la-societe\/#protection-environnement\" target=\"_blank\" rel=\"noopener noreferrer\"><img data-recalc-dims=\"1\" loading=\"lazy\" decoding=\"async\" class=\"aligncenter\" src=\"https:\/\/i0.wp.com\/www.strato-hebergement.fr\/imperia\/md\/images\/strato_fr\/elements\/press\/sans_co2_logo.gif?resize=145%2C72\" alt=\"\" width=\"145\" height=\"72\" \/><\/a><\/p>\n<p>&#8211; nos actions sont assur\u00e9es par notre Responsabilit\u00e9 Civile Professionnelle et incluent le risque \u00ab\u00a0atteinte \u00e0 l&rsquo;environnement\u00a0\u00bb aupr\u00e8s de<a href=\"https:\/\/www.maif.fr\/associationsetcollectivites\/accueil.html\"> MAIF Collectivit\u00e9s <\/a>(au titre des entreprises solidaires)<\/p>\n<p><a href=\"http:\/\/www.abcvert.fr\/\"><img data-recalc-dims=\"1\" loading=\"lazy\" decoding=\"async\" class=\"aligncenter\" style=\"border: 0px;\" src=\"https:\/\/i0.wp.com\/www.abcvert.fr\/images\/stories\/ref_par_abcvert2.jpg?resize=222%2C57\" alt=\"Image\" width=\"222\" height=\"57\" border=\"0\" hspace=\"6\" \/><\/a><\/p>\n<div><\/div>\n<div>Si vous appr\u00e9ciez Enviroscop, dites le nous \u00a0et cliquez sur \u00ab\u00a0j&rsquo;aime\u00a0\u00bb sur notre page <a href=\"https:\/\/www.facebook.com\/ENVIROSCOP?fref=ts\" target=\"_blank\" rel=\"noopener noreferrer\">Facebook<\/a><\/div>\n<\/div>\n","protected":false},"excerpt":{"rendered":"<p>Non contents de travailler dans l&rsquo;environnement, nous essayons autant que faire se peut de limiter nos impacts sur l&rsquo;environnement : &#8211; nos d\u00e9placements sont limit\u00e9s (d&rsquo;o\u00f9 l&rsquo;int\u00e9r\u00eat de centrer notre\u00a0territoire d&rsquo;\u00e9tude de pr\u00e9dilection sur le quart nord-ouest du territoire m\u00e9tropolitain), nous pratiquons le t\u00e9l\u00e9travail partiel, consommons de l&rsquo;\u00e9nergie d&rsquo;origine renouvelable (Enercoop) et nous compensons les &hellip; <\/p>\n<p><a class=\"more-link btn\" href=\"https:\/\/www.enviroscop.fr\/actu\/qui-sommes-nous\/notre-ethique\/durable\/\">Lire la suite<\/a><\/p>\n","protected":false},"author":1,"featured_media":0,"parent":618,"menu_order":22,"comment_status":"closed","ping_status":"closed","template":"template-onecolumn.php","meta":{"jetpack_post_was_ever_published":false,"footnotes":""},"class_list":["post-623","page","type-page","status-publish","hentry","nodate","item-wrap"],"jetpack_shortlink":"https:\/\/wp.me\/P3rXAp-a3","jetpack_likes_enabled":true,"jetpack-related-posts":[{"id":558,"url":"https:\/\/www.enviroscop.fr\/actu\/nos-metiers\/nos-prestations\/evaluation-environnementale\/","url_meta":{"origin":623,"position":0},"title":"Evaluation environnementale","author":"Enviroscop","date":"29 mars 2013","format":false,"excerpt":"V\u00e9ritable c\u0153ur de notre m\u00e9tier, nous vous accompagnons dans cette d\u00e9marche continue et it\u00e9rative. Elle vous permettra d\u2019analyser les effets sur l\u2019environnement d\u2019un projet, plan ou programme et de pr\u00e9venir ses cons\u00e9quences dommageables sur l\u2019environnement. Nous travaillons sur divers types d'\u00e9valuation, \u00e0 savoir : Etude d\u2019impacts \/ d'incidence : \u00e9olien,\u2026","rel":"","context":"Article similaire","block_context":{"text":"Article similaire","link":""},"img":{"alt_text":"","src":"https:\/\/i0.wp.com\/www.enviroscop.fr\/mediapool\/57\/575115\/resources\/big_27853044_0_275-150.png?resize=350%2C200","width":350,"height":200},"classes":[]},{"id":618,"url":"https:\/\/www.enviroscop.fr\/actu\/qui-sommes-nous\/notre-ethique\/","url_meta":{"origin":623,"position":1},"title":"Notre \u00e9thique","author":"Enviroscop","date":"29 mars 2013","format":false,"excerpt":"Notre engagement \u00e9thique se concr\u00e9tise dans notre travail quotidien. Nous sommes convaincus qu'il est indispensable de mettre en coh\u00e9rence nos paroles et nos actes. Pour ce faire : - nos statuts sont ceux d'une\u00a0SCoP, (Soci\u00e9t\u00e9 Coop\u00e9rative et Participative) - nous prenons des\u00a0engagements\u00a0aupr\u00e8s de nos clients, - nous avons d\u00e9velopp\u00e9 notre\u2026","rel":"","context":"Article similaire","block_context":{"text":"Article similaire","link":""},"img":{"alt_text":"","src":"https:\/\/i0.wp.com\/www.enviroscop.fr\/actu\/wp-content\/uploads\/2013\/03\/Enercoop-N_1-300x191.png?resize=350%2C200","width":350,"height":200},"classes":[]},{"id":620,"url":"https:\/\/www.enviroscop.fr\/actu\/qui-sommes-nous\/notre-ethique\/nos-engagements\/","url_meta":{"origin":623,"position":2},"title":"Nos engagements","author":"Enviroscop","date":"29 mars 2013","format":false,"excerpt":"Partenariat Disponibles et r\u00e9actifs,\u00a0 nous nous investissons dans vos projets comme s\u2019il s\u2019agissait des n\u00f4tres. En tant que\u00a0SCOP, tous nos salari\u00e9s ont int\u00e9r\u00eat \u00e0 la bonne r\u00e9ussite de l\u2019entreprise (actionnariat, participation) et des missions qui leurs sont confi\u00e9es. D\u00e9tenue \u00e0 100% par ses salari\u00e9s, Enviroscop est ind\u00e9pendante des grands groupes.\u2026","rel":"","context":"Article similaire","block_context":{"text":"Article similaire","link":""},"img":{"alt_text":"","src":"","width":0,"height":0},"classes":[]},{"id":613,"url":"https:\/\/www.enviroscop.fr\/actu\/613-2\/","url_meta":{"origin":623,"position":3},"title":"Nous trouver","author":"Enviroscop","date":"29 mars 2013","format":false,"excerpt":"Notre si\u00e8ge est situ\u00e9 au nord de Rouen, en Normandie : 27 rue Andr\u00e9 MARTIN 76710 MONTVILLE Agrandir le plan Nous avons aussi une agence Bretonne nous permettant de mieux couvrir le territoire du \"Grand Ouest\" Pour nous joindre directement : contact(chez)enviroscop.fr (remplacer (chez) par @) ou appelez notre standard\u2026","rel":"","context":"Article similaire","block_context":{"text":"Article similaire","link":""},"img":{"alt_text":"","src":"https:\/\/i0.wp.com\/www.enviroscop.fr\/actu\/wp-content\/uploads\/2020\/01\/PlanMontvilleLogo-1.png?resize=350%2C200&ssl=1","width":350,"height":200,"srcset":"https:\/\/i0.wp.com\/www.enviroscop.fr\/actu\/wp-content\/uploads\/2020\/01\/PlanMontvilleLogo-1.png?resize=350%2C200&ssl=1 1x, https:\/\/i0.wp.com\/www.enviroscop.fr\/actu\/wp-content\/uploads\/2020\/01\/PlanMontvilleLogo-1.png?resize=525%2C300&ssl=1 1.5x, https:\/\/i0.wp.com\/www.enviroscop.fr\/actu\/wp-content\/uploads\/2020\/01\/PlanMontvilleLogo-1.png?resize=700%2C400&ssl=1 2x"},"classes":[]},{"id":545,"url":"https:\/\/www.enviroscop.fr\/actu\/nos-metiers\/nos-thematiques\/","url_meta":{"origin":623,"position":4},"title":"Nos th\u00e9matiques","author":"Enviroscop","date":"29 mars 2013","format":false,"excerpt":"Nous abordons, notamment au travers de l\u2019\u00e9valuation environnementale, tous les champs de l\u2019environnement et du d\u00e9veloppement durable : Cadre de vie, paysage, patrimoines, urbanisme Biodiversit\u00e9, milieux naturels, trames verte et bleue Ressources naturelles : granulats et roches massives, eau, air, gestion \u00e9conome des sols, \u00e9nergies renouvelables Eau & sols :\u2026","rel":"","context":"Article similaire","block_context":{"text":"Article similaire","link":""},"img":{"alt_text":"","src":"https:\/\/i0.wp.com\/www.enviroscop.fr\/mediapool\/57\/575115\/resources\/27879576.png?resize=350%2C200","width":350,"height":200},"classes":[]},{"id":3197,"url":"https:\/\/www.enviroscop.fr\/actu\/recrutement-2\/","url_meta":{"origin":623,"position":5},"title":"Recrutement","author":"Enviroscop","date":"6 d\u00e9cembre 2018","format":false,"excerpt":"Vous avez r\u00e9pondu \"OUI\" \u00e0 ces quatre questions ? Votre candidature part bien pour les \"softskills\" voyons maintenant votre profil... \u00a0 L'Environnement, ce n'est pas une sp\u00e9cialit\u00e9, mais des sp\u00e9cialit\u00e9s, alors, si vous \u00eates \"ing\u00e9nieur environnement\" avec un \"\u0153il diff\u00e9rent\" (paysage, nature, acoustique, p\u00e9dologie, hydrologie...) ou g\u00e9n\u00e9raliste, vous \u00eates sur\u2026","rel":"","context":"Article similaire","block_context":{"text":"Article similaire","link":""},"img":{"alt_text":"","src":"","width":0,"height":0},"classes":[]}],"jetpack_sharing_enabled":true,"_links":{"self":[{"href":"https:\/\/www.enviroscop.fr\/actu\/wp-json\/wp\/v2\/pages\/623","targetHints":{"allow":["GET"]}}],"collection":[{"href":"https:\/\/www.enviroscop.fr\/actu\/wp-json\/wp\/v2\/pages"}],"about":[{"href":"https:\/\/www.enviroscop.fr\/actu\/wp-json\/wp\/v2\/types\/page"}],"author":[{"embeddable":true,"href":"https:\/\/www.enviroscop.fr\/actu\/wp-json\/wp\/v2\/users\/1"}],"replies":[{"embeddable":true,"href":"https:\/\/www.enviroscop.fr\/actu\/wp-json\/wp\/v2\/comments?post=623"}],"version-history":[{"count":7,"href":"https:\/\/www.enviroscop.fr\/actu\/wp-json\/wp\/v2\/pages\/623\/revisions"}],"predecessor-version":[{"id":4832,"href":"https:\/\/www.enviroscop.fr\/actu\/wp-json\/wp\/v2\/pages\/623\/revisions\/4832"}],"up":[{"embeddable":true,"href":"https:\/\/www.enviroscop.fr\/actu\/wp-json\/wp\/v2\/pages\/618"}],"wp:attachment":[{"href":"https:\/\/www.enviroscop.fr\/actu\/wp-json\/wp\/v2\/media?parent=623"}],"curies":[{"name":"wp","href":"https:\/\/api.w.org\/{rel}","templated":true}]}}