{"id":625,"date":"2013-03-29T15:55:25","date_gmt":"2013-03-29T14:55:25","guid":{"rendered":"http:\/\/www.enviroscop.fr\/actu\/?page_id=625"},"modified":"2026-03-26T14:20:43","modified_gmt":"2026-03-26T13:20:43","slug":"scop","status":"publish","type":"page","link":"https:\/\/www.enviroscop.fr\/actu\/qui-sommes-nous\/notre-ethique\/scop\/","title":{"rendered":"enviroSCOP ?"},"content":{"rendered":"<p style=\"text-align: justify;\">Les SCOP (Soci\u00e9t\u00e9 COop\u00e9rative et Participative) sont des soci\u00e9t\u00e9s commerciales : elles rel\u00e8vent de la loi sur les soci\u00e9t\u00e9s ; elles choisissent d\u2019\u00eatre une soci\u00e9t\u00e9 \u00e0 responsabilit\u00e9 limit\u00e9e (SARL, ce qui est le cas d&rsquo;Enviroscop) ou une soci\u00e9t\u00e9 anonyme (SA). A cette base juridique viennent se greffer la loi sur les coop\u00e9ratives et les dispositions propres aux SCOP Ainsi, les SCOP pr\u00e9sentent quatre particularit\u00e9s essentielles :<\/p>\n<p style=\"text-align: justify;\"><b>La ma\u00eetrise de l\u2019entreprise par ses salari\u00e9s<\/b><br \/>\nLes salari\u00e9s sont majoritaires au capital : ils doivent d\u00e9tenir au moins 51 % du capital social et repr\u00e9senter au moins 65 % des actionnaires (dans le cas d\u2019une SA) ou des porteurs de parts (dans le cas d\u2019une SARL).<\/p>\n<p style=\"text-align: justify;\">Chez Enviroscop, <em>100 % du capital est d\u00e9tenu par ses salari\u00e9s<\/em> (9 associ\u00e9s-salari\u00e9s sur 9 coop\u00e9rateurs).<\/p>\n<p style=\"text-align: justify;\"><b>La valorisation du travail et de l\u2019entreprise plut\u00f4t que celle du capital et de ses d\u00e9tenteurs<\/b><br \/>\nLes \u00ab\u00a0r\u00e9serves\u00a0\u00bb sont impartageables. Ce qui signifie que les profits mis en r\u00e9serve sont destin\u00e9s \u00e0 demeurer propri\u00e9t\u00e9 du collectif des salari\u00e9s de l\u2019entreprise\u00a0: on n\u2019accumule pas pour augmenter la valeur d\u2019un capital, mais pour assurer la p\u00e9rennit\u00e9 d\u2019un outil de travail. Cons\u00e9quence\u00a0: un associ\u00e9 peut toucher des dividendes de son capital, mais ne peut en retirer aucune valorisation.<\/p>\n<p>Chez Enviroscop, <em>au moins 50 % du b\u00e9n\u00e9fice est mis en r\u00e9serve et vou\u00e9 \u00e0 \u00eatre r\u00e9investi dans le fonctionnement de l&rsquo;entreprise.<\/em><\/p>\n<p style=\"text-align: justify;\"><b>La variabilit\u00e9 du capital<\/b><br \/>\nLes nouveaux salari\u00e9s apportent progressivement leur part de capital \u00e0 l\u2019entreprise, ceux qui partent peuvent se faire rembourser. Dans une soci\u00e9t\u00e9 classique, les parts sociales ou actions peuvent se revendre, avec l\u2019espoir d\u2019une plus-value, mais non \u00eatre rembours\u00e9es.<\/p>\n<p style=\"text-align: justify;\">Chez Enviroscop, <em>chacun des associ\u00e9s d\u00e9tient le m\u00eame nombre de parts que tous les autres<\/em>.<\/p>\n<p style=\"text-align: justify;\"><b>Un poids \u00e9gal pour chaque associ\u00e9<\/b><br \/>\nComme dans toutes les coop\u00e9ratives, les votes se font sur la base \u00a0\u00bb une personne, une voix \u00ab\u00a0. Quel que soit le montant du capital d\u00e9tenu, le dernier embauch\u00e9 ou le plus petit salaire a autant de voix\u00a0(une), en assembl\u00e9e g\u00e9n\u00e9rale, que les fondateurs ou les cadres dirigeants.<\/p>\n<p>&nbsp;<\/p>\n<p style=\"text-align: justify;\">Si nous avons choisi ce statut, et notre m\u00e9tier, c&rsquo;est parce que nous souhaitons\u00a0:<\/p>\n<ul>\n<li style=\"text-align: justify;\">un travail qui promeut et r\u00e9pond \u00e0 nos crit\u00e8res de d\u00e9veloppement et \u00e0 notre \u00e9thique<\/li>\n<li style=\"text-align: justify;\">plus d\u2019autonomie et de libert\u00e9 dans notre travail : la possibilit\u00e9 de travailler dans d\u2019autres lieux que l\u2019entreprise, des horaires plus souples, une organisation plus autonome<\/li>\n<li style=\"text-align: justify;\">une hi\u00e9rarchie plus courte et une structure plus horizontale, o\u00f9 chacun puisse faire part de ses besoins, orientations professionnelles<\/li>\n<li style=\"text-align: justify;\">une meilleure conciliation vie priv\u00e9e\/vie professionnelle<\/li>\n<li style=\"text-align: justify;\">une reconnaissance de notre travail et une r\u00e9mun\u00e9ration \u00e0 la hauteur de notre engagement.<\/li>\n<\/ul>\n<p>Pour plus de renseignements, cliquez sur le logo :<\/p>\n<p><a href=\"https:\/\/www.les-scop.coop\/\" target=\"_blank\" rel=\"noopener noreferrer\"><img data-recalc-dims=\"1\" loading=\"lazy\" decoding=\"async\" data-attachment-id=\"3425\" data-permalink=\"https:\/\/www.enviroscop.fr\/actu\/qui-sommes-nous\/notre-ethique\/scop\/logoheader-2018\/\" data-orig-file=\"https:\/\/i0.wp.com\/www.enviroscop.fr\/actu\/wp-content\/uploads\/2019\/07\/LOGOHEADER-2018-e1563194753827.png?fit=120%2C70&amp;ssl=1\" data-orig-size=\"120,70\" data-comments-opened=\"1\" data-image-meta=\"{&quot;aperture&quot;:&quot;0&quot;,&quot;credit&quot;:&quot;&quot;,&quot;camera&quot;:&quot;&quot;,&quot;caption&quot;:&quot;&quot;,&quot;created_timestamp&quot;:&quot;0&quot;,&quot;copyright&quot;:&quot;&quot;,&quot;focal_length&quot;:&quot;0&quot;,&quot;iso&quot;:&quot;0&quot;,&quot;shutter_speed&quot;:&quot;0&quot;,&quot;title&quot;:&quot;&quot;,&quot;orientation&quot;:&quot;0&quot;}\" data-image-title=\"LOGOHEADER-2018\" data-image-description=\"\" data-image-caption=\"\" data-large-file=\"https:\/\/i0.wp.com\/www.enviroscop.fr\/actu\/wp-content\/uploads\/2019\/07\/LOGOHEADER-2018-e1563194753827.png?fit=120%2C70&amp;ssl=1\" class=\"aligncenter wp-image-3425 size-medium\" src=\"https:\/\/i0.wp.com\/www.enviroscop.fr\/actu\/wp-content\/uploads\/2019\/07\/LOGOHEADER-2018.png?resize=300%2C70&#038;ssl=1\" alt=\"Logo SCOP\" width=\"300\" height=\"70\" \/><\/a><\/p>\n","protected":false},"excerpt":{"rendered":"<p>Les SCOP (Soci\u00e9t\u00e9 COop\u00e9rative et Participative) sont des soci\u00e9t\u00e9s commerciales : elles rel\u00e8vent de la loi sur les soci\u00e9t\u00e9s ; elles choisissent d\u2019\u00eatre une soci\u00e9t\u00e9 \u00e0 responsabilit\u00e9 limit\u00e9e (SARL, ce qui est le cas d&rsquo;Enviroscop) ou une soci\u00e9t\u00e9 anonyme (SA). A cette base juridique viennent se greffer la loi sur les coop\u00e9ratives et les dispositions &hellip; <\/p>\n<p><a class=\"more-link btn\" href=\"https:\/\/www.enviroscop.fr\/actu\/qui-sommes-nous\/notre-ethique\/scop\/\">Lire la suite<\/a><\/p>\n","protected":false},"author":1,"featured_media":0,"parent":618,"menu_order":23,"comment_status":"closed","ping_status":"closed","template":"template-onecolumn.php","meta":{"jetpack_post_was_ever_published":false,"footnotes":""},"class_list":["post-625","page","type-page","status-publish","hentry","nodate","item-wrap"],"jetpack_shortlink":"https:\/\/wp.me\/P3rXAp-a5","jetpack_likes_enabled":true,"jetpack-related-posts":[{"id":620,"url":"https:\/\/www.enviroscop.fr\/actu\/qui-sommes-nous\/notre-ethique\/nos-engagements\/","url_meta":{"origin":625,"position":0},"title":"Nos engagements","author":"Enviroscop","date":"29 mars 2013","format":false,"excerpt":"Partenariat Disponibles et r\u00e9actifs,\u00a0 nous nous investissons dans vos projets comme s\u2019il s\u2019agissait des n\u00f4tres. En tant que\u00a0SCOP, tous nos salari\u00e9s ont int\u00e9r\u00eat \u00e0 la bonne r\u00e9ussite de l\u2019entreprise (actionnariat, participation) et des missions qui leurs sont confi\u00e9es. D\u00e9tenue \u00e0 100% par ses salari\u00e9s, Enviroscop est ind\u00e9pendante des grands groupes.\u2026","rel":"","context":"Article similaire","block_context":{"text":"Article similaire","link":""},"img":{"alt_text":"","src":"","width":0,"height":0},"classes":[]},{"id":535,"url":"https:\/\/www.enviroscop.fr\/actu\/telechargement\/conditions-generales\/","url_meta":{"origin":625,"position":1},"title":"Conditions g\u00e9n\u00e9rales","author":"Enviroscop","date":"29 mars 2013","format":false,"excerpt":"www.enviroscop.fr et actu.enviroscop.com sont deux sites \u00e9dit\u00e9s par Enviroscop : D\u00e9nomination sociale : Enviroscop RCS : ROUEN 498 711 290 SIRET 498 711 290 00045 Date d\u2019immatriculation : 26 juin 2007 Forme juridique : SCOP ARL Capital : variable Num\u00e9ro de TVA intra-communautaire : FR62498711290 Adresse du si\u00e8ge : 27\u2026","rel":"","context":"Article similaire","block_context":{"text":"Article similaire","link":""},"img":{"alt_text":"","src":"","width":0,"height":0},"classes":[]},{"id":618,"url":"https:\/\/www.enviroscop.fr\/actu\/qui-sommes-nous\/notre-ethique\/","url_meta":{"origin":625,"position":2},"title":"Notre \u00e9thique","author":"Enviroscop","date":"29 mars 2013","format":false,"excerpt":"Notre engagement \u00e9thique se concr\u00e9tise dans notre travail quotidien. Nous sommes convaincus qu'il est indispensable de mettre en coh\u00e9rence nos paroles et nos actes. Pour ce faire : - nos statuts sont ceux d'une\u00a0SCoP, (Soci\u00e9t\u00e9 Coop\u00e9rative et Participative) - nous prenons des\u00a0engagements\u00a0aupr\u00e8s de nos clients, - nous avons d\u00e9velopp\u00e9 notre\u2026","rel":"","context":"Article similaire","block_context":{"text":"Article similaire","link":""},"img":{"alt_text":"","src":"https:\/\/i0.wp.com\/www.enviroscop.fr\/actu\/wp-content\/uploads\/2013\/03\/Enercoop-N_1-300x191.png?resize=350%2C200","width":350,"height":200},"classes":[]},{"id":770,"url":"https:\/\/www.enviroscop.fr\/actu\/qui-sommes-nous\/lequipe\/","url_meta":{"origin":625,"position":3},"title":"L&rsquo;\u00e9quipe","author":"Enviroscop","date":"29 mars 2013","format":false,"excerpt":"Nos neuf profils compl\u00e9mentaires permettent \u00e0 Enviroscop d'\u00eatre au c\u0153ur des attentes des industriels, des pr\u00e9occupations des administrations et des besoins des collectivit\u00e9s. Nathalie BILLER Ing\u00e9nieure environnement et g\u00e9omatique, dipl\u00f4m\u00e9e en Gestion et Protection de la Nature (1996), Am\u00e9nagement Environnement (1998), et SIG-gestion de l\u2019espace (1999), Form\u00e9e \u00e0 la conduite\u2026","rel":"","context":"Article similaire","block_context":{"text":"Article similaire","link":""},"img":{"alt_text":"","src":"https:\/\/i0.wp.com\/www.enviroscop.fr\/actu\/wp-content\/uploads\/2019\/07\/recadrage1000-4.jpg?resize=350%2C200&ssl=1","width":350,"height":200,"srcset":"https:\/\/i0.wp.com\/www.enviroscop.fr\/actu\/wp-content\/uploads\/2019\/07\/recadrage1000-4.jpg?resize=350%2C200&ssl=1 1x, https:\/\/i0.wp.com\/www.enviroscop.fr\/actu\/wp-content\/uploads\/2019\/07\/recadrage1000-4.jpg?resize=525%2C300&ssl=1 1.5x, https:\/\/i0.wp.com\/www.enviroscop.fr\/actu\/wp-content\/uploads\/2019\/07\/recadrage1000-4.jpg?resize=700%2C400&ssl=1 2x"},"classes":[]},{"id":5104,"url":"https:\/\/www.enviroscop.fr\/actu\/mail-disclaimer\/","url_meta":{"origin":625,"position":4},"title":"Mail Disclaimer","author":"Enviroscop","date":"9 janvier 2023","format":false,"excerpt":"Toute information contenue dans cette lettre est confidentielle et est destin\u00e9e \u00e0 un usage individuel sp\u00e9cifique et est prot\u00e9g\u00e9e par la loi. Si vous n'\u00eates pas le destinataire pr\u00e9vu, vous devez supprimer ce message et \u00eates inform\u00e9 que toute divulgation, copie ou distribution de ce message est strictement interdite. Veuillez\u2026","rel":"","context":"Article similaire","block_context":{"text":"Article similaire","link":""},"img":{"alt_text":"E-mail - Ic\u00f4nes les communications gratuites","src":"https:\/\/i0.wp.com\/cdn-icons-png.flaticon.com\/512\/4245\/4245366.png?resize=350%2C200&ssl=1","width":350,"height":200},"classes":[]},{"id":3197,"url":"https:\/\/www.enviroscop.fr\/actu\/recrutement-2\/","url_meta":{"origin":625,"position":5},"title":"Recrutement","author":"Enviroscop","date":"6 d\u00e9cembre 2018","format":false,"excerpt":"Vous avez r\u00e9pondu \"OUI\" \u00e0 ces quatre questions ? Votre candidature part bien pour les \"softskills\" voyons maintenant votre profil... \u00a0 L'Environnement, ce n'est pas une sp\u00e9cialit\u00e9, mais des sp\u00e9cialit\u00e9s, alors, si vous \u00eates \"ing\u00e9nieur environnement\" avec un \"\u0153il diff\u00e9rent\" (paysage, nature, acoustique, p\u00e9dologie, hydrologie...) ou g\u00e9n\u00e9raliste, vous \u00eates sur\u2026","rel":"","context":"Article similaire","block_context":{"text":"Article similaire","link":""},"img":{"alt_text":"","src":"","width":0,"height":0},"classes":[]}],"jetpack_sharing_enabled":true,"_links":{"self":[{"href":"https:\/\/www.enviroscop.fr\/actu\/wp-json\/wp\/v2\/pages\/625","targetHints":{"allow":["GET"]}}],"collection":[{"href":"https:\/\/www.enviroscop.fr\/actu\/wp-json\/wp\/v2\/pages"}],"about":[{"href":"https:\/\/www.enviroscop.fr\/actu\/wp-json\/wp\/v2\/types\/page"}],"author":[{"embeddable":true,"href":"https:\/\/www.enviroscop.fr\/actu\/wp-json\/wp\/v2\/users\/1"}],"replies":[{"embeddable":true,"href":"https:\/\/www.enviroscop.fr\/actu\/wp-json\/wp\/v2\/comments?post=625"}],"version-history":[{"count":11,"href":"https:\/\/www.enviroscop.fr\/actu\/wp-json\/wp\/v2\/pages\/625\/revisions"}],"predecessor-version":[{"id":5719,"href":"https:\/\/www.enviroscop.fr\/actu\/wp-json\/wp\/v2\/pages\/625\/revisions\/5719"}],"up":[{"embeddable":true,"href":"https:\/\/www.enviroscop.fr\/actu\/wp-json\/wp\/v2\/pages\/618"}],"wp:attachment":[{"href":"https:\/\/www.enviroscop.fr\/actu\/wp-json\/wp\/v2\/media?parent=625"}],"curies":[{"name":"wp","href":"https:\/\/api.w.org\/{rel}","templated":true}]}}