{"id":627,"date":"2013-03-29T15:56:36","date_gmt":"2013-03-29T14:56:36","guid":{"rendered":"http:\/\/www.enviroscop.fr\/actu\/?page_id=627"},"modified":"2013-03-29T16:57:36","modified_gmt":"2013-03-29T15:57:36","slug":"telechargement","status":"publish","type":"page","link":"https:\/\/www.enviroscop.fr\/actu\/telechargement\/","title":{"rendered":"T\u00e9l\u00e9chargement"},"content":{"rendered":"","protected":false},"excerpt":{"rendered":"","protected":false},"author":1,"featured_media":0,"parent":0,"menu_order":29,"comment_status":"closed","ping_status":"closed","template":"template-onecolumn.php","meta":{"jetpack_post_was_ever_published":false,"footnotes":""},"class_list":["post-627","page","type-page","status-publish","hentry","nodate","item-wrap"],"jetpack_shortlink":"https:\/\/wp.me\/P3rXAp-a7","jetpack_likes_enabled":true,"jetpack-related-posts":[{"id":723,"url":"https:\/\/www.enviroscop.fr\/actu\/telechargement\/nos-documents\/","url_meta":{"origin":627,"position":0},"title":"Nos documents","author":"Enviroscop","date":"29 mars 2013","format":false,"excerpt":"Bienvenue sur la page de t\u00e9l\u00e9chargement, vous y trouverez nos documents de r\u00e9f\u00e9rence : CV de Nathalie\u00a0Biller CV d'Emilie Br\u00e9ant CV d'Elise Cassagnabere CV d'Yvonnick Holtzer CV de Blandine Letienne CV de Fanny Martinon CV de Thibaud Parmentier CV d'Etienne Peyras CV\u00a0de Philippe\u00a0Sauvajon Notre plaquette Certificat de compensation carbone (goodplanet.org)\u2026","rel":"","context":"Article similaire","block_context":{"text":"Article similaire","link":""},"img":{"alt_text":"","src":"","width":0,"height":0},"classes":[]},{"id":535,"url":"https:\/\/www.enviroscop.fr\/actu\/telechargement\/conditions-generales\/","url_meta":{"origin":627,"position":1},"title":"Conditions g\u00e9n\u00e9rales","author":"Enviroscop","date":"29 mars 2013","format":false,"excerpt":"www.enviroscop.fr et actu.enviroscop.com sont deux sites \u00e9dit\u00e9s par Enviroscop : D\u00e9nomination sociale : Enviroscop RCS : ROUEN 498 711 290 SIRET 498 711 290 00045 Date d\u2019immatriculation : 26 juin 2007 Forme juridique : SCOP ARL Capital : variable Num\u00e9ro de TVA intra-communautaire : FR62498711290 Adresse du si\u00e8ge : 27\u2026","rel":"","context":"Article similaire","block_context":{"text":"Article similaire","link":""},"img":{"alt_text":"","src":"","width":0,"height":0},"classes":[]}],"jetpack_sharing_enabled":true,"_links":{"self":[{"href":"https:\/\/www.enviroscop.fr\/actu\/wp-json\/wp\/v2\/pages\/627","targetHints":{"allow":["GET"]}}],"collection":[{"href":"https:\/\/www.enviroscop.fr\/actu\/wp-json\/wp\/v2\/pages"}],"about":[{"href":"https:\/\/www.enviroscop.fr\/actu\/wp-json\/wp\/v2\/types\/page"}],"author":[{"embeddable":true,"href":"https:\/\/www.enviroscop.fr\/actu\/wp-json\/wp\/v2\/users\/1"}],"replies":[{"embeddable":true,"href":"https:\/\/www.enviroscop.fr\/actu\/wp-json\/wp\/v2\/comments?post=627"}],"version-history":[{"count":0,"href":"https:\/\/www.enviroscop.fr\/actu\/wp-json\/wp\/v2\/pages\/627\/revisions"}],"wp:attachment":[{"href":"https:\/\/www.enviroscop.fr\/actu\/wp-json\/wp\/v2\/media?parent=627"}],"curies":[{"name":"wp","href":"https:\/\/api.w.org\/{rel}","templated":true}]}}