{"id":723,"date":"2013-03-29T16:49:04","date_gmt":"2013-03-29T15:49:04","guid":{"rendered":"http:\/\/www.enviroscop.fr\/actu\/?page_id=723"},"modified":"2026-03-24T06:55:04","modified_gmt":"2026-03-24T05:55:04","slug":"nos-documents","status":"publish","type":"page","link":"https:\/\/www.enviroscop.fr\/actu\/telechargement\/nos-documents\/","title":{"rendered":"Nos documents"},"content":{"rendered":"<p><strong>Bienvenue sur la page de t\u00e9l\u00e9chargement, vous y trouverez nos documents de r\u00e9f\u00e9rence :<\/strong><\/p>\n<ul>\n<li><a href=\"https:\/\/www.dropbox.com\/s\/hsiwrvl7dg6m8do\/NB2021.pdf?dl=0\" target=\"_blank\" rel=\"noopener noreferrer\"><strong>CV de Nathalie\u00a0Biller<\/strong><\/a><\/li>\n<li><a href=\"https:\/\/www.dropbox.com\/s\/yngl6qq95bzfgmv\/EB2021.pdf?dl=0\" target=\"_blank\" rel=\"noopener noreferrer\"><strong>CV d&rsquo;Emilie Br\u00e9ant<\/strong><\/a><\/li>\n<li><strong><a href=\"https:\/\/www.dropbox.com\/s\/c18iqjyy8te095g\/EC2021.pdf?dl=0\" target=\"_blank\" rel=\"noopener noreferrer\">CV d&rsquo;Elise Cassagnabere<\/a><\/strong><\/li>\n<li><strong><a href=\"https:\/\/www.dropbox.com\/s\/uvp73lxs3plln72\/YH2021.pdf?dl=0\" target=\"_blank\" rel=\"noopener noreferrer\">CV d&rsquo;Yvonnick Holtzer<\/a><\/strong><\/li>\n<li><strong><a href=\"https:\/\/www.dropbox.com\/s\/owxhdm69vquemt8\/BL2021.pdf?dl=0\" target=\"_blank\" rel=\"noopener noreferrer\">CV de Blandine Letienne<\/a><\/strong><\/li>\n<li><strong><a href=\"https:\/\/www.dropbox.com\/s\/ervn0lan0de5tw9\/FM2021.pdf?dl=0\" target=\"_blank\" rel=\"noopener noreferrer\">CV de Fanny Martinon<\/a><\/strong><\/li>\n<li><strong><a href=\"https:\/\/www.dropbox.com\/s\/tae75lzn67bqc9l\/CV_TP.jpg?dl=0\" target=\"_blank\" rel=\"noopener\">CV de Thibaud Parmentier<\/a><\/strong><\/li>\n<li><a href=\"https:\/\/www.dropbox.com\/s\/4ip3k1l83lkwb76\/EP2021.pdf?dl=0\" target=\"_blank\" rel=\"noopener noreferrer\"><strong>CV d&rsquo;Etienne Peyras<\/strong><\/a><\/li>\n<li><a href=\"https:\/\/www.dropbox.com\/s\/mfaxzl8tzn7ny9e\/PS2021.pdf?dl=0\" target=\"_blank\" rel=\"noopener noreferrer\"><strong>CV\u00a0de Philippe\u00a0Sauvajon<\/strong><\/a><\/li>\n<li><a href=\"https:\/\/www.dropbox.com\/s\/e44ji49g6vafvma\/plaquette2018lectureecran.pdf?dl=0\" target=\"_blank\" rel=\"noopener noreferrer\"><strong>Notre plaquette<\/strong><\/a><\/li>\n<li><a href=\"https:\/\/www.dropbox.com\/scl\/fi\/vvr4nv30qc3f62usswj5c\/CertificatCC2025.pdf?rlkey=9o30aoibbyau1r5p5hmmu9kh5&amp;st=82waf151&amp;dl=0\">Certificat de compensation carbone (goodplanet.org)<\/a><\/li>\n<li><a href=\"https:\/\/www.legifrance.gouv.fr\/download\/pdf?id=y9P_0i9TiRCvth7u55oKlOdwXvKM5MMdVWMyhNMVsEk=\" target=\"_blank\" rel=\"noopener\">Certificat d&rsquo;inscription \u00e0 la liste nationale des SCoP<\/a><\/li>\n<li><a href=\"https:\/\/www.dropbox.com\/s\/fpn5i7oo1p897op\/CharteBE.jpg?dl=0\" target=\"_blank\" rel=\"noopener noreferrer\">Charte nationale des bureaux d&rsquo;\u00e9tudes<\/a><\/li>\n<li><a href=\"http:\/\/www.enviroscop.fr\/download\/enviroscop\/microscop.pdf\" target=\"_blank\" rel=\"noopener noreferrer\">On parle de nous (Microscop)<\/a><\/li>\n<li><a href=\"https:\/\/www.dropbox.com\/s\/lbu4l7k3wlfkjbt\/Participer102020l.pdf?dl=0\" target=\"_blank\" rel=\"noopener noreferrer\">On nous cite (Participer)<\/a><\/li>\n<li><a href=\"http:\/\/www.insee.fr\/fr\/themes\/document.asp?reg_id=14&amp;ref_id=16725&amp;page=cahier_aval\/cava87\/mesure.htm\" target=\"_blank\" rel=\"noopener noreferrer\">On parle de nous (INSEE)<\/a><\/li>\n<li><a href=\"http:\/\/www.seineetbray.fr\/Presentation-du-diagnostic,1,0,138.html\" target=\"_blank\" rel=\"noopener noreferrer\">On parle de nous (PESB)<\/a><\/li>\n<li><a href=\"https:\/\/www.ecologique-solidaire.gouv.fr\/charte-dengagement-des-bureaux-detudes\" target=\"_blank\" rel=\"noopener noreferrer\">Annuaire des entreprises de G\u00e9nie Ecologique (Minist\u00e8re du D\u00e9veloppement Durable)<\/a><\/li>\n<\/ul>\n<p>Attention, tous les documents ne sont pas toujours en ligne (mise \u00e0 jour r\u00e9guli\u00e8re), merci de\u00a0<a href=\"http:\/\/www.enviroscop.fr\/nous-contacter.html\">nous contacter<\/a>\u00a0dans ce cas.<\/p>\n","protected":false},"excerpt":{"rendered":"<p>Bienvenue sur la page de t\u00e9l\u00e9chargement, vous y trouverez nos documents de r\u00e9f\u00e9rence : CV de Nathalie\u00a0Biller CV d&rsquo;Emilie Br\u00e9ant CV d&rsquo;Elise Cassagnabere CV d&rsquo;Yvonnick Holtzer CV de Blandine Letienne CV de Fanny Martinon CV de Thibaud Parmentier CV d&rsquo;Etienne Peyras CV\u00a0de Philippe\u00a0Sauvajon Notre plaquette Certificat de compensation carbone (goodplanet.org) Certificat d&rsquo;inscription \u00e0 la liste &hellip; <\/p>\n<p><a class=\"more-link btn\" href=\"https:\/\/www.enviroscop.fr\/actu\/telechargement\/nos-documents\/\">Lire la suite<\/a><\/p>\n","protected":false},"author":1,"featured_media":0,"parent":627,"menu_order":0,"comment_status":"closed","ping_status":"closed","template":"template-onecolumn.php","meta":{"jetpack_post_was_ever_published":false,"footnotes":""},"class_list":["post-723","page","type-page","status-publish","hentry","nodate","item-wrap"],"jetpack_shortlink":"https:\/\/wp.me\/P3rXAp-bF","jetpack_likes_enabled":true,"jetpack-related-posts":[{"id":3197,"url":"https:\/\/www.enviroscop.fr\/actu\/recrutement-2\/","url_meta":{"origin":723,"position":0},"title":"Recrutement","author":"Enviroscop","date":"6 d\u00e9cembre 2018","format":false,"excerpt":"Vous avez r\u00e9pondu \"OUI\" \u00e0 ces quatre questions ? Votre candidature part bien pour les \"softskills\" voyons maintenant votre profil... \u00a0 L'Environnement, ce n'est pas une sp\u00e9cialit\u00e9, mais des sp\u00e9cialit\u00e9s, alors, si vous \u00eates \"ing\u00e9nieur environnement\" avec un \"\u0153il diff\u00e9rent\" (paysage, nature, acoustique, p\u00e9dologie, hydrologie...) ou g\u00e9n\u00e9raliste, vous \u00eates sur\u2026","rel":"","context":"Article similaire","block_context":{"text":"Article similaire","link":""},"img":{"alt_text":"","src":"","width":0,"height":0},"classes":[]},{"id":770,"url":"https:\/\/www.enviroscop.fr\/actu\/qui-sommes-nous\/lequipe\/","url_meta":{"origin":723,"position":1},"title":"L&rsquo;\u00e9quipe","author":"Enviroscop","date":"29 mars 2013","format":false,"excerpt":"Nos neuf profils compl\u00e9mentaires permettent \u00e0 Enviroscop d'\u00eatre au c\u0153ur des attentes des industriels, des pr\u00e9occupations des administrations et des besoins des collectivit\u00e9s. Nathalie BILLER Ing\u00e9nieure environnement et g\u00e9omatique, dipl\u00f4m\u00e9e en Gestion et Protection de la Nature (1996), Am\u00e9nagement Environnement (1998), et SIG-gestion de l\u2019espace (1999), Form\u00e9e \u00e0 la conduite\u2026","rel":"","context":"Article similaire","block_context":{"text":"Article similaire","link":""},"img":{"alt_text":"","src":"https:\/\/i0.wp.com\/www.enviroscop.fr\/actu\/wp-content\/uploads\/2019\/07\/recadrage1000-4.jpg?resize=350%2C200&ssl=1","width":350,"height":200,"srcset":"https:\/\/i0.wp.com\/www.enviroscop.fr\/actu\/wp-content\/uploads\/2019\/07\/recadrage1000-4.jpg?resize=350%2C200&ssl=1 1x, https:\/\/i0.wp.com\/www.enviroscop.fr\/actu\/wp-content\/uploads\/2019\/07\/recadrage1000-4.jpg?resize=525%2C300&ssl=1 1.5x, https:\/\/i0.wp.com\/www.enviroscop.fr\/actu\/wp-content\/uploads\/2019\/07\/recadrage1000-4.jpg?resize=700%2C400&ssl=1 2x"},"classes":[]},{"id":620,"url":"https:\/\/www.enviroscop.fr\/actu\/qui-sommes-nous\/notre-ethique\/nos-engagements\/","url_meta":{"origin":723,"position":2},"title":"Nos engagements","author":"Enviroscop","date":"29 mars 2013","format":false,"excerpt":"Partenariat Disponibles et r\u00e9actifs,\u00a0 nous nous investissons dans vos projets comme s\u2019il s\u2019agissait des n\u00f4tres. En tant que\u00a0SCOP, tous nos salari\u00e9s ont int\u00e9r\u00eat \u00e0 la bonne r\u00e9ussite de l\u2019entreprise (actionnariat, participation) et des missions qui leurs sont confi\u00e9es. D\u00e9tenue \u00e0 100% par ses salari\u00e9s, Enviroscop est ind\u00e9pendante des grands groupes.\u2026","rel":"","context":"Article similaire","block_context":{"text":"Article similaire","link":""},"img":{"alt_text":"","src":"","width":0,"height":0},"classes":[]},{"id":547,"url":"https:\/\/www.enviroscop.fr\/actu\/nos-metiers\/nos-territoires\/","url_meta":{"origin":723,"position":3},"title":"Nos territoires d&rsquo;intervention","author":"Enviroscop","date":"29 mars 2013","format":false,"excerpt":"Nos agences nous permettent d'intervenir sur tout le territoire m\u00e9tropolitain, avec une pr\u00e9dilection pour le grand quart nord-ouest de la France : du r\u00e9gional, intercommunal au local, de la d\u00e9marche de planification au projet op\u00e9rationnel.","rel":"","context":"Article similaire","block_context":{"text":"Article similaire","link":""},"img":{"alt_text":"","src":"https:\/\/i0.wp.com\/www.enviroscop.fr\/actu\/wp-content\/uploads\/2026\/03\/carte.png?resize=350%2C200&ssl=1","width":350,"height":200,"srcset":"https:\/\/i0.wp.com\/www.enviroscop.fr\/actu\/wp-content\/uploads\/2026\/03\/carte.png?resize=350%2C200&ssl=1 1x, https:\/\/i0.wp.com\/www.enviroscop.fr\/actu\/wp-content\/uploads\/2026\/03\/carte.png?resize=525%2C300&ssl=1 1.5x, https:\/\/i0.wp.com\/www.enviroscop.fr\/actu\/wp-content\/uploads\/2026\/03\/carte.png?resize=700%2C400&ssl=1 2x"},"classes":[]},{"id":555,"url":"https:\/\/www.enviroscop.fr\/actu\/nos-metiers\/nos-prestations\/","url_meta":{"origin":723,"position":4},"title":"Nos prestations","author":"Enviroscop","date":"29 mars 2013","format":false,"excerpt":"L'ensemble de nos activit\u00e9s s'articule autour de cinq grands domaines interactifs : \u00c9valuation\u00a0environnementale\u00a0des projets, plans et programmes Int\u00e9gration environnementale Perspectives et territoires Bases de donn\u00e9es et Cartographie\u00a0g\u00e9or\u00e9f\u00e9renc\u00e9e des probl\u00e9matiques environnementales Concertation Nous assurons des formations (grand public, \u00e9lus, professionnels) sur ces diff\u00e9rents th\u00e8mes.","rel":"","context":"Article similaire","block_context":{"text":"Article similaire","link":""},"img":{"alt_text":"","src":"https:\/\/i0.wp.com\/www.enviroscop.fr\/mediapool\/57\/575115\/resources\/27852970.png?resize=350%2C200","width":350,"height":200},"classes":[]},{"id":545,"url":"https:\/\/www.enviroscop.fr\/actu\/nos-metiers\/nos-thematiques\/","url_meta":{"origin":723,"position":5},"title":"Nos th\u00e9matiques","author":"Enviroscop","date":"29 mars 2013","format":false,"excerpt":"Nous abordons, notamment au travers de l\u2019\u00e9valuation environnementale, tous les champs de l\u2019environnement et du d\u00e9veloppement durable : Cadre de vie, paysage, patrimoines, urbanisme Biodiversit\u00e9, milieux naturels, trames verte et bleue Ressources naturelles : granulats et roches massives, eau, air, gestion \u00e9conome des sols, \u00e9nergies renouvelables Eau & sols :\u2026","rel":"","context":"Article similaire","block_context":{"text":"Article similaire","link":""},"img":{"alt_text":"","src":"https:\/\/i0.wp.com\/www.enviroscop.fr\/mediapool\/57\/575115\/resources\/27879576.png?resize=350%2C200","width":350,"height":200},"classes":[]}],"jetpack_sharing_enabled":true,"_links":{"self":[{"href":"https:\/\/www.enviroscop.fr\/actu\/wp-json\/wp\/v2\/pages\/723","targetHints":{"allow":["GET"]}}],"collection":[{"href":"https:\/\/www.enviroscop.fr\/actu\/wp-json\/wp\/v2\/pages"}],"about":[{"href":"https:\/\/www.enviroscop.fr\/actu\/wp-json\/wp\/v2\/types\/page"}],"author":[{"embeddable":true,"href":"https:\/\/www.enviroscop.fr\/actu\/wp-json\/wp\/v2\/users\/1"}],"replies":[{"embeddable":true,"href":"https:\/\/www.enviroscop.fr\/actu\/wp-json\/wp\/v2\/comments?post=723"}],"version-history":[{"count":23,"href":"https:\/\/www.enviroscop.fr\/actu\/wp-json\/wp\/v2\/pages\/723\/revisions"}],"predecessor-version":[{"id":5691,"href":"https:\/\/www.enviroscop.fr\/actu\/wp-json\/wp\/v2\/pages\/723\/revisions\/5691"}],"up":[{"embeddable":true,"href":"https:\/\/www.enviroscop.fr\/actu\/wp-json\/wp\/v2\/pages\/627"}],"wp:attachment":[{"href":"https:\/\/www.enviroscop.fr\/actu\/wp-json\/wp\/v2\/media?parent=723"}],"curies":[{"name":"wp","href":"https:\/\/api.w.org\/{rel}","templated":true}]}}